{"id":5475,"date":"2024-06-14T19:41:42","date_gmt":"2024-06-14T17:41:42","guid":{"rendered":"https:\/\/macketi.com\/?post_type=product&#038;p=5475"},"modified":"2025-03-29T16:59:52","modified_gmt":"2025-03-29T15:59:52","slug":"nutriben-8-cereales-con-un-toque-de-miel-con-leche-adaptada","status":"publish","type":"product","link":"https:\/\/macketi.com\/en\/product\/nutriben-8-cereales-con-un-toque-de-miel-con-leche-adaptada\/","title":{"rendered":"Nutrib\u00e9n\u00ae 8 Cereales"},"content":{"rendered":"<p>Papilla Innova 8 cereales extra fibra<br \/>\nEsta papilla para beb\u00e9s a partir de 5 meses presenta un alto porcentaje de cereales, que son una importante fuente de energia y un alimento b\u00e1sico en la dieta infantil. Est\u00e1 compuesta por 8 cereales (trigo, cebada, arroz, avena, centeno, mijo y sorgo y ma\u00edz) que conforman el 96% de la f\u00f3rmula. Adem\u00e1s, tiene un alto contenido en fibra. Incluye 1 caja de 600 gramos de papilla Innova 8 cereales extra fibra. Desarrollada mediante hidr\u00f3lisis t\u00e9rmica, un proceso productivo natural y sin procesos qu\u00edmicos que conserva el sabor original de los cereales Los productos Nutrib\u00e9n son nacionales, elaborados en la planta de Madrid. Es una de las f\u00e1bricas de f\u00f3rmulas infantiles m\u00e1s modernas, que cuenta con la tecnolog\u00eda para garantizar los m\u00e1ximos est\u00e1ndares de calidad<br \/>\nPreparaci\u00f3n: Poner en un plato la cantidad de leche indicada en la tabla de dosificaci\u00f3n y a\u00f1adir en forma de lluvia la cantidad de cucharas de papilla indicada. Remover con un tenedor hasta obtener la papilla homog\u00e9nea. No a\u00f1adir sal ni azucar.<br \/>\nNUTRIB\u00c9N. MUCHO M\u00c1S QUE COMER BIEN.<br \/>\nSomos especialistas en alimentaci\u00f3n infantil desde hace m\u00e1s de 55 a\u00f1os. La visi\u00f3n es ser un referente de la alimentaci\u00f3n infantil a nivel internacional por la innovaci\u00f3n nutricional avalada por la comunidad de farmac\u00e9uticos y m\u00e9dicos. Por eso, sabemos que \u201ccomer bien\u201d es mucho m\u00e1s que un potito y una cuchara.<br \/>\nUna buena alimentaci\u00f3n de tu peque\u00f1o hoy, est\u00e1 definiendo su salud ma\u00f1ana, previni\u00e9ndolo de enfermedades, cada vez m\u00e1s habituales, como la obesidad infantil y fomentando en \u00e9l los buenos h\u00e1bitos, tan necesarios como ingerir los nutrientes adecuados.<br \/>\nLa misi\u00f3n es el compromiso con la salud y el desarrollo infantil, ofreciendo una gama de alimentos seguros y equilibrados, elaborados con los m\u00e1s exigentes est\u00e1ndares de calidad. Queremos darte la tranquilidad de saber que cuando conf\u00edas en los productos, les est\u00e1s dando una alimentaci\u00f3n completa y equilibrada.<\/p>\n<h3>Ingredientes<\/h3>\n<p>Ingredientes: Ingredientes a base de cereales 93% (harina (TRIGO, CEBADA, arroz, AVENA, CENTENO, mijo y sorgo), maltodextrina de ma\u00edz y almid\u00f3n de ma\u00edz), fructooligosac\u00e1ridos 3%, fibra vegetal 2,7%, minerales (calcio, f\u00f3sforo, magnesio, hierro y zinc), vitaminas (C, niacina, E, \u00e1cido pantot\u00e9nico, B1, B6, A, \u00e1cido f\u00f3lico, K1, biotina, D3), Bifidobacterium lactisy aroma (vainillina). Puede contener trazas de LECHE Y SOJA. CONTIENE GLUTEN.<\/p>\n<div class=\"a-row a-expander-container a-expander-extend-container\" data-a-expander-name=\"toggle_description\">\n<div class=\"a-expander-content a-expander-extend-content a-expander-content-expanded\" data-expanded=\"true\">\n<h3>direcci\u00f3n<\/h3>\n<p>a partir de 5 meses<\/p>\n<h3>Advertencia de seguridad<\/h3>\n<p>Almacenar en un sitio seco y oscuro.<\/p>\n<h3>Contenido de la caja<\/h3>\n<p>Nutrib\u00e9n Papillas Innova 600 gr.<\/p>\n<\/div>\n<\/div>","protected":false},"excerpt":{"rendered":"<p>Nuestros cereales con un toque de miel con leche adaptada aportan un perfecto equilibrio nutricional gracias a su exclusiva combinaci\u00f3n de\u00a0<b>8 cereales<\/b>,\u00a0<b>leche desnatada<\/b>\u00a0y un toque de\u00a0<b>miel<\/b>. Enriquecida con\u00a0<b>hierro<\/b>,\u00a0<b>calcio<\/b>,\u00a0<b>f\u00f3sforo<\/b>\u00a0y\u00a0<b>11 vitaminas<\/b>. \u00a1Perfecta para tu beb\u00e9 a partir de los 6 meses!<\/p>","protected":false},"featured_media":5476,"comment_status":"open","ping_status":"closed","template":"","meta":[],"product_brand":[],"product_cat":[280],"product_tag":[421],"class_list":{"0":"post-5475","1":"product","2":"type-product","3":"status-publish","4":"has-post-thumbnail","6":"product_cat-bebes","7":"product_tag-cereales","8":"thunk-woo-product-list","9":"th-shop-mania-woo-hover-","10":"open-single-product-tab-horizontal","11":"open-shadow-","12":"open-shadow-hover-","13":"th-shop-mania-single-product-content-left","15":"first","16":"instock","17":"downloadable","18":"taxable","19":"shipping-taxable","20":"purchasable","21":"product-type-simple"},"_links":{"self":[{"href":"https:\/\/macketi.com\/en\/wp-json\/wp\/v2\/product\/5475","targetHints":{"allow":["GET"]}}],"collection":[{"href":"https:\/\/macketi.com\/en\/wp-json\/wp\/v2\/product"}],"about":[{"href":"https:\/\/macketi.com\/en\/wp-json\/wp\/v2\/types\/product"}],"replies":[{"embeddable":true,"href":"https:\/\/macketi.com\/en\/wp-json\/wp\/v2\/comments?post=5475"}],"wp:featuredmedia":[{"embeddable":true,"href":"https:\/\/macketi.com\/en\/wp-json\/wp\/v2\/media\/5476"}],"wp:attachment":[{"href":"https:\/\/macketi.com\/en\/wp-json\/wp\/v2\/media?parent=5475"}],"wp:term":[{"taxonomy":"product_brand","embeddable":true,"href":"https:\/\/macketi.com\/en\/wp-json\/wp\/v2\/product_brand?post=5475"},{"taxonomy":"product_cat","embeddable":true,"href":"https:\/\/macketi.com\/en\/wp-json\/wp\/v2\/product_cat?post=5475"},{"taxonomy":"product_tag","embeddable":true,"href":"https:\/\/macketi.com\/en\/wp-json\/wp\/v2\/product_tag?post=5475"}],"curies":[{"name":"wp","href":"https:\/\/api.w.org\/{rel}","templated":true}]}}