{"id":5473,"date":"2024-06-14T19:36:43","date_gmt":"2024-06-14T17:36:43","guid":{"rendered":"https:\/\/macketi.com\/?post_type=product&#038;p=5473"},"modified":"2025-03-29T16:59:52","modified_gmt":"2025-03-29T15:59:52","slug":"papilla-nutriben-instantanea-de-cereales","status":"publish","type":"product","link":"https:\/\/macketi.com\/en\/product\/papilla-nutriben-instantanea-de-cereales\/","title":{"rendered":"Papilla instant\u00e1nea de cereales"},"content":{"rendered":"<p>Papilla 10 cereales<br \/>\nEsta papilla para beb\u00e9s desde los 6 meses supone una importante fuente de energia y por eso son un alimento b\u00e1sico en la dieta infantil. Es la sola papilla de cereales del mercado con 10 cereales: trigo, cebada, espelta, triticale, arroz, avena, centeno, mijo, sorgo y ma\u00edz, que suponen el 99% de la f\u00f3rmula Incluye 6 cajas de 600 gramos de papilla 10 cereales. Desarrollada mediante hidr\u00f3lisis t\u00e9rmica, un proceso productivo natural y sin procesos qu\u00edmicos que conserva el sabor original de los cereales. Los productos Nutrib\u00e9n son nacionales, elaborados en la planta de Madrid. Es una de las f\u00e1bricas de f\u00f3rmulas infantiles m\u00e1s modernas, que cuenta con la tecnolog\u00eda para garantizar los m\u00e1ximos est\u00e1ndares de calidad.<br \/>\nPreparaci\u00f3n: Poner en un plato la cantidad de leche indicada en la tabla de dosificaci\u00f3n y a\u00f1adir en forma de lluvia la cantidad de cucharas de papilla indicada. Remover con un tenedor hasta obtener la papilla homog\u00e9nea. No a\u00f1adir sal ni azucar.<br \/>\nNUTRIB\u00c9N. MUCHO M\u00c1S QUE COMER BIEN.<br \/>\nSomos especialistas en alimentaci\u00f3n infantil desde hace m\u00e1s de 55 a\u00f1os. La visi\u00f3n es ser un referente de la alimentaci\u00f3n infantil a nivel internacional por la innovaci\u00f3n nutricional avalada por la comunidad de farmac\u00e9uticos y m\u00e9dicos. Por eso, sabemos que \u201ccomer bien\u201d es mucho m\u00e1s que un potito y una cuchara.<br \/>\nUna buena alimentaci\u00f3n de tu peque\u00f1o hoy, est\u00e1 definiendo su salud ma\u00f1ana, previni\u00e9ndolo de enfermedades, cada vez m\u00e1s habituales, como la obesidad infantil y fomentando en \u00e9l los buenos h\u00e1bitos, tan necesarios como ingerir los nutrientes adecuados.<br \/>\nLa misi\u00f3n es el compromiso con la salud y el desarrollo infantil, ofreciendo una gama de alimentos seguros y equilibrados, elaborados con los m\u00e1s exigentes est\u00e1ndares de calidad. Queremos darte la tranquilidad de saber que cuando conf\u00edas en los productos, les est\u00e1s dando una alimentaci\u00f3n completa y equilibrada.<\/p>\n<h3>Ingredientes<\/h3>\n<p>Ingredientes a base de cereales 99% (harina (TRIGO, CEBADA, ESPELTA, TRITICALE, arroz, AVENA, CENTENO, mijo y sorgo), maltodextrina de ma\u00edz y almid\u00f3n de ma\u00edz), minerales (calcio y f\u00f3sforo), vitaminas (C, niacina, E, \u00e1cido pantot\u00e9nico, B1, B6, A, \u00e1cido f\u00f3lico, K1, biotina y D3) y aroma (vainillina). PUEDE CONTENER TRAZAS DE LECHE Y SOJA.<\/p>\n<div class=\"a-row a-expander-container a-expander-extend-container\" data-a-expander-name=\"toggle_description\">\n<div class=\"a-expander-content a-expander-extend-content a-expander-content-expanded\" data-expanded=\"true\">\n<h3>direcci\u00f3n<\/h3>\n<p>Revisar deteninadamente las instrucciones de preparacion destacadas en el envase o en la ficha tecnica del producto.<\/p>\n<h3>Advertencia de seguridad<\/h3>\n<p>Desde los 6 meses<\/p>\n<h3>Contenido de la caja<\/h3>\n<p>Est\u00e1n elaborados para alimentar a tu beb\u00e9 dentro de una dieta variada siguiendo las recomendaciones de la ESPGHAN y siendo sometidos a m\u00e1s de 1.000 controles de calidad.<\/p>\n<\/div>\n<\/div>","protected":false},"excerpt":{"rendered":"<p>Es la \u00fanica\u00a0papilla de cereales\u00a0del mercado con 10 cereales: trigo, cebada, espelta, triticale, arroz, avena, centeno, mijo, sorgo y ma\u00edz, que suponen el 99% de la f\u00f3rmula. Tu bebe podr\u00e1 empezar a tomarla a partir de los 6 meses.<\/p>","protected":false},"featured_media":5474,"comment_status":"open","ping_status":"closed","template":"","meta":[],"product_brand":[],"product_cat":[280],"product_tag":[422],"class_list":{"0":"post-5473","1":"product","2":"type-product","3":"status-publish","4":"has-post-thumbnail","6":"product_cat-bebes","7":"product_tag-papilla-instantanea","8":"thunk-woo-product-list","9":"th-shop-mania-woo-hover-","10":"open-single-product-tab-horizontal","11":"open-shadow-","12":"open-shadow-hover-","13":"th-shop-mania-single-product-content-left","15":"first","16":"instock","17":"downloadable","18":"taxable","19":"shipping-taxable","20":"purchasable","21":"product-type-simple"},"_links":{"self":[{"href":"https:\/\/macketi.com\/en\/wp-json\/wp\/v2\/product\/5473","targetHints":{"allow":["GET"]}}],"collection":[{"href":"https:\/\/macketi.com\/en\/wp-json\/wp\/v2\/product"}],"about":[{"href":"https:\/\/macketi.com\/en\/wp-json\/wp\/v2\/types\/product"}],"replies":[{"embeddable":true,"href":"https:\/\/macketi.com\/en\/wp-json\/wp\/v2\/comments?post=5473"}],"wp:featuredmedia":[{"embeddable":true,"href":"https:\/\/macketi.com\/en\/wp-json\/wp\/v2\/media\/5474"}],"wp:attachment":[{"href":"https:\/\/macketi.com\/en\/wp-json\/wp\/v2\/media?parent=5473"}],"wp:term":[{"taxonomy":"product_brand","embeddable":true,"href":"https:\/\/macketi.com\/en\/wp-json\/wp\/v2\/product_brand?post=5473"},{"taxonomy":"product_cat","embeddable":true,"href":"https:\/\/macketi.com\/en\/wp-json\/wp\/v2\/product_cat?post=5473"},{"taxonomy":"product_tag","embeddable":true,"href":"https:\/\/macketi.com\/en\/wp-json\/wp\/v2\/product_tag?post=5473"}],"curies":[{"name":"wp","href":"https:\/\/api.w.org\/{rel}","templated":true}]}}