{"id":5467,"date":"2024-06-14T19:25:54","date_gmt":"2024-06-14T17:25:54","guid":{"rendered":"https:\/\/macketi.com\/?post_type=product&#038;p=5467"},"modified":"2026-03-25T18:16:03","modified_gmt":"2026-03-25T17:16:03","slug":"leche-nutriben-continuacion","status":"publish","type":"product","link":"https:\/\/macketi.com\/en\/product\/leche-nutriben-continuacion\/","title":{"rendered":"Leche Nutrib\u00e9n CONTINUACI\u00d3N"},"content":{"rendered":"<p>Nutrib\u00e9n Leche de Continuaci\u00f3n Proalfa 2<br \/>\nF\u00f3rmula de etapa 2 para lactantes desde los 6 meses hasta los 12 meses. Formato de 800g. Est\u00e1 enriquecida con la prote\u00edna alfa-lactoalb\u00famina, que es mayoritaria de la leche materna y previene la sobrecarga renal y hierro que favorece el desarrollo cognitivo y la formaci\u00f3n de hemoglobina y gl\u00f3bulos rojos. Contribuye al desarrollo cerebral y del sistema nervioso gracias al \u00e1cido \u03b1-linol\u00e9nico. Tambi\u00e9n contiene vitamina A y D que ayudan al normal funcionamiento del sistema inmune. Los productos Nutrib\u00e9n son nacionales, elaborados en la planta de Madrid. Es una de las f\u00e1bricas de f\u00f3rmulas infantiles m\u00e1s modernas, que cuenta con la tecnolog\u00eda para garantizar los m\u00e1ximos est\u00e1ndares de calidad.<br \/>\nNutrib\u00e9n . Mucho m\u00e1s que comer bien.<br \/>\nSomos especialistas en alimentaci\u00f3n infantil desde hace m\u00e1s de 55 a\u00f1os. La visi\u00f3n es ser un referente de la alimentaci\u00f3n infantil a nivel internacional por la innovaci\u00f3n nutricional avalada por la comunidad de farmac\u00e9uticos y m\u00e9dicos. Por eso, sabemos que \u201ccomer bien\u201d es mucho m\u00e1s que un potito y una cuchara.<br \/>\nUna buena alimentaci\u00f3n de tu peque\u00f1o hoy, est\u00e1 definiendo su salud ma\u00f1ana, previni\u00e9ndolo de enfermedades, cada vez m\u00e1s habituales, como la obesidad infantil y fomentando en \u00e9l los buenos h\u00e1bitos, tan necesarios como ingerir los nutrientes adecuados.<br \/>\nLa misi\u00f3n es el compromiso con la salud y el desarrollo infantil, ofreciendo una gama de alimentos seguros y equilibrados, elaborados con los m\u00e1s exigentes est\u00e1ndares de calidad. Queremos darte la tranquilidad de saber que cuando conf\u00edas en los productos, les est\u00e1s dando una alimentaci\u00f3n completa y equilibrada.<\/p>\n<h3>Ingredientes<\/h3>\n<p>LACTOSA, maltodextrina, aceites vegetales (aceite de girasol, aceite de nabina, aceite de coco), leche desnatada, grasa L\u00c1CTEA, GALACTOOLIGOSAC\u00c1RIDOS, concentrado de prote\u00ednas de suero de LECHE y concentrado de prote\u00ednas de suero de LECHE enriquecido en alfa-lactoalb\u00famina, minerales (fosfato c\u00e1lcico, fosfato pot\u00e1sico, citrato s\u00f3dico, cloruro c\u00e1lcico, hidr\u00f3xido c\u00e1lcico, citrato magn\u00e9sico, sulfato ferroso, sulfato de zinc, sulfato c\u00faprico, sulfato de manganeso, yoduro pot\u00e1sico y selenito s\u00f3dico), aceite de PESCADO (DHA) (0,6%), aceite de Mortierella alpina (AA), L-tirosina, cloruro de colina, vitaminas (\u00e1cido L-asc\u00f3rbico, acetato de DL-tocoferol, nicotinamida, D-pantotenato c\u00e1lcico, clorhidrato de tiamina, riboflavina, acetato de retinol, clorhidrato de piridoxina, \u00e1cido f\u00f3lico, filoquinona, colecalciferol, D-biotina y cianocobalamina), taurina, emulgente (lecitina de girasol), nucle\u00f3tidos(5\u2019-monofosfato de citidina, 5\u2019-monofosfato de uridina dis\u00f3dica, 5\u2019-monofosfato de adenosina, 5\u2019-monofosfato de guanosina dis\u00f3dica y 5\u2019- monofosfato de inosina dis\u00f3dica) y L-carnitina. Puede contener trazas de SOJA.<\/p>\n<div class=\"a-row a-expander-container a-expander-extend-container\" data-a-expander-name=\"toggle_description\">\n<div class=\"a-expander-content a-expander-extend-content a-expander-content-expanded\" data-expanded=\"true\">\n<h3>direcci\u00f3n<\/h3>\n<p>Consumir preferentenemnte antes del fin de la fecha indicada en la base. Acerca de la cantidad de producto a dosificar en la toma del beb\u00e9, consultar el cuadro de dosificaci\u00f3n especificado en la etiqueta del producto<\/p>\n<h3>Advertencia de seguridad<\/h3>\n<p>Cons\u00e9rvese el envase sin abrir en un lugar fresco y seco. Una vez abierto, ci\u00e9rrese bien con la tapa de pl\u00e1stico y cons\u00e9rvese en un lugar fresco y seco. Despu\u00e9s de abierto, debe usarse en un plazo m\u00e1ximo de un mes. Envasado en atm\u00f3sfera protectora.<\/p>\n<h3>Contenido de la caja<\/h3>\n<p>Bote con leche infantil en polvo<\/p>\n<\/div>\n<\/div>","protected":false},"excerpt":{"rendered":"<p>Elaborada para alimentar a tu beb\u00e9 desde los 6 hasta los 12 meses.<\/p>","protected":false},"featured_media":5468,"comment_status":"open","ping_status":"closed","template":"","meta":[],"product_brand":[],"product_cat":[280],"product_tag":[423],"class_list":{"0":"post-5467","1":"product","2":"type-product","3":"status-publish","4":"has-post-thumbnail","6":"product_cat-bebes","7":"product_tag-leche-infantil","8":"thunk-woo-product-list","9":"th-shop-mania-woo-hover-","10":"open-single-product-tab-horizontal","11":"open-shadow-","12":"open-shadow-hover-","13":"th-shop-mania-single-product-content-left","15":"first","16":"instock","17":"downloadable","18":"taxable","19":"shipping-taxable","20":"purchasable","21":"product-type-simple"},"_links":{"self":[{"href":"https:\/\/macketi.com\/en\/wp-json\/wp\/v2\/product\/5467","targetHints":{"allow":["GET"]}}],"collection":[{"href":"https:\/\/macketi.com\/en\/wp-json\/wp\/v2\/product"}],"about":[{"href":"https:\/\/macketi.com\/en\/wp-json\/wp\/v2\/types\/product"}],"replies":[{"embeddable":true,"href":"https:\/\/macketi.com\/en\/wp-json\/wp\/v2\/comments?post=5467"}],"wp:featuredmedia":[{"embeddable":true,"href":"https:\/\/macketi.com\/en\/wp-json\/wp\/v2\/media\/5468"}],"wp:attachment":[{"href":"https:\/\/macketi.com\/en\/wp-json\/wp\/v2\/media?parent=5467"}],"wp:term":[{"taxonomy":"product_brand","embeddable":true,"href":"https:\/\/macketi.com\/en\/wp-json\/wp\/v2\/product_brand?post=5467"},{"taxonomy":"product_cat","embeddable":true,"href":"https:\/\/macketi.com\/en\/wp-json\/wp\/v2\/product_cat?post=5467"},{"taxonomy":"product_tag","embeddable":true,"href":"https:\/\/macketi.com\/en\/wp-json\/wp\/v2\/product_tag?post=5467"}],"curies":[{"name":"wp","href":"https:\/\/api.w.org\/{rel}","templated":true}]}}