{"id":5456,"date":"2024-06-14T18:42:05","date_gmt":"2024-06-14T16:42:05","guid":{"rendered":"https:\/\/macketi.com\/?post_type=product&#038;p=5456"},"modified":"2025-03-29T16:59:52","modified_gmt":"2025-03-29T15:59:52","slug":"paquete-de-panales-para-bebe-joyful-talla-2-grande","status":"publish","type":"product","link":"https:\/\/macketi.com\/en\/product\/paquete-de-panales-para-bebe-joyful-talla-2-grande\/","title":{"rendered":"Paquete de pa\u00f1ales para beb\u00e9 Joyful &#8211; talla 2 &#8211; Grande"},"content":{"rendered":"<p><span class=\"a-list-item\">* Cintas laterales flexibles: est\u00e1n dise\u00f1adas para que tu beb\u00e9 pueda mantenerse activo, con cintas laterales flexibles que les permiten moverse mientras los pa\u00f1ales se mantienen c\u00f3modos y seguros sin fugas.<\/span><\/p>\n<p><span class=\"a-list-item\">* Capa ultra absorbente: la capa ultra absorbente garantiza que el agua se absorba en cuesti\u00f3n de segundos. Esto mantiene a tu beb\u00e9 seco y feliz, lo que le permite continuar con sus actividades habituales sin molestias por su pa\u00f1al.<\/span><\/p>\n<p><span class=\"a-list-item\">* Distribuci\u00f3n uniforme: distribuye uniformemente la humedad dentro del pa\u00f1al en cuesti\u00f3n de segundos<\/span><\/p>\n<p><span class=\"a-list-item\">* C\u00f3modos: todos nuestros pa\u00f1ales Joyful se producen pensando en tus beb\u00e9s; manteni\u00e9ndolos felices con una sonrisa en su cara. Son s\u00faper suaves y absorbentes para mayor comodidad durante todo el d\u00eda y la noche.<\/span><\/p>","protected":false},"excerpt":{"rendered":"<table class=\"a-normal a-spacing-micro\">\n<tbody>\n<tr class=\"a-spacing-small po-brand\">\n<td class=\"a-span3\"><span class=\"a-size-base a-text-bold\">Marca<\/span><\/td>\n<td class=\"a-span9\"><span class=\"a-size-base po-break-word\">Joyful<\/span><\/td>\n<\/tr>\n<tr class=\"a-spacing-small po-number_of_items\">\n<td class=\"a-span3\"><span class=\"a-size-base a-text-bold\">N\u00famero de productos<\/span><\/td>\n<td class=\"a-span9\"><span class=\"a-size-base po-break-word\">76<\/span><\/td>\n<\/tr>\n<tr class=\"a-spacing-small po-color\">\n<td class=\"a-span3\"><span class=\"a-size-base a-text-bold\">Color<\/span><\/td>\n<td class=\"a-span9\"><span class=\"a-size-base po-break-word\">Blanco\/Azul<\/span><\/td>\n<\/tr>\n<tr class=\"a-spacing-small po-incontinence_protector_type\">\n<td class=\"a-span3\"><span class=\"a-size-base a-text-bold\">Tipo de protector de incontinencia<\/span><\/td>\n<td class=\"a-span9\"><span class=\"a-size-base po-break-word\">Pa\u00f1al para ni\u00f1os<\/span><\/td>\n<\/tr>\n<tr class=\"a-spacing-small po-age_range_description\">\n<td class=\"a-span3\"><span class=\"a-size-base a-text-bold\">Rango de edad (descripci\u00f3n)<\/span><\/td>\n<td class=\"a-span9\"><span class=\"a-size-base po-break-word\">Beb\u00e9<\/span><\/td>\n<\/tr>\n<tr class=\"a-spacing-small po-size\">\n<td class=\"a-span3\"><span class=\"a-size-base a-text-bold\">Tama\u00f1o<\/span><\/td>\n<td class=\"a-span9\"><span class=\"a-size-base po-break-word\">talla 2<\/span><\/td>\n<\/tr>\n<tr class=\"a-spacing-small po-unit_count\">\n<td class=\"a-span3\"><span class=\"a-size-base a-text-bold\">Recuento de unidades<\/span><\/td>\n<td class=\"a-span9\"><span class=\"a-size-base po-break-word\">76 unidad<\/span><\/td>\n<\/tr>\n<tr class=\"a-spacing-small po-pattern\">\n<td class=\"a-span3\"><span class=\"a-size-base a-text-bold\">Patr\u00f3n<\/span><\/td>\n<td class=\"a-span9\"><span class=\"a-size-base po-break-word\">S\u00f3lido<\/span><\/td>\n<\/tr>\n<tr class=\"a-spacing-small po-recommended_uses_for_product\">\n<td class=\"a-span3\"><span class=\"a-size-base a-text-bold\">Usos recomendados para el producto<\/span><\/td>\n<td class=\"a-span9\"><span class=\"a-size-base po-break-word\">Baby Diapers<\/span><\/td>\n<\/tr>\n<tr class=\"a-spacing-small po-target_audience\">\n<td class=\"a-span3\"><span class=\"a-size-base a-text-bold\">Audiencia destinataria<\/span><\/td>\n<td class=\"a-span9\"><span class=\"a-size-base po-break-word\">Unisex-beb\u00e9s<\/span><\/td>\n<\/tr>\n<\/tbody>\n<\/table>","protected":false},"featured_media":5457,"comment_status":"open","ping_status":"closed","template":"","meta":[],"product_brand":[],"product_cat":[280],"product_tag":[388],"class_list":{"0":"post-5456","1":"product","2":"type-product","3":"status-publish","4":"has-post-thumbnail","6":"product_cat-bebes","7":"product_tag-panales","8":"thunk-woo-product-list","9":"th-shop-mania-woo-hover-","10":"open-single-product-tab-horizontal","11":"open-shadow-","12":"open-shadow-hover-","13":"th-shop-mania-single-product-content-left","15":"first","16":"instock","17":"downloadable","18":"taxable","19":"shipping-taxable","20":"purchasable","21":"product-type-simple"},"_links":{"self":[{"href":"https:\/\/macketi.com\/en\/wp-json\/wp\/v2\/product\/5456","targetHints":{"allow":["GET"]}}],"collection":[{"href":"https:\/\/macketi.com\/en\/wp-json\/wp\/v2\/product"}],"about":[{"href":"https:\/\/macketi.com\/en\/wp-json\/wp\/v2\/types\/product"}],"replies":[{"embeddable":true,"href":"https:\/\/macketi.com\/en\/wp-json\/wp\/v2\/comments?post=5456"}],"wp:featuredmedia":[{"embeddable":true,"href":"https:\/\/macketi.com\/en\/wp-json\/wp\/v2\/media\/5457"}],"wp:attachment":[{"href":"https:\/\/macketi.com\/en\/wp-json\/wp\/v2\/media?parent=5456"}],"wp:term":[{"taxonomy":"product_brand","embeddable":true,"href":"https:\/\/macketi.com\/en\/wp-json\/wp\/v2\/product_brand?post=5456"},{"taxonomy":"product_cat","embeddable":true,"href":"https:\/\/macketi.com\/en\/wp-json\/wp\/v2\/product_cat?post=5456"},{"taxonomy":"product_tag","embeddable":true,"href":"https:\/\/macketi.com\/en\/wp-json\/wp\/v2\/product_tag?post=5456"}],"curies":[{"name":"wp","href":"https:\/\/api.w.org\/{rel}","templated":true}]}}