{"id":5454,"date":"2024-06-14T18:37:58","date_gmt":"2024-06-14T16:37:58","guid":{"rendered":"https:\/\/macketi.com\/?post_type=product&#038;p=5454"},"modified":"2025-03-29T16:59:52","modified_gmt":"2025-03-29T15:59:52","slug":"paquete-de-panales-para-bebe-chelino-talla-6","status":"publish","type":"product","link":"https:\/\/macketi.com\/en\/product\/paquete-de-panales-para-bebe-chelino-talla-6\/","title":{"rendered":"Paquete de pa\u00f1ales para beb\u00e9 Chelino &#8211; talla 6"},"content":{"rendered":"<p><span class=\"a-list-item\">*Cobertura exterior transpirable y completamente decorada con apariencia textil. Siendo el primer pa\u00f1al completamente decorado<\/span><\/p>\n<p><span class=\"a-list-item\">*Cobertura de tejido sin tejer suave, hipoalerg\u00e9nica y altamente resistente en contacto con la piel del beb\u00e9<\/span><\/p>\n<p><span class=\"a-list-item\">*L\u00e1mina de adquisici\u00f3n-difusi\u00f3n que cubre el n\u00facleo, aumenta la velocidad de absorci\u00f3n y facilita la difusi\u00f3n a lo largo de todo el pa\u00f1al<\/span><\/p>\n<p><span class=\"a-list-item\">*Doble n\u00facleo de absorci\u00f3n reforzada de pasta de celulosa mezclada con superabsorbente<\/span><\/p>\n<p><span class=\"a-list-item\">*Sistema de doble barrera antiescapes a ambos lados del pa\u00f1al, manteniendo seco al beb\u00e9<\/span><\/p>","protected":false},"excerpt":{"rendered":"<table class=\"a-normal a-spacing-micro\">\n<tbody>\n<tr class=\"a-spacing-small po-brand\">\n<td class=\"a-span3\"><span class=\"a-size-base a-text-bold\">Marca<\/span><\/td>\n<td class=\"a-span9\"><span class=\"a-size-base po-break-word\">Chelino<\/span><\/td>\n<\/tr>\n<tr class=\"a-spacing-small po-number_of_items\">\n<td class=\"a-span3\"><span class=\"a-size-base a-text-bold\">N\u00famero de productos<\/span><\/td>\n<td class=\"a-span9\"><span class=\"a-size-base po-break-word\">6<\/span><\/td>\n<\/tr>\n<tr class=\"a-spacing-small po-color\">\n<td class=\"a-span3\"><span class=\"a-size-base a-text-bold\">Color<\/span><\/td>\n<td class=\"a-span9\"><span class=\"a-size-base po-break-word\">Blanco<\/span><\/td>\n<\/tr>\n<tr class=\"a-spacing-small po-incontinence_protector_type\">\n<td class=\"a-span3\"><span class=\"a-size-base a-text-bold\">Tipo de protector de incontinencia<\/span><\/td>\n<td class=\"a-span9\"><span class=\"a-size-base po-break-word\">Pa\u00f1al para ni\u00f1os<\/span><\/td>\n<\/tr>\n<tr class=\"a-spacing-small po-age_range_description\">\n<td class=\"a-span3\"><span class=\"a-size-base a-text-bold\">Rango de edad (descripci\u00f3n)<\/span><\/td>\n<td class=\"a-span9\"><span class=\"a-size-base po-break-word\">Beb\u00e9<\/span><\/td>\n<\/tr>\n<tr class=\"a-spacing-small po-size\">\n<td class=\"a-span3\"><span class=\"a-size-base a-text-bold\">Tama\u00f1o<\/span><\/td>\n<td class=\"a-span9\"><span class=\"a-size-base po-break-word\">Talla 6 (Paquete de 162)<\/span><\/td>\n<\/tr>\n<tr class=\"a-spacing-small po-unit_count\">\n<td class=\"a-span3\"><span class=\"a-size-base a-text-bold\">Recuento de unidades<\/span><\/td>\n<td class=\"a-span9\"><span class=\"a-size-base po-break-word\">162 unidad<\/span><\/td>\n<\/tr>\n<tr class=\"a-spacing-small po-recommended_uses_for_product\">\n<td class=\"a-span3\"><span class=\"a-size-base a-text-bold\">Usos recomendados para el producto<\/span><\/td>\n<td class=\"a-span9\"><span class=\"a-size-base po-break-word\">Barrera Antiescapes<\/span><\/td>\n<\/tr>\n<tr class=\"a-spacing-small po-target_audience\">\n<td class=\"a-span3\"><span class=\"a-size-base a-text-bold\">Audiencia destinataria<\/span><\/td>\n<td class=\"a-span9\"><span class=\"a-size-base po-break-word\">Ni\u00f1os<\/span><\/td>\n<\/tr>\n<tr class=\"a-spacing-small po-item_dimensions\">\n<td class=\"a-span3\"><span class=\"a-size-base a-text-bold\">Dimensiones del producto: largo x ancho x alto<\/span><\/td>\n<td class=\"a-span9\"><span class=\"a-size-base po-break-word\">58 x 34,5 x 22 cent\u00edmetros<\/span><\/td>\n<\/tr>\n<\/tbody>\n<\/table>","protected":false},"featured_media":5455,"comment_status":"open","ping_status":"closed","template":"","meta":[],"product_brand":[],"product_cat":[280],"product_tag":[388],"class_list":{"0":"post-5454","1":"product","2":"type-product","3":"status-publish","4":"has-post-thumbnail","6":"product_cat-bebes","7":"product_tag-panales","8":"thunk-woo-product-list","9":"th-shop-mania-woo-hover-","10":"open-single-product-tab-horizontal","11":"open-shadow-","12":"open-shadow-hover-","13":"th-shop-mania-single-product-content-left","15":"first","16":"instock","17":"downloadable","18":"taxable","19":"shipping-taxable","20":"purchasable","21":"product-type-simple"},"_links":{"self":[{"href":"https:\/\/macketi.com\/en\/wp-json\/wp\/v2\/product\/5454","targetHints":{"allow":["GET"]}}],"collection":[{"href":"https:\/\/macketi.com\/en\/wp-json\/wp\/v2\/product"}],"about":[{"href":"https:\/\/macketi.com\/en\/wp-json\/wp\/v2\/types\/product"}],"replies":[{"embeddable":true,"href":"https:\/\/macketi.com\/en\/wp-json\/wp\/v2\/comments?post=5454"}],"wp:featuredmedia":[{"embeddable":true,"href":"https:\/\/macketi.com\/en\/wp-json\/wp\/v2\/media\/5455"}],"wp:attachment":[{"href":"https:\/\/macketi.com\/en\/wp-json\/wp\/v2\/media?parent=5454"}],"wp:term":[{"taxonomy":"product_brand","embeddable":true,"href":"https:\/\/macketi.com\/en\/wp-json\/wp\/v2\/product_brand?post=5454"},{"taxonomy":"product_cat","embeddable":true,"href":"https:\/\/macketi.com\/en\/wp-json\/wp\/v2\/product_cat?post=5454"},{"taxonomy":"product_tag","embeddable":true,"href":"https:\/\/macketi.com\/en\/wp-json\/wp\/v2\/product_tag?post=5454"}],"curies":[{"name":"wp","href":"https:\/\/api.w.org\/{rel}","templated":true}]}}