{"id":5442,"date":"2024-06-14T18:12:46","date_gmt":"2024-06-14T16:12:46","guid":{"rendered":"https:\/\/macketi.com\/?post_type=product&#038;p=5442"},"modified":"2025-03-29T16:59:52","modified_gmt":"2025-03-29T15:59:52","slug":"paquete-de-panales-para-bebe-dodot-talla-3","status":"publish","type":"product","link":"https:\/\/macketi.com\/en\/product\/paquete-de-panales-para-bebe-dodot-talla-3\/","title":{"rendered":"Paquete de pa\u00f1ales para beb\u00e9 Dodot &#8211; talla 3"},"content":{"rendered":"<p><span class=\"a-list-item\">*LOGAN Pa\u00f1ales talla 3, para ni\u00f1os de 6 a 10 kilogramos DODOT Beb\u00e9-seco 84 uds.<\/span><\/p>\n<p><span class=\"a-list-item\">*Tipo de producto: INCONTINENCE PROTECTOR<\/span><\/p>\n<p><span class=\"a-list-item\">*Marca: LOGAN<\/span><\/p>","protected":false},"excerpt":{"rendered":"<table class=\"a-normal a-spacing-micro\">\n<tbody>\n<tr class=\"a-spacing-small po-brand\">\n<td class=\"a-span3\"><span class=\"a-size-base a-text-bold\">Marca<\/span><\/td>\n<td class=\"a-span9\"><span class=\"a-size-base po-break-word\">LOGAN<\/span><\/td>\n<\/tr>\n<tr class=\"a-spacing-small po-incontinence_protector_type\">\n<td class=\"a-span3\"><span class=\"a-size-base a-text-bold\">Tipo de protector de incontinencia<\/span><\/td>\n<td class=\"a-span9\"><span class=\"a-size-base po-break-word\">Pa\u00f1al para ni\u00f1os<\/span><\/td>\n<\/tr>\n<tr class=\"a-spacing-small po-age_range_description\">\n<td class=\"a-span3\"><span class=\"a-size-base a-text-bold\">Rango de edad (descripci\u00f3n)<\/span><\/td>\n<td class=\"a-span9\"><span class=\"a-size-base po-break-word\">Ni\u00f1os<\/span><\/td>\n<\/tr>\n<tr class=\"a-spacing-small po-unit_count\">\n<td class=\"a-span3\"><span class=\"a-size-base a-text-bold\">Recuento de unidades<\/span><\/td>\n<td class=\"a-span9\"><span class=\"a-size-base po-break-word\">1.0 unidad<\/span><\/td>\n<\/tr>\n<tr class=\"a-spacing-small po-recommended_uses_for_product\">\n<td class=\"a-span3\"><span class=\"a-size-base a-text-bold\">Usos recomendados para el producto<\/span><\/td>\n<td class=\"a-span9\"><span class=\"a-size-base po-break-word\">Protecci\u00f3n fecal, Protecci\u00f3n urinaria<\/span><\/td>\n<\/tr>\n<tr class=\"a-spacing-small po-target_audience\">\n<td class=\"a-span3\"><span class=\"a-size-base a-text-bold\">Audiencia destinataria<\/span><\/td>\n<td class=\"a-span9\"><span class=\"a-size-base po-break-word\">Unisex-beb\u00e9s<\/span><\/td>\n<\/tr>\n<tr class=\"a-spacing-small po-water_resistance_level\">\n<td class=\"a-span3\"><span class=\"a-size-base a-text-bold\">Nivel de resistencia al agua<\/span><\/td>\n<td class=\"a-span9\"><span class=\"a-size-base po-break-word\">Resistente al agua<\/span><\/td>\n<\/tr>\n<tr class=\"a-spacing-small po-incontinence_protector_size\">\n<td class=\"a-span3\"><span class=\"a-size-base a-text-bold\">Tama\u00f1o del protector de incontinencia<\/span><\/td>\n<td class=\"a-span9\"><span class=\"a-size-base po-break-word\">Talla 3<\/span><\/td>\n<\/tr>\n<tr class=\"a-spacing-small po-weight_range\">\n<td class=\"a-span3\"><span class=\"a-size-base a-text-bold\">Rango de peso<\/span><\/td>\n<td class=\"a-span9\"><span class=\"a-size-base po-break-word\">10.0<\/span><\/td>\n<\/tr>\n<tr class=\"a-spacing-small po-package_type_name\">\n<td class=\"a-span3\"><span class=\"a-size-base a-text-bold\">Tipo de paquete<\/span><\/td>\n<td class=\"a-span9\"><span class=\"a-size-base po-break-word\">Bolsita<\/span><\/td>\n<\/tr>\n<\/tbody>\n<\/table>","protected":false},"featured_media":5444,"comment_status":"open","ping_status":"closed","template":"","meta":[],"product_brand":[],"product_cat":[280],"product_tag":[388],"class_list":{"0":"post-5442","1":"product","2":"type-product","3":"status-publish","4":"has-post-thumbnail","6":"product_cat-bebes","7":"product_tag-panales","8":"thunk-woo-product-list","9":"th-shop-mania-woo-hover-","10":"open-single-product-tab-horizontal","11":"open-shadow-","12":"open-shadow-hover-","13":"th-shop-mania-single-product-content-left","15":"first","16":"instock","17":"downloadable","18":"taxable","19":"shipping-taxable","20":"purchasable","21":"product-type-simple"},"_links":{"self":[{"href":"https:\/\/macketi.com\/en\/wp-json\/wp\/v2\/product\/5442","targetHints":{"allow":["GET"]}}],"collection":[{"href":"https:\/\/macketi.com\/en\/wp-json\/wp\/v2\/product"}],"about":[{"href":"https:\/\/macketi.com\/en\/wp-json\/wp\/v2\/types\/product"}],"replies":[{"embeddable":true,"href":"https:\/\/macketi.com\/en\/wp-json\/wp\/v2\/comments?post=5442"}],"wp:featuredmedia":[{"embeddable":true,"href":"https:\/\/macketi.com\/en\/wp-json\/wp\/v2\/media\/5444"}],"wp:attachment":[{"href":"https:\/\/macketi.com\/en\/wp-json\/wp\/v2\/media?parent=5442"}],"wp:term":[{"taxonomy":"product_brand","embeddable":true,"href":"https:\/\/macketi.com\/en\/wp-json\/wp\/v2\/product_brand?post=5442"},{"taxonomy":"product_cat","embeddable":true,"href":"https:\/\/macketi.com\/en\/wp-json\/wp\/v2\/product_cat?post=5442"},{"taxonomy":"product_tag","embeddable":true,"href":"https:\/\/macketi.com\/en\/wp-json\/wp\/v2\/product_tag?post=5442"}],"curies":[{"name":"wp","href":"https:\/\/api.w.org\/{rel}","templated":true}]}}