{"id":5391,"date":"2024-06-12T18:35:07","date_gmt":"2024-06-12T16:35:07","guid":{"rendered":"https:\/\/macketi.com\/?post_type=product&#038;p=5391"},"modified":"2025-03-29T16:59:51","modified_gmt":"2025-03-29T15:59:51","slug":"crin-roja-verdejo","status":"publish","type":"product","link":"https:\/\/macketi.com\/en\/product\/crin-roja-verdejo\/","title":{"rendered":"Crin Roja Verdejo"},"content":{"rendered":"<p>*Nombre: Crin Roja Verdejo<\/p>\n<p>*Unidades por caja: 6<\/p>\n<p>*Servicio: 06 &#8211; 08 \u00b0C<\/p>\n<p>*Origen: Espa\u00f1a<\/p>\n<p>*Regi\u00f3n: Tierra de Castilla<\/p>\n<p>*Cepa: Verdejo<\/p>\n<p>*Capacidad: 0.75 Lt<\/p>\n<p>*A\u00f1o: 2022<\/p>","protected":false},"excerpt":{"rendered":"<p>Elaborado con una de las uvas blancas por excelencia de la Pen\u00ednsula Ib\u00e9rica. Es muy probable que sea originaria de la zona norte de \u00c1frica y que se plantara en la zona del Duero despu\u00e9s de la reconquista de Toledo. Sobre todo est\u00e1 presente en Castilla y Le\u00f3n (Rueda), seguido de Extremadura y Castilla La Mancha.<\/p>\n<p>Notas de Cata:<\/p>\n<p>De color amarillo p\u00e1lido, en nariz destaca su potencia arom\u00e1tica con una mezcla de fruta blanca (manzana, pera), c\u00edtricos y un final floral. En boca es equilibrado, con una buena acidez que le aporta frescor al conjunto.<\/p>\n<p>\u00bfC\u00f3mo disfrutarlo?<\/p>\n<p>Armon\u00eda perfecta con ensaladas, tapas, pastas, arroces, marisco.<\/p>\n<p>Volumen de alcohol: 11.5% VOL. ALC<\/p>","protected":false},"featured_media":5392,"comment_status":"open","ping_status":"closed","template":"","meta":[],"product_brand":[],"product_cat":[338],"product_tag":[400],"class_list":{"0":"post-5391","1":"product","2":"type-product","3":"status-publish","4":"has-post-thumbnail","6":"product_cat-bebidas","7":"product_tag-vino-blanco","8":"thunk-woo-product-list","9":"th-shop-mania-woo-hover-","10":"open-single-product-tab-horizontal","11":"open-shadow-","12":"open-shadow-hover-","13":"th-shop-mania-single-product-content-left","15":"first","16":"instock","17":"taxable","18":"shipping-taxable","19":"purchasable","20":"product-type-simple"},"_links":{"self":[{"href":"https:\/\/macketi.com\/en\/wp-json\/wp\/v2\/product\/5391","targetHints":{"allow":["GET"]}}],"collection":[{"href":"https:\/\/macketi.com\/en\/wp-json\/wp\/v2\/product"}],"about":[{"href":"https:\/\/macketi.com\/en\/wp-json\/wp\/v2\/types\/product"}],"replies":[{"embeddable":true,"href":"https:\/\/macketi.com\/en\/wp-json\/wp\/v2\/comments?post=5391"}],"wp:featuredmedia":[{"embeddable":true,"href":"https:\/\/macketi.com\/en\/wp-json\/wp\/v2\/media\/5392"}],"wp:attachment":[{"href":"https:\/\/macketi.com\/en\/wp-json\/wp\/v2\/media?parent=5391"}],"wp:term":[{"taxonomy":"product_brand","embeddable":true,"href":"https:\/\/macketi.com\/en\/wp-json\/wp\/v2\/product_brand?post=5391"},{"taxonomy":"product_cat","embeddable":true,"href":"https:\/\/macketi.com\/en\/wp-json\/wp\/v2\/product_cat?post=5391"},{"taxonomy":"product_tag","embeddable":true,"href":"https:\/\/macketi.com\/en\/wp-json\/wp\/v2\/product_tag?post=5391"}],"curies":[{"name":"wp","href":"https:\/\/api.w.org\/{rel}","templated":true}]}}