{"id":5387,"date":"2024-06-12T18:17:56","date_gmt":"2024-06-12T16:17:56","guid":{"rendered":"https:\/\/macketi.com\/?post_type=product&#038;p=5387"},"modified":"2025-05-20T20:37:55","modified_gmt":"2025-05-20T18:37:55","slug":"san-cepi-rojo","status":"publish","type":"product","link":"https:\/\/macketi.com\/en\/product\/san-cepi-rojo\/","title":{"rendered":"SAN CEPI ROJO"},"content":{"rendered":"","protected":false},"excerpt":{"rendered":"<p>100% Tempranillo.<br \/>\nElaborado con uva entera por el m\u00e9todo de maceraci\u00f3n carb\u00f3nica.<br \/>\nTemperatura de servicio de 12 a 14 grados. Obtenido de los vi\u00f1edos de m\u00e1s de 30 a\u00f1os.<\/p>\n<p>Recomendado para acompa\u00f1ar primeros platos y carnes rojas.<\/p>","protected":false},"featured_media":11512,"comment_status":"open","ping_status":"closed","template":"","meta":[],"product_brand":[],"product_cat":[338],"product_tag":[346],"class_list":{"0":"post-5387","1":"product","2":"type-product","3":"status-publish","4":"has-post-thumbnail","6":"product_cat-bebidas","7":"product_tag-tempranillo","8":"thunk-woo-product-list","9":"th-shop-mania-woo-hover-","10":"open-single-product-tab-horizontal","11":"open-shadow-","12":"open-shadow-hover-","13":"th-shop-mania-single-product-content-left","15":"first","16":"instock","17":"downloadable","18":"taxable","19":"shipping-taxable","20":"purchasable","21":"product-type-simple"},"_links":{"self":[{"href":"https:\/\/macketi.com\/en\/wp-json\/wp\/v2\/product\/5387","targetHints":{"allow":["GET"]}}],"collection":[{"href":"https:\/\/macketi.com\/en\/wp-json\/wp\/v2\/product"}],"about":[{"href":"https:\/\/macketi.com\/en\/wp-json\/wp\/v2\/types\/product"}],"replies":[{"embeddable":true,"href":"https:\/\/macketi.com\/en\/wp-json\/wp\/v2\/comments?post=5387"}],"wp:featuredmedia":[{"embeddable":true,"href":"https:\/\/macketi.com\/en\/wp-json\/wp\/v2\/media\/11512"}],"wp:attachment":[{"href":"https:\/\/macketi.com\/en\/wp-json\/wp\/v2\/media?parent=5387"}],"wp:term":[{"taxonomy":"product_brand","embeddable":true,"href":"https:\/\/macketi.com\/en\/wp-json\/wp\/v2\/product_brand?post=5387"},{"taxonomy":"product_cat","embeddable":true,"href":"https:\/\/macketi.com\/en\/wp-json\/wp\/v2\/product_cat?post=5387"},{"taxonomy":"product_tag","embeddable":true,"href":"https:\/\/macketi.com\/en\/wp-json\/wp\/v2\/product_tag?post=5387"}],"curies":[{"name":"wp","href":"https:\/\/api.w.org\/{rel}","templated":true}]}}