{"id":4622,"date":"2024-05-31T18:51:36","date_gmt":"2024-05-31T16:51:36","guid":{"rendered":"https:\/\/macketi.com\/?post_type=product&#038;p=4622"},"modified":"2025-03-29T16:59:51","modified_gmt":"2025-03-29T15:59:51","slug":"planificacion-financiera-tapa-blanda-3-octubre-2013-edicion-en-espanol-de-pilar-cibran-ferraz-author-camilo-prado-roman-author-miguel-angel-crespo-cibran-author-1-mas","status":"publish","type":"product","link":"https:\/\/macketi.com\/en\/product\/planificacion-financiera-tapa-blanda-3-octubre-2013-edicion-en-espanol-de-pilar-cibran-ferraz-author-camilo-prado-roman-author-miguel-angel-crespo-cibran-author-1-mas\/","title":{"rendered":"Planificaci\u00f3n financiera"},"content":{"rendered":"<p><span class=\"a-list-item\"><span class=\"a-text-bold\">Editorial \u200f : \u200e\u00a0<\/span>ESIC Editorial; 1er edici\u00f3n (3 Octubre 2013)<\/span><\/p>\n<p><span class=\"a-list-item\"><span class=\"a-text-bold\">Idioma \u200f : \u200e\u00a0<\/span>Espa\u00f1ol<\/span><\/p>\n<p><span class=\"a-list-item\"><span class=\"a-text-bold\">Tapa blanda \u200f : \u200e\u00a0<\/span>345 p\u00e1ginas<\/span><\/p>\n<p><span class=\"a-list-item\"><span class=\"a-text-bold\">ISBN-10 \u200f : \u200e\u00a0<\/span>8473569571<\/span><\/p>\n<p><span class=\"a-list-item\"><span class=\"a-text-bold\">ISBN-13 \u200f : \u200e\u00a0<\/span>978-8473569576<\/span><\/p>","protected":false},"excerpt":{"rendered":"<p>El concepto de planificaci\u00f3n se ha utilizado en la pr\u00e1ctica desde muchos puntos de vista, entendiendo a veces que planificar no es m\u00e1s que hacer planes sobre el futuro de la empresa, es decir, hacer previsiones sobre lo que podr\u00e1 ocurrir. En realidad, la simple proyecci\u00f3n de los datos ha sido una forma de planificaci\u00f3n utilizada durante mucho tiempo, ya que los valores de las variables evolucionaban lentamente. Sin embargo, en las \u00faltimas d\u00e9cadas, los continuos cambios de todos los elementos del entorno empresarial han llevado hacia un concepto de planificaci\u00f3n basado no tanto en la previsi\u00f3n del futuro como en la construcci\u00f3n de ese futuro; no en la proyecci\u00f3n, sino en la decisi\u00f3n anticipada de la acci\u00f3n; no en proyectar lo que ser\u00e1, sino en programar lo que deber\u00e1 ser. La planificaci\u00f3n que hoy debe realizar una empresa, sea cual sea el horizonte temporal, deber\u00e1 ser de car\u00e1cter ejecutivo, y no proyectivo, es decir, se identificar\u00e1 en t\u00e9rminos de lo que se \u0093debe hacer\u0094. El presente libro es un compendio de teor\u00eda y praxis acerca de la planificaci\u00f3n financiera que toda empresa deber\u00eda plantearse para asegurar tanto su rentabilidad a corto plazo como su supervivencia a largo plazo. El objetivo de este libro es servir de gu\u00eda tanto a profesionales que necesiten acometer tareas de planificaci\u00f3n financiera, como a estudiantes, como base para entender mejor el proceso de diagn\u00f3stico y planificaci\u00f3n de una empresa. Existe una web de soporte para los docentes que permite acceder al material complementario de los temas tratados en Planificaci\u00f3n financiera no incluidos en el texto: Test de repaso, ejemplos pr\u00e1cticos, modelos pr\u00e1cticos en excel, resumen de los trabajos, transparencias repaso, etc. \u00cdndice La actividad econ\u00f3mico-financiera de la empresa.- Conceptos generales de planificaci\u00f3n financiera.- Diagn\u00f3stico econ\u00f3mico-financiero.- Planificaci\u00f3n financiera a corto plazo.- Planificaci\u00f3n financiera a largo plazo.- Ejercicios de planificaci\u00f3n financiera a corto y largo plazo.- La aplicaci\u00f3n de la planificaci\u00f3n financiera al plan de viabilidad de una empresa.- BIBLIOGRAF\u00cdA.<\/p>","protected":false},"featured_media":4623,"comment_status":"open","ping_status":"closed","template":"","meta":[],"product_brand":[],"product_cat":[266],"product_tag":[314],"class_list":{"0":"post-4622","1":"product","2":"type-product","3":"status-publish","4":"has-post-thumbnail","6":"product_cat-libros","7":"product_tag-negocios-y-finanzas","8":"product_shipping_class-envio-todos-vendedores","9":"thunk-woo-product-list","10":"th-shop-mania-woo-hover-","11":"open-single-product-tab-horizontal","12":"open-shadow-","13":"open-shadow-hover-","14":"th-shop-mania-single-product-content-left","16":"first","17":"instock","18":"downloadable","19":"taxable","20":"shipping-taxable","21":"purchasable","22":"product-type-simple"},"_links":{"self":[{"href":"https:\/\/macketi.com\/en\/wp-json\/wp\/v2\/product\/4622","targetHints":{"allow":["GET"]}}],"collection":[{"href":"https:\/\/macketi.com\/en\/wp-json\/wp\/v2\/product"}],"about":[{"href":"https:\/\/macketi.com\/en\/wp-json\/wp\/v2\/types\/product"}],"replies":[{"embeddable":true,"href":"https:\/\/macketi.com\/en\/wp-json\/wp\/v2\/comments?post=4622"}],"wp:featuredmedia":[{"embeddable":true,"href":"https:\/\/macketi.com\/en\/wp-json\/wp\/v2\/media\/4623"}],"wp:attachment":[{"href":"https:\/\/macketi.com\/en\/wp-json\/wp\/v2\/media?parent=4622"}],"wp:term":[{"taxonomy":"product_brand","embeddable":true,"href":"https:\/\/macketi.com\/en\/wp-json\/wp\/v2\/product_brand?post=4622"},{"taxonomy":"product_cat","embeddable":true,"href":"https:\/\/macketi.com\/en\/wp-json\/wp\/v2\/product_cat?post=4622"},{"taxonomy":"product_tag","embeddable":true,"href":"https:\/\/macketi.com\/en\/wp-json\/wp\/v2\/product_tag?post=4622"}],"curies":[{"name":"wp","href":"https:\/\/api.w.org\/{rel}","templated":true}]}}