{"id":4614,"date":"2024-05-31T18:28:19","date_gmt":"2024-05-31T16:28:19","guid":{"rendered":"https:\/\/macketi.com\/?post_type=product&#038;p=4614"},"modified":"2025-03-29T16:59:51","modified_gmt":"2025-03-29T15:59:51","slug":"el-inversor-inteligente-deusto-tapa-blanda-7-septiembre-2022-de-benjamin-graham-autor-idoia-bengoechea-traductor","status":"publish","type":"product","link":"https:\/\/macketi.com\/en\/product\/el-inversor-inteligente-deusto-tapa-blanda-7-septiembre-2022-de-benjamin-graham-autor-idoia-bengoechea-traductor\/","title":{"rendered":"El inversor inteligente"},"content":{"rendered":"<p><span class=\"a-list-item\"><span class=\"a-text-bold\">Editorial \u200f : \u200e\u00a0<\/span>Deusto (7 septiembre 2022)<\/span><\/p>\n<p><span class=\"a-list-item\"><span class=\"a-text-bold\">Idioma \u200f : \u200e\u00a0<\/span>Espa\u00f1ol<\/span><\/p>\n<p><span class=\"a-list-item\"><span class=\"a-text-bold\">Tapa blanda \u200f : \u200e\u00a0<\/span>808 p\u00e1ginas<\/span><\/p>\n<p><span class=\"a-list-item\"><span class=\"a-text-bold\">ISBN-10 \u200f : \u200e\u00a0<\/span>8423420973<\/span><\/p>\n<p><span class=\"a-list-item\"><span class=\"a-text-bold\">ISBN-13 \u200f : \u200e\u00a0<\/span>978-8423420971<\/span><\/p>\n<p><span class=\"a-list-item\"><span class=\"a-text-bold\">Peso del producto \u200f : \u200e\u00a0<\/span>874 g<\/span><\/p>\n<p><span class=\"a-list-item\"><span class=\"a-text-bold\">Dimensiones \u200f : \u200e\u00a0<\/span>15 x 4.6 x 23 cm<\/span><\/p>","protected":false},"excerpt":{"rendered":"<div class=\"a-expander-content a-expander-partial-collapse-content\" aria-expanded=\"false\">\n<p><span class=\"a-text-bold\">\u00abEl mejor libro sobre inversi\u00f3n jam\u00e1s escrito.\u00bb WARREN BUFFETT BESTSELLER INTERNACIONAL EDICI\u00d3N REVISADA Y ACTUALIZADA PR\u00d3LOGO Y AP\u00c9NDICE DE WARREN BUFFETT<\/span><\/p>\n<p><span class=\"a-text-bold\">La obra maestra de Benjamin Graham: la biblia de las finanzas que inspir\u00f3 a Warren Buffett y descubri\u00f3 al mundo la inversi\u00f3n en valor.<\/span><\/p>\n<p>Considerado el m\u00e1s importante consejero en inversi\u00f3n del siglo XX, Benjamin Graham ense\u00f1\u00f3 e inspir\u00f3 a financieros de todo el mundo. En\u00a0<span class=\"a-text-bold a-text-italic\">El inversor inteligente<\/span><span class=\"a-text-bold\">, un libro que se convirti\u00f3 en la biblia de los inversores<\/span>\u00a0ya desde su primera publicaci\u00f3n en 1949, present\u00f3 su filosof\u00eda, basada en el concepto de \u00abinvertir en valor\u00bb.<\/p>\n<p>A lo largo de sus p\u00e1ginas, Graham explica a los inversores\u00a0<span class=\"a-text-bold\">c\u00f3mo evitar errores de estrategia<\/span>, al tiempo que describe\u00a0<span class=\"a-text-bold\">c\u00f3mo desarrollar un plan racional para comprar acciones y aumentar su valor<\/span>. Todo ello pensando en el largo plazo, pues se trata de un m\u00e9todo dirigido a inversores y no a especuladores: mientras que el especulador s\u00f3lo tiene en cuenta las tendencias del mercado, el inversor obtiene sus beneficios con base en la disciplina y la investigaci\u00f3n.<\/p>\n<p>En este\u00a0<span class=\"a-text-bold\">bestseller internacional<\/span>, Graham demuestra que lo m\u00e1s importante para planificar una estrategia de inversi\u00f3n no es la maximizaci\u00f3n de los beneficios, sino la minimizaci\u00f3n de las p\u00e9rdidas. Con el paso de los a\u00f1os, el mercado ha ido dando la raz\u00f3n a todas y a cada una de las estrategias planteadas por Benjamin Graham, cuya obra sigue siendo una referencia ineludible.<\/p>\n<p>Esta edici\u00f3n, adem\u00e1s, cuenta con la valiosa aportaci\u00f3n del periodista financiero Jason Zweig, quien se ha encargado de comentar y actualizar el texto, trazando paralelismos entre los ejemplos aportados por Graham y las situaciones reales vividas en el mundo de las finanzas en los \u00faltimos a\u00f1os.<\/p>\n<p><span class=\"a-text-italic\">El inversor inteligente<\/span>, adem\u00e1s de ser\u00a0<span class=\"a-text-bold\">un cl\u00e1sico atemporal e imprescindible en cualquier biblioteca que se precie<\/span>, es la obra m\u00e1s importante que se puede leer para proteger nuestras inversiones y alcanzar nuestros objetivos financieros.<\/p>\n<\/div>\n<div class=\"a-expander-header a-expander-partial-collapse-header\"><\/div>","protected":false},"featured_media":4615,"comment_status":"open","ping_status":"closed","template":"","meta":[],"product_brand":[],"product_cat":[266],"product_tag":[314],"class_list":{"0":"post-4614","1":"product","2":"type-product","3":"status-publish","4":"has-post-thumbnail","6":"product_cat-libros","7":"product_tag-negocios-y-finanzas","8":"thunk-woo-product-list","9":"th-shop-mania-woo-hover-","10":"open-single-product-tab-horizontal","11":"open-shadow-","12":"open-shadow-hover-","13":"th-shop-mania-single-product-content-left","15":"first","16":"instock","17":"downloadable","18":"taxable","19":"shipping-taxable","20":"purchasable","21":"product-type-simple"},"_links":{"self":[{"href":"https:\/\/macketi.com\/en\/wp-json\/wp\/v2\/product\/4614","targetHints":{"allow":["GET"]}}],"collection":[{"href":"https:\/\/macketi.com\/en\/wp-json\/wp\/v2\/product"}],"about":[{"href":"https:\/\/macketi.com\/en\/wp-json\/wp\/v2\/types\/product"}],"replies":[{"embeddable":true,"href":"https:\/\/macketi.com\/en\/wp-json\/wp\/v2\/comments?post=4614"}],"wp:featuredmedia":[{"embeddable":true,"href":"https:\/\/macketi.com\/en\/wp-json\/wp\/v2\/media\/4615"}],"wp:attachment":[{"href":"https:\/\/macketi.com\/en\/wp-json\/wp\/v2\/media?parent=4614"}],"wp:term":[{"taxonomy":"product_brand","embeddable":true,"href":"https:\/\/macketi.com\/en\/wp-json\/wp\/v2\/product_brand?post=4614"},{"taxonomy":"product_cat","embeddable":true,"href":"https:\/\/macketi.com\/en\/wp-json\/wp\/v2\/product_cat?post=4614"},{"taxonomy":"product_tag","embeddable":true,"href":"https:\/\/macketi.com\/en\/wp-json\/wp\/v2\/product_tag?post=4614"}],"curies":[{"name":"wp","href":"https:\/\/api.w.org\/{rel}","templated":true}]}}