{"id":4612,"date":"2024-05-31T18:15:25","date_gmt":"2024-05-31T16:15:25","guid":{"rendered":"https:\/\/macketi.com\/?post_type=product&#038;p=4612"},"modified":"2025-03-29T16:59:51","modified_gmt":"2025-03-29T15:59:51","slug":"la-prueba-del-cielo-el-viaje-de-un-neurocirujano-a-la-vida-despues-de-la-vida-divulgacion-libro-de-bolsillo-13-enero-2015-de-eben-alexander-autor-manuel-mata-alvarez-santullano-traduc","status":"publish","type":"product","link":"https:\/\/macketi.com\/en\/product\/la-prueba-del-cielo-el-viaje-de-un-neurocirujano-a-la-vida-despues-de-la-vida-divulgacion-libro-de-bolsillo-13-enero-2015-de-eben-alexander-autor-manuel-mata-alvarez-santullano-traduc\/","title":{"rendered":"La prueba del cielo"},"content":{"rendered":"<p><span class=\"a-list-item\"><span class=\"a-text-bold\">Editorial \u200f : \u200e\u00a0<\/span>Booket (13 enero 2015)<\/span><\/p>\n<p><span class=\"a-list-item\"><span class=\"a-text-bold\">Idioma \u200f : \u200e\u00a0<\/span>Espa\u00f1ol<\/span><\/p>\n<p><span class=\"a-list-item\"><span class=\"a-text-bold\">Libro de bolsillo \u200f : \u200e\u00a0<\/span>272 p\u00e1ginas<\/span><\/p>\n<p><span class=\"a-list-item\"><span class=\"a-text-bold\">ISBN-10 \u200f : \u200e\u00a0<\/span>8408135759<\/span><\/p>\n<p><span class=\"a-list-item\"><span class=\"a-text-bold\">ISBN-13 \u200f : \u200e\u00a0<\/span>978-8408135753<\/span><\/p>\n<p><span class=\"a-list-item\"><span class=\"a-text-bold\">Peso del producto \u200f : \u200e\u00a0<\/span>182 g<\/span><\/p>\n<p><span class=\"a-list-item\"><span class=\"a-text-bold\">Dimensiones \u200f : \u200e\u00a0<\/span>12.5 x 1.4 x 19 cm<\/span><\/p>","protected":false},"excerpt":{"rendered":"<p><span class=\"a-text-bold\">Descubre el libro que ha revolucionado el eterno conflicto entre ciencia y fe.<\/span><\/p>\n<p>\u00abEl 8 de noviembre de 2008 me despert\u00e9 con un terrible dolor de cabeza que en apenas dos horas desemboc\u00f3 en un derrame cerebral. Ca\u00ed en un coma profundo, y durante siete d\u00edas permanec\u00ed en ese estado, durante el cual viv\u00ed una experiencia incre\u00edble y fuera de este mundo. El lugar en el que estuve es un sitio maravilloso, reconfortante y lleno de amor. No tengo miedo a morir porque ahora s\u00e9 que no es el final.\u00bb\u00a0<span class=\"a-text-bold\">Doctor Eben Alexander<\/span><\/p>\n<p>La l\u00f3gica cient\u00edfica del doctor Alexander jam\u00e1s hab\u00eda dado cr\u00e9dito a las experiencias cercanas a la muerte. Sin embargo, despu\u00e9s de haber pasado por esto sabe que no son meras fantas\u00edas: Dios y el alma existen realmente, y la muerte no es el final de la existencia personal, sino una mera transici\u00f3n.<\/p>\n<p><span class=\"a-text-bold\">Una historia real que nos ayudar\u00e1 a comprender qu\u00e9 nos espera m\u00e1s all\u00e1 de la vida.<\/span><\/p>","protected":false},"featured_media":4613,"comment_status":"open","ping_status":"closed","template":"","meta":[],"product_brand":[],"product_cat":[266],"product_tag":[415,414],"class_list":{"0":"post-4612","1":"product","2":"type-product","3":"status-publish","4":"has-post-thumbnail","6":"product_cat-libros","7":"product_tag-cuerpo-y-espiritualidad","8":"product_tag-mente","9":"thunk-woo-product-list","10":"th-shop-mania-woo-hover-","11":"open-single-product-tab-horizontal","12":"open-shadow-","13":"open-shadow-hover-","14":"th-shop-mania-single-product-content-left","16":"first","17":"instock","18":"taxable","19":"shipping-taxable","20":"purchasable","21":"product-type-simple"},"_links":{"self":[{"href":"https:\/\/macketi.com\/en\/wp-json\/wp\/v2\/product\/4612","targetHints":{"allow":["GET"]}}],"collection":[{"href":"https:\/\/macketi.com\/en\/wp-json\/wp\/v2\/product"}],"about":[{"href":"https:\/\/macketi.com\/en\/wp-json\/wp\/v2\/types\/product"}],"replies":[{"embeddable":true,"href":"https:\/\/macketi.com\/en\/wp-json\/wp\/v2\/comments?post=4612"}],"wp:featuredmedia":[{"embeddable":true,"href":"https:\/\/macketi.com\/en\/wp-json\/wp\/v2\/media\/4613"}],"wp:attachment":[{"href":"https:\/\/macketi.com\/en\/wp-json\/wp\/v2\/media?parent=4612"}],"wp:term":[{"taxonomy":"product_brand","embeddable":true,"href":"https:\/\/macketi.com\/en\/wp-json\/wp\/v2\/product_brand?post=4612"},{"taxonomy":"product_cat","embeddable":true,"href":"https:\/\/macketi.com\/en\/wp-json\/wp\/v2\/product_cat?post=4612"},{"taxonomy":"product_tag","embeddable":true,"href":"https:\/\/macketi.com\/en\/wp-json\/wp\/v2\/product_tag?post=4612"}],"curies":[{"name":"wp","href":"https:\/\/api.w.org\/{rel}","templated":true}]}}