{"id":4610,"date":"2024-05-31T18:12:29","date_gmt":"2024-05-31T16:12:29","guid":{"rendered":"https:\/\/macketi.com\/?post_type=product&#038;p=4610"},"modified":"2025-03-29T16:59:51","modified_gmt":"2025-03-29T15:59:51","slug":"casos-practicos-de-derecho-mercantil-derecho-biblioteca-universitaria-de-editorial-tecnos-spanish-edition-edicion-edicion-kindle-edicion-en-espanol-de-jose-luis-luceno-oliva-author-formato-e","status":"publish","type":"product","link":"https:\/\/macketi.com\/en\/product\/casos-practicos-de-derecho-mercantil-derecho-biblioteca-universitaria-de-editorial-tecnos-spanish-edition-edicion-edicion-kindle-edicion-en-espanol-de-jose-luis-luceno-oliva-author-formato-e\/","title":{"rendered":"Casos pr\u00e1cticos de Derecho Mercantil"},"content":{"rendered":"<p><span class=\"a-list-item\"><span class=\"a-text-bold\">ASIN \u200f : \u200e\u00a0<\/span>B07BHLCXZL<\/span><\/p>\n<p><span class=\"a-list-item\"><span class=\"a-text-bold\">Editorial \u200f : \u200e\u00a0<\/span>Tecnos; edici\u00f3n (4 Noviembre 2017)<\/span><\/p>\n<p><span class=\"a-list-item\"><span class=\"a-text-bold\">Fecha de publicaci\u00f3n \u200f : \u200e\u00a0<\/span>4 Noviembre 2017<\/span><\/p>\n<p><span class=\"a-list-item\"><span class=\"a-text-bold\">Idioma \u200f : \u200e\u00a0<\/span>Espa\u00f1ol<\/span><\/p>\n<p><span class=\"a-list-item\"><span class=\"a-text-bold\">Tama\u00f1o del archivo \u200f : \u200e\u00a0<\/span>2397 KB<\/span><\/p>\n<p><span class=\"a-list-item\"><span class=\"a-text-bold\">Texto a voz \u200f : \u200e\u00a0<\/span>Activado<\/span><\/p>\n<p><span class=\"a-list-item\"><span class=\"a-text-bold\">Lector de pantalla: \u200f : \u200e\u00a0<\/span>Respaldados<\/span><\/p>\n<p><span class=\"a-list-item\"><span class=\"a-text-bold\">Tipograf\u00eda mejorada \u200f : \u200e\u00a0<\/span>Activado<\/span><\/p>\n<p><span class=\"a-list-item\"><span class=\"a-text-bold\">Word Wise \u200f : \u200e\u00a0<\/span>No activado<\/span><\/p>\n<p><span class=\"a-list-item\"><span class=\"a-text-bold\">Notas adhesivas \u200f : \u200e\u00a0<\/span>En Kindle Scribe<\/span><\/p>\n<p><span class=\"a-list-item\"><span class=\"a-text-bold\">N\u00famero de p\u00e1ginas \u200f : \u200e\u00a0<\/span>216 p\u00e1ginas<\/span><\/p>","protected":false},"excerpt":{"rendered":"<p>La introducci\u00f3n de ense\u00f1anzas pr\u00e1cticas en la docencia universitaria del derecho es una necesidad. La presente obra, Casos Pr\u00e1cticos de Derecho Mercantil, pretende proporcionar a los estudiantes de grado, de doble grado y de m\u00e1steres jur\u00eddicos (M\u00e1ster de Abogac\u00eda, M\u00e1ster de Asesor\u00eda Jur\u00eddica de Empresas) un conjunto de casos pr\u00e1cticos globales en las siguientes \u00e1reas del Derecho Mercantil: Empresario individual, Derecho de sociedades, Contratos mercantiles, T\u00edtulos-valores, Derecho de la Propiedad Industrial y derecho de la competencia, Derecho concursal.<br \/>\nLos 66 casos pr\u00e1cticos incluidos en esta obra, cada uno de ellos acompa\u00f1ado de legislaci\u00f3n, jurisprudencia, bibliograf\u00eda y cuestiones para enfocar su resoluci\u00f3n, permitir\u00e1n al alumno enfrentarse a situaciones reales y completar sus conocimientos sobre la materia analizada. Los Casos Pr\u00e1cticos de Derecho Mercantil familiarizan a los alumnos con la t\u00e9cnica de elaboraci\u00f3n de un dictamen o informe jur\u00eddico, de suma utilidad para todos aqu\u00e9llos que vayan a ejercer como abogados o como asesores jur\u00eddicos de empresas. A tal fin, la obra contiene una nota t\u00e9cnica sobre la metodolog\u00eda que los alumnos universitarios deben seguir para la resoluci\u00f3n de un caso pr\u00e1ctico.<br \/>\nPor \u00faltimo, los Casos Pr\u00e1cticos de Derecho Mercantil no s\u00f3lo constituyen una herramienta de aprendizaje para el alumno sino tambi\u00e9n un instrumento docente para los profesores de esta rama del derecho, a la vez que aspiran a ser de utilidad a aquellos opositores que deban enfrentarse a ejercicios pr\u00e1cticos en materia de Derecho Mercantil.<\/p>","protected":false},"featured_media":4611,"comment_status":"open","ping_status":"closed","template":"","meta":[],"product_brand":[],"product_cat":[266],"product_tag":[312],"class_list":{"0":"post-4610","1":"product","2":"type-product","3":"status-publish","4":"has-post-thumbnail","6":"product_cat-libros","7":"product_tag-derecho-mercantil","8":"thunk-woo-product-list","9":"th-shop-mania-woo-hover-","10":"open-single-product-tab-horizontal","11":"open-shadow-","12":"open-shadow-hover-","13":"th-shop-mania-single-product-content-left","15":"first","16":"instock","17":"downloadable","18":"taxable","19":"shipping-taxable","20":"purchasable","21":"product-type-simple"},"_links":{"self":[{"href":"https:\/\/macketi.com\/en\/wp-json\/wp\/v2\/product\/4610","targetHints":{"allow":["GET"]}}],"collection":[{"href":"https:\/\/macketi.com\/en\/wp-json\/wp\/v2\/product"}],"about":[{"href":"https:\/\/macketi.com\/en\/wp-json\/wp\/v2\/types\/product"}],"replies":[{"embeddable":true,"href":"https:\/\/macketi.com\/en\/wp-json\/wp\/v2\/comments?post=4610"}],"wp:featuredmedia":[{"embeddable":true,"href":"https:\/\/macketi.com\/en\/wp-json\/wp\/v2\/media\/4611"}],"wp:attachment":[{"href":"https:\/\/macketi.com\/en\/wp-json\/wp\/v2\/media?parent=4610"}],"wp:term":[{"taxonomy":"product_brand","embeddable":true,"href":"https:\/\/macketi.com\/en\/wp-json\/wp\/v2\/product_brand?post=4610"},{"taxonomy":"product_cat","embeddable":true,"href":"https:\/\/macketi.com\/en\/wp-json\/wp\/v2\/product_cat?post=4610"},{"taxonomy":"product_tag","embeddable":true,"href":"https:\/\/macketi.com\/en\/wp-json\/wp\/v2\/product_tag?post=4610"}],"curies":[{"name":"wp","href":"https:\/\/api.w.org\/{rel}","templated":true}]}}