{"id":4608,"date":"2024-05-31T18:06:17","date_gmt":"2024-05-31T16:06:17","guid":{"rendered":"https:\/\/macketi.com\/?post_type=product&#038;p=4608"},"modified":"2025-03-29T16:59:51","modified_gmt":"2025-03-29T15:59:51","slug":"el-principito-estuche-de-lujo-biblioteca-saint-exupery-tapa-dura-4-mayo-2021-de-antoine-de-saint-exupery-autor","status":"publish","type":"product","link":"https:\/\/macketi.com\/en\/product\/el-principito-estuche-de-lujo-biblioteca-saint-exupery-tapa-dura-4-mayo-2021-de-antoine-de-saint-exupery-autor\/","title":{"rendered":"El Principito (estuche de lujo)"},"content":{"rendered":"<p><span class=\"a-list-item\"><span class=\"a-text-bold\">Editorial \u200f : \u200e\u00a0<\/span>Salamandra Infantil y Juvenil; 001 edici\u00f3n (4 mayo 2021)<\/span><\/p>\n<p><span class=\"a-list-item\"><span class=\"a-text-bold\">Idioma \u200f : \u200e\u00a0<\/span>Espa\u00f1ol<\/span><\/p>\n<p><span class=\"a-list-item\"><span class=\"a-text-bold\">Tapa dura \u200f : \u200e\u00a0<\/span>96 p\u00e1ginas<\/span><\/p>\n<p><span class=\"a-list-item\"><span class=\"a-text-bold\">ISBN-10 \u200f : \u200e\u00a0<\/span>8418174196<\/span><\/p>\n<p><span class=\"a-list-item\"><span class=\"a-text-bold\">ISBN-13 \u200f : \u200e\u00a0<\/span>978-8418174193<\/span><\/p>\n<p><span class=\"a-list-item\"><span class=\"a-text-bold\">Edad de lectura \u200f : \u200e\u00a0<\/span>Edad sugerida por los clientes: A partir de 9 a\u00f1os<\/span><\/p>\n<p><span class=\"a-list-item\"><span class=\"a-text-bold\">Peso del producto \u200f : \u200e\u00a0<\/span>302 g<\/span><\/p>\n<p><span class=\"a-list-item\"><span class=\"a-text-bold\">Dimensiones \u200f : \u200e\u00a0<\/span>13.26 x 1.27 x 21.08 cm<\/span><\/p>","protected":false},"excerpt":{"rendered":"<p><span class=\"a-text-bold\">Bell\u00edsima y lujosa edici\u00f3n de\u00a0<\/span><span class=\"a-text-bold a-text-italic\">El Principito<\/span><span class=\"a-text-bold\">\u00a0en un estuche a juego. Esta edici\u00f3n de tapa dura con elegantes acabados dorados viste de lujo al querido principito de Antoine de Saint-Exup\u00e9ry. Ideal para coleccionistas y amantes del personaje m\u00e1s entra\u00f1able de la literatura universal.<\/span><\/p>\n<p>Acompa\u00f1ada de las extraordinarias acuarelas de Antoine de Saint-Exup\u00e9ry, esta nueva edici\u00f3n de<span class=\"a-text-italic\">\u00a0El Principito<\/span>\u00a0en tapa dura, con estuche, a todo color y con un nuevo formato ampliado y m\u00e1s elegante, es, sin duda, el regalo perfecto para estas navidades.<\/p>\n<p>Se trata de una oportunidad muy especial para acercar de nuevo al p\u00fablico la c\u00e9lebre historia de un aviador perdido, el dibujo imposible de un cordero y el principito, el \u00fanico habitante de su peque\u00f1o planeta.<\/p>\n<p>F\u00e1bula m\u00edtica y relato filos\u00f3fico que interroga acerca de la relaci\u00f3n del ser humano con su pr\u00f3jimo y con el mundo,<span class=\"a-text-italic\">\u00a0El Principito<\/span>\u00a0concentra, con maravillosa simplicidad, la constante reflexi\u00f3n de Saint-Exup\u00e9ry sobre la amistad, el amor y el sentido de la vida.<\/p>","protected":false},"featured_media":4609,"comment_status":"open","ping_status":"closed","template":"","meta":[],"product_brand":[],"product_cat":[266],"product_tag":[302],"class_list":{"0":"post-4608","1":"product","2":"type-product","3":"status-publish","4":"has-post-thumbnail","6":"product_cat-libros","7":"product_tag-desarrollo-personal","8":"thunk-woo-product-list","9":"th-shop-mania-woo-hover-","10":"open-single-product-tab-horizontal","11":"open-shadow-","12":"open-shadow-hover-","13":"th-shop-mania-single-product-content-left","15":"first","16":"instock","17":"downloadable","18":"taxable","19":"shipping-taxable","20":"purchasable","21":"product-type-simple"},"_links":{"self":[{"href":"https:\/\/macketi.com\/en\/wp-json\/wp\/v2\/product\/4608","targetHints":{"allow":["GET"]}}],"collection":[{"href":"https:\/\/macketi.com\/en\/wp-json\/wp\/v2\/product"}],"about":[{"href":"https:\/\/macketi.com\/en\/wp-json\/wp\/v2\/types\/product"}],"replies":[{"embeddable":true,"href":"https:\/\/macketi.com\/en\/wp-json\/wp\/v2\/comments?post=4608"}],"wp:featuredmedia":[{"embeddable":true,"href":"https:\/\/macketi.com\/en\/wp-json\/wp\/v2\/media\/4609"}],"wp:attachment":[{"href":"https:\/\/macketi.com\/en\/wp-json\/wp\/v2\/media?parent=4608"}],"wp:term":[{"taxonomy":"product_brand","embeddable":true,"href":"https:\/\/macketi.com\/en\/wp-json\/wp\/v2\/product_brand?post=4608"},{"taxonomy":"product_cat","embeddable":true,"href":"https:\/\/macketi.com\/en\/wp-json\/wp\/v2\/product_cat?post=4608"},{"taxonomy":"product_tag","embeddable":true,"href":"https:\/\/macketi.com\/en\/wp-json\/wp\/v2\/product_tag?post=4608"}],"curies":[{"name":"wp","href":"https:\/\/api.w.org\/{rel}","templated":true}]}}