{"id":4599,"date":"2024-05-31T17:39:56","date_gmt":"2024-05-31T15:39:56","guid":{"rendered":"https:\/\/macketi.com\/?post_type=product&#038;p=4599"},"modified":"2025-03-29T16:59:51","modified_gmt":"2025-03-29T15:59:51","slug":"legislacion-de-regimen-local-tapa-blanda-8-septiembre-2016-edicion-en-espanol-de-editorial-tecnos-author","status":"publish","type":"product","link":"https:\/\/macketi.com\/en\/product\/legislacion-de-regimen-local-tapa-blanda-8-septiembre-2016-edicion-en-espanol-de-editorial-tecnos-author\/","title":{"rendered":"Legislaci\u00f3n de R\u00e9gimen Local"},"content":{"rendered":"<p><span class=\"a-list-item\"><span class=\"a-text-bold\">Editorial \u200f : \u200e\u00a0<\/span>Tecnos; edici\u00f3n (8 Septiembre 2016)<\/span><\/p>\n<p><span class=\"a-list-item\"><span class=\"a-text-bold\">Idioma \u200f : \u200e\u00a0<\/span>Espa\u00f1ol<\/span><\/p>\n<p><span class=\"a-list-item\"><span class=\"a-text-bold\">Tapa blanda \u200f : \u200e\u00a0<\/span>864 p\u00e1ginas<\/span><\/p>\n<p><span class=\"a-list-item\"><span class=\"a-text-bold\">ISBN-10 \u200f : \u200e\u00a0<\/span>8430969462<\/span><\/p>\n<p><span class=\"a-list-item\"><span class=\"a-text-bold\">ISBN-13 \u200f : \u200e\u00a0<\/span>978-8430969463<\/span><\/p>\n<p><span class=\"a-list-item\"><span class=\"a-text-bold\">Dimensiones \u200f : \u200e\u00a0<\/span>4.72 x 1.5 x 6.69 pulgadas<\/span><\/p>","protected":false},"excerpt":{"rendered":"<p>En esta nueva edici\u00f3n de la Legislaci\u00f3n B\u00e1sica de R\u00e9gimen Local se ofrecen al lector los textos actualizados de las principales normas reguladoras del R\u00e9gimen Local por lo que respecta al Derecho estatal e internacional, debidamente anotados y concordados. La obra incorpora las nuevas reformas legales y, en especial, la operada por la Ley 27\/2013, de 27 de diciembre, de racionalizaci\u00f3n y sostenibilidad de la Administraci\u00f3n Local. Asimismo, se incorporan las \u00faltimas modificaciones introducidas por el Real Decreto-ley 10\/2015, de 11 de septiembre; por las Leyes 40 y 48\/2015, de 1 y 29 de octubre, y por los Real Decreto Legislativo 5 y 7\/2015, ambos de 30 de octubre, as\u00ed como por la Sentencia del Tribunal Constitucional 41\/2016, de 3 de marzo. Igualmente, presta especial atenci\u00f3n a las citas de doctrina constitucional, jurisprudencia y concordancias normativas de inter\u00e9s, con el fin de facilitar y optimizar la consulta del r\u00e9gimen jur\u00eddico local. Por \u00faltimo, incluye un detallado \u00edndice anal\u00edtico que facilita a quienes se aproximan a esta materia la consulta de su regulaci\u00f3n legal.<\/p>","protected":false},"featured_media":4600,"comment_status":"open","ping_status":"closed","template":"","meta":[],"product_brand":[],"product_cat":[266],"product_tag":[304],"class_list":{"0":"post-4599","1":"product","2":"type-product","3":"status-publish","4":"has-post-thumbnail","6":"product_cat-libros","7":"product_tag-derecho","8":"thunk-woo-product-list","9":"th-shop-mania-woo-hover-","10":"open-single-product-tab-horizontal","11":"open-shadow-","12":"open-shadow-hover-","13":"th-shop-mania-single-product-content-left","15":"first","16":"instock","17":"taxable","18":"shipping-taxable","19":"purchasable","20":"product-type-simple"},"_links":{"self":[{"href":"https:\/\/macketi.com\/en\/wp-json\/wp\/v2\/product\/4599","targetHints":{"allow":["GET"]}}],"collection":[{"href":"https:\/\/macketi.com\/en\/wp-json\/wp\/v2\/product"}],"about":[{"href":"https:\/\/macketi.com\/en\/wp-json\/wp\/v2\/types\/product"}],"replies":[{"embeddable":true,"href":"https:\/\/macketi.com\/en\/wp-json\/wp\/v2\/comments?post=4599"}],"wp:featuredmedia":[{"embeddable":true,"href":"https:\/\/macketi.com\/en\/wp-json\/wp\/v2\/media\/4600"}],"wp:attachment":[{"href":"https:\/\/macketi.com\/en\/wp-json\/wp\/v2\/media?parent=4599"}],"wp:term":[{"taxonomy":"product_brand","embeddable":true,"href":"https:\/\/macketi.com\/en\/wp-json\/wp\/v2\/product_brand?post=4599"},{"taxonomy":"product_cat","embeddable":true,"href":"https:\/\/macketi.com\/en\/wp-json\/wp\/v2\/product_cat?post=4599"},{"taxonomy":"product_tag","embeddable":true,"href":"https:\/\/macketi.com\/en\/wp-json\/wp\/v2\/product_tag?post=4599"}],"curies":[{"name":"wp","href":"https:\/\/api.w.org\/{rel}","templated":true}]}}