{"id":4595,"date":"2024-05-31T17:31:03","date_gmt":"2024-05-31T15:31:03","guid":{"rendered":"https:\/\/macketi.com\/?post_type=product&#038;p=4595"},"modified":"2025-03-29T16:59:51","modified_gmt":"2025-03-29T15:59:51","slug":"temario-lengua-y-literatura-pruebas-acceso-ciclos-formativos-rodriguez-vega-sabina","status":"publish","type":"product","link":"https:\/\/macketi.com\/en\/product\/temario-lengua-y-literatura-pruebas-acceso-ciclos-formativos-rodriguez-vega-sabina\/","title":{"rendered":"Temario lengua y literatura"},"content":{"rendered":"<p>ISBN: 978-84-283-1504-3<\/p>\n<p>EAN: 9788428315043<\/p>\n<p>Editorial: <a href=\"https:\/\/www.todostuslibros.com\/editorial\/ediciones-paraninfo-s-a\">Ediciones Paraninfo, S.A<\/a><\/p>\n<p>Autor\/a: RODRIGUEZ VEGA, SABINA<\/p>\n<p>Colecci\u00f3n: Pruebas Acceso Ciclos<\/p>\n<p>Formato: Tapa blanda o Bolsillo<\/p>\n<p>Pa\u00eds de publicaci\u00f3n: Espa\u00f1a<\/p>\n<p>Idioma de publicaci\u00f3n: Castellano<\/p>","protected":false},"excerpt":{"rendered":"<p>El acceso a los Ciclos Formativos de Grado Superior y los t\u00edtulos de Bachiller, como paso previo a una formaci\u00f3n m\u00e1s especializada, son una opci\u00f3n cada vez m\u00e1s y mejor valorada. La autora de la obra cuenta con una dilatada experiencia en el \u00e1mbito de la formaci\u00f3n, especialmente en la preparaci\u00f3n de alumnos de cara a estas pruebas, fruto de la cual ha constatado la inexistencia en el mercado editorial de contenidos adecuados para que los aspirantes preparen con garant\u00eda de \u00e9xito las pruebas de acceso a los ciclos formativos de grado superior o la obtenci\u00f3n del t\u00edtulo de bachiller en las pruebas libres.;El temario que ofrecemos aspira a suplir esas carencias y, despu\u00e9s de analizar detalladamente los curr\u00edculos de Bachillerato vigentes en las diferentes administraciones educativas y las caracter\u00edsticas de los ex\u00e1menes convocados por las distintas comunidades aut\u00f3nomas espa\u00f1olas, se presenta como la mejor opci\u00f3n para preparar las pruebas en la materia de Lengua y Literatura.;El contenido se adapta a las exigencias curriculares y est\u00e1 estructurado de manera did\u00e1ctica y sencilla, resultando asequible para todo tipo de alumnos e insistiendo en aquellos aspectos que recurrentemente forman parte de las pruebas. Esquemas, ejemplos pr\u00e1cticos, contenidos sint\u00e9ticos y bien explicados son los valores a\u00f1adidos que presenta esta obra y que la convierten en el mejor aliado para superar la parte correspondiente a la materia de Lengua y literatura.<\/p>","protected":false},"featured_media":4596,"comment_status":"open","ping_status":"closed","template":"","meta":[],"product_brand":[],"product_cat":[266],"product_tag":[310],"class_list":{"0":"post-4595","1":"product","2":"type-product","3":"status-publish","4":"has-post-thumbnail","6":"product_cat-libros","7":"product_tag-lengua-y-literatura","8":"thunk-woo-product-list","9":"th-shop-mania-woo-hover-","10":"open-single-product-tab-horizontal","11":"open-shadow-","12":"open-shadow-hover-","13":"th-shop-mania-single-product-content-left","15":"first","16":"instock","17":"downloadable","18":"taxable","19":"shipping-taxable","20":"purchasable","21":"product-type-simple"},"_links":{"self":[{"href":"https:\/\/macketi.com\/en\/wp-json\/wp\/v2\/product\/4595","targetHints":{"allow":["GET"]}}],"collection":[{"href":"https:\/\/macketi.com\/en\/wp-json\/wp\/v2\/product"}],"about":[{"href":"https:\/\/macketi.com\/en\/wp-json\/wp\/v2\/types\/product"}],"replies":[{"embeddable":true,"href":"https:\/\/macketi.com\/en\/wp-json\/wp\/v2\/comments?post=4595"}],"wp:featuredmedia":[{"embeddable":true,"href":"https:\/\/macketi.com\/en\/wp-json\/wp\/v2\/media\/4596"}],"wp:attachment":[{"href":"https:\/\/macketi.com\/en\/wp-json\/wp\/v2\/media?parent=4595"}],"wp:term":[{"taxonomy":"product_brand","embeddable":true,"href":"https:\/\/macketi.com\/en\/wp-json\/wp\/v2\/product_brand?post=4595"},{"taxonomy":"product_cat","embeddable":true,"href":"https:\/\/macketi.com\/en\/wp-json\/wp\/v2\/product_cat?post=4595"},{"taxonomy":"product_tag","embeddable":true,"href":"https:\/\/macketi.com\/en\/wp-json\/wp\/v2\/product_tag?post=4595"}],"curies":[{"name":"wp","href":"https:\/\/api.w.org\/{rel}","templated":true}]}}