{"id":4203,"date":"2024-05-29T18:06:33","date_gmt":"2024-05-29T16:06:33","guid":{"rendered":"https:\/\/macketi.com\/?post_type=product&#038;p=4203"},"modified":"2025-03-29T16:59:50","modified_gmt":"2025-03-29T15:59:50","slug":"mi-primer-libro-de-animales-espanol-ingles-castellano-ingles-8-base-kids-tapa-dura-album-de-fotos-14-noviembre-2016-de-magali-clavelet-autor-colaborador","status":"publish","type":"product","link":"https:\/\/macketi.com\/en\/product\/mi-primer-libro-de-animales-espanol-ingles-castellano-ingles-8-base-kids-tapa-dura-album-de-fotos-14-noviembre-2016-de-magali-clavelet-autor-colaborador\/","title":{"rendered":"Mi primer libro de animales"},"content":{"rendered":"<p><span class=\"a-list-item\"><span class=\"a-text-bold\">Editorial \u200f : \u200e\u00a0<\/span>BASE; N.\u00ba 1 edici\u00f3n (14 noviembre 2016)<\/span><\/p>\n<p><span class=\"a-list-item\"><span class=\"a-text-bold\">Idioma \u200f : \u200e\u00a0<\/span>Espa\u00f1ol<\/span><\/p>\n<p><span class=\"a-list-item\"><span class=\"a-text-bold\">Tapa dura \u200f : \u200e\u00a0<\/span>26 p\u00e1ginas<\/span><\/p>\n<p><span class=\"a-list-item\"><span class=\"a-text-bold\">ISBN-10 \u200f : \u200e\u00a0<\/span>8415706847<\/span><\/p>\n<p><span class=\"a-list-item\"><span class=\"a-text-bold\">ISBN-13 \u200f : \u200e\u00a0<\/span>978-8415706847<\/span><\/p>\n<p><span class=\"a-list-item\"><span class=\"a-text-bold\">Peso del producto \u200f : \u200e\u00a0<\/span>780 g<\/span><\/p>\n<p><span class=\"a-list-item\"><span class=\"a-text-bold\">Dimensiones \u200f : \u200e\u00a0<\/span>26 x 1.6 x 31.5 cm<\/span><\/p>","protected":false},"excerpt":{"rendered":"<p>Un libro para que los m\u00e1s peque\u00f1os conozcan los animales de todo el mundo en su h\u00e1bitat natural de manera amena y divertida. Cada animal se sit\u00faa en su contexto para facilitar el aprendizaje. \u00a1Con la ayuda de un adulto podr\u00e1n descubrir nuevos animales para ellos a\u00fan desconocidos!<\/p>","protected":false},"featured_media":4204,"comment_status":"open","ping_status":"closed","template":"","meta":[],"product_brand":[],"product_cat":[266],"product_tag":[430],"class_list":{"0":"post-4203","1":"product","2":"type-product","3":"status-publish","4":"has-post-thumbnail","6":"product_cat-libros","7":"product_tag-libros-infantiles","8":"thunk-woo-product-list","9":"th-shop-mania-woo-hover-","10":"open-single-product-tab-horizontal","11":"open-shadow-","12":"open-shadow-hover-","13":"th-shop-mania-single-product-content-left","15":"first","16":"instock","17":"downloadable","18":"taxable","19":"shipping-taxable","20":"purchasable","21":"product-type-simple"},"_links":{"self":[{"href":"https:\/\/macketi.com\/en\/wp-json\/wp\/v2\/product\/4203","targetHints":{"allow":["GET"]}}],"collection":[{"href":"https:\/\/macketi.com\/en\/wp-json\/wp\/v2\/product"}],"about":[{"href":"https:\/\/macketi.com\/en\/wp-json\/wp\/v2\/types\/product"}],"replies":[{"embeddable":true,"href":"https:\/\/macketi.com\/en\/wp-json\/wp\/v2\/comments?post=4203"}],"wp:featuredmedia":[{"embeddable":true,"href":"https:\/\/macketi.com\/en\/wp-json\/wp\/v2\/media\/4204"}],"wp:attachment":[{"href":"https:\/\/macketi.com\/en\/wp-json\/wp\/v2\/media?parent=4203"}],"wp:term":[{"taxonomy":"product_brand","embeddable":true,"href":"https:\/\/macketi.com\/en\/wp-json\/wp\/v2\/product_brand?post=4203"},{"taxonomy":"product_cat","embeddable":true,"href":"https:\/\/macketi.com\/en\/wp-json\/wp\/v2\/product_cat?post=4203"},{"taxonomy":"product_tag","embeddable":true,"href":"https:\/\/macketi.com\/en\/wp-json\/wp\/v2\/product_tag?post=4203"}],"curies":[{"name":"wp","href":"https:\/\/api.w.org\/{rel}","templated":true}]}}