{"id":4195,"date":"2024-05-29T17:53:12","date_gmt":"2024-05-29T15:53:12","guid":{"rendered":"https:\/\/macketi.com\/?post_type=product&#038;p=4195"},"modified":"2025-03-29T16:59:50","modified_gmt":"2025-03-29T15:59:50","slug":"karina-marina-2-un-minuto-para-triunfar-lo-mas-visto-tapa-dura-7-noviembre-2019-de-karina-marina-karina-marina-autor","status":"publish","type":"product","link":"https:\/\/macketi.com\/en\/product\/karina-marina-2-un-minuto-para-triunfar-lo-mas-visto-tapa-dura-7-noviembre-2019-de-karina-marina-karina-marina-autor\/","title":{"rendered":"Karina &#038; Marina 2"},"content":{"rendered":"<p><span class=\"a-list-item\"><span class=\"a-text-bold\">Editorial \u200f : \u200e\u00a0<\/span>MONTENA; 001 edici\u00f3n (7 noviembre 2019)<\/span><\/p>\n<p><span class=\"a-list-item\"><span class=\"a-text-bold\">Idioma \u200f : \u200e\u00a0<\/span>Espa\u00f1ol<\/span><\/p>\n<p><span class=\"a-list-item\"><span class=\"a-text-bold\">Tapa dura \u200f : \u200e\u00a0<\/span>192 p\u00e1ginas<\/span><\/p>\n<p><span class=\"a-list-item\"><span class=\"a-text-bold\">ISBN-10 \u200f : \u200e\u00a0<\/span>8417922148<\/span><\/p>\n<p><span class=\"a-list-item\"><span class=\"a-text-bold\">ISBN-13 \u200f : \u200e\u00a0<\/span>978-8417922146<\/span><\/p>\n<p><span class=\"a-list-item\"><span class=\"a-text-bold\">Edad de lectura \u200f : \u200e\u00a0<\/span>A partir de 7 a\u00f1os<\/span><\/p>\n<p><span class=\"a-list-item\"><span class=\"a-text-bold\">Peso del producto \u200f : \u200e\u00a0<\/span>393 g<\/span><\/p>\n<p><span class=\"a-list-item\"><span class=\"a-text-bold\">Dimensiones \u200f : \u200e\u00a0<\/span>14.4 x 2.2 x 21.2 cm<\/span><\/p>","protected":false},"excerpt":{"rendered":"<p><span class=\"a-text-bold\">\u00a1Vuelven las gemelas m\u00e1s opuestas del mundo!<\/span><\/p>\n<p><span class=\"a-text-bold\">NOTICIA TOP:<\/span>\u00a0Una productora superfamosa ha seleccionado a Karina para grabar el videoclip de\u00a0<span class=\"a-text-bold\">SU CANCI\u00d3N<\/span>.<\/p>\n<p>\u00a1Por fin ser\u00e1 una\u00a0<span class=\"a-text-bold\">ESTRELLA<\/span>! Aunque hay una condici\u00f3n:\u00a0<span class=\"a-text-bold\">MARINA<\/span>\u00a0ser\u00e1 la bailarina en el video.<\/p>\n<p>Es una oportunidad\u00a0<span class=\"a-text-bold\">\u00daNICA<\/span>\u00a0para cumplir su\u00a0<span class=\"a-text-bold\">SUE\u00d1O<\/span>, as\u00ed que por una vez tendr\u00e1n que soportarse. Pero todo se complica cuando Marina se lesiona el tobillo y no puede bailar&#8230;\u00a0<span class=\"a-text-bold\">\u00a1S.O.S.!<\/span><\/p>\n<p><span class=\"a-text-bold\">\u00bfSER\u00c1N CAPACES DE UNIR SUS FUERZAS LAS GEMELAS M\u00c1S ID\u00c9NTICAS Y OPUESTAS?<\/span><\/p>","protected":false},"featured_media":4196,"comment_status":"open","ping_status":"closed","template":"","meta":[],"product_brand":[],"product_cat":[266],"product_tag":[302],"class_list":{"0":"post-4195","1":"product","2":"type-product","3":"status-publish","4":"has-post-thumbnail","6":"product_cat-libros","7":"product_tag-desarrollo-personal","8":"thunk-woo-product-list","9":"th-shop-mania-woo-hover-","10":"open-single-product-tab-horizontal","11":"open-shadow-","12":"open-shadow-hover-","13":"th-shop-mania-single-product-content-left","15":"first","16":"instock","17":"downloadable","18":"taxable","19":"shipping-taxable","20":"purchasable","21":"product-type-simple"},"_links":{"self":[{"href":"https:\/\/macketi.com\/en\/wp-json\/wp\/v2\/product\/4195","targetHints":{"allow":["GET"]}}],"collection":[{"href":"https:\/\/macketi.com\/en\/wp-json\/wp\/v2\/product"}],"about":[{"href":"https:\/\/macketi.com\/en\/wp-json\/wp\/v2\/types\/product"}],"replies":[{"embeddable":true,"href":"https:\/\/macketi.com\/en\/wp-json\/wp\/v2\/comments?post=4195"}],"wp:featuredmedia":[{"embeddable":true,"href":"https:\/\/macketi.com\/en\/wp-json\/wp\/v2\/media\/4196"}],"wp:attachment":[{"href":"https:\/\/macketi.com\/en\/wp-json\/wp\/v2\/media?parent=4195"}],"wp:term":[{"taxonomy":"product_brand","embeddable":true,"href":"https:\/\/macketi.com\/en\/wp-json\/wp\/v2\/product_brand?post=4195"},{"taxonomy":"product_cat","embeddable":true,"href":"https:\/\/macketi.com\/en\/wp-json\/wp\/v2\/product_cat?post=4195"},{"taxonomy":"product_tag","embeddable":true,"href":"https:\/\/macketi.com\/en\/wp-json\/wp\/v2\/product_tag?post=4195"}],"curies":[{"name":"wp","href":"https:\/\/api.w.org\/{rel}","templated":true}]}}