{"id":4193,"date":"2024-05-29T17:45:44","date_gmt":"2024-05-29T15:45:44","guid":{"rendered":"https:\/\/macketi.com\/?post_type=product&#038;p=4193"},"modified":"2025-03-29T16:59:50","modified_gmt":"2025-03-29T15:59:50","slug":"el-peregrino-de-compostela-diario-de-un-mago-biblioteca-bolsillo-paulo-coelho-libro-de-bolsillo-16-febrero-2022-de-paulo-coelho-autor-hinda-katia-schumer-traductor","status":"publish","type":"product","link":"https:\/\/macketi.com\/en\/product\/el-peregrino-de-compostela-diario-de-un-mago-biblioteca-bolsillo-paulo-coelho-libro-de-bolsillo-16-febrero-2022-de-paulo-coelho-autor-hinda-katia-schumer-traductor\/","title":{"rendered":"El Peregrino de Compostela"},"content":{"rendered":"<p><span class=\"a-list-item\"><span class=\"a-text-bold\">Editorial \u200f : \u200e\u00a0<\/span>Booket (16 febrero 2022)<\/span><\/p>\n<p><span class=\"a-list-item\"><span class=\"a-text-bold\">Idioma \u200f : \u200e\u00a0<\/span>Espa\u00f1ol<\/span><\/p>\n<p><span class=\"a-list-item\"><span class=\"a-text-bold\">Libro de bolsillo \u200f : \u200e\u00a0<\/span>256 p\u00e1ginas<\/span><\/p>\n<p><span class=\"a-list-item\"><span class=\"a-text-bold\">ISBN-10 \u200f : \u200e\u00a0<\/span>8408253115<\/span><\/p>\n<p><span class=\"a-list-item\"><span class=\"a-text-bold\">ISBN-13 \u200f : \u200e\u00a0<\/span>978-8408253112<\/span><\/p>\n<p><span class=\"a-list-item\"><span class=\"a-text-bold\">Peso del producto \u200f : \u200e\u00a0<\/span>172 g<\/span><\/p>\n<p><span class=\"a-list-item\"><span class=\"a-text-bold\">Dimensiones \u200f : \u200e\u00a0<\/span>12.5 x 1.5 x 19 cm<\/span><\/p>","protected":false},"excerpt":{"rendered":"<p><span class=\"a-text-bold\">Una deslumbrante par\u00e1bola sobre la necesidad de encontrar nuestro camino en la vida.<\/span><\/p>\n<p><span class=\"a-text-bold\">Por el autor del bestseller internacional\u00a0<\/span><span class=\"a-text-bold a-text-italic\">El Alquimista.<\/span><\/p>\n<p>La experiencia de recorrer el Camino de Santiago inspir\u00f3 a Paulo Coelho a escribir esta novela, complemento ideal de\u00a0<span class=\"a-text-italic\">El Alquimista,\u00a0<\/span>el gran\u00a0<span class=\"a-text-italic\">bestseller\u00a0<\/span>internacional. Ambas narran dos grandes experiencias vitales, dos viajes transformadores.<\/p>\n<p>Ad\u00e9ntrate en el cautivador relato del peregrinaje de Coelho hacia Santiago en compa\u00f1\u00eda de su gu\u00eda espiritual, el misterioso y enigm\u00e1tico Petrus. Novela de aventuras y gu\u00eda de autodescubrimiento, este emocionante relato nos ofrece la combinaci\u00f3n perfecta de encanto y conocimiento. Una deslumbrante par\u00e1bola sobre la necesidad de hallar nuestro camino en la vida.<\/p>\n<p><span class=\"a-text-bold\">\u00abLo extraordinario reside en el camino de las personas comunes.\u00bb<\/span><\/p>","protected":false},"featured_media":4194,"comment_status":"open","ping_status":"closed","template":"","meta":[],"product_brand":[],"product_cat":[266],"product_tag":[308],"class_list":{"0":"post-4193","1":"product","2":"type-product","3":"status-publish","4":"has-post-thumbnail","6":"product_cat-libros","7":"product_tag-ficcion-contemporanea","8":"thunk-woo-product-list","9":"th-shop-mania-woo-hover-","10":"open-single-product-tab-horizontal","11":"open-shadow-","12":"open-shadow-hover-","13":"th-shop-mania-single-product-content-left","15":"first","16":"instock","17":"taxable","18":"shipping-taxable","19":"purchasable","20":"product-type-simple"},"_links":{"self":[{"href":"https:\/\/macketi.com\/en\/wp-json\/wp\/v2\/product\/4193","targetHints":{"allow":["GET"]}}],"collection":[{"href":"https:\/\/macketi.com\/en\/wp-json\/wp\/v2\/product"}],"about":[{"href":"https:\/\/macketi.com\/en\/wp-json\/wp\/v2\/types\/product"}],"replies":[{"embeddable":true,"href":"https:\/\/macketi.com\/en\/wp-json\/wp\/v2\/comments?post=4193"}],"wp:featuredmedia":[{"embeddable":true,"href":"https:\/\/macketi.com\/en\/wp-json\/wp\/v2\/media\/4194"}],"wp:attachment":[{"href":"https:\/\/macketi.com\/en\/wp-json\/wp\/v2\/media?parent=4193"}],"wp:term":[{"taxonomy":"product_brand","embeddable":true,"href":"https:\/\/macketi.com\/en\/wp-json\/wp\/v2\/product_brand?post=4193"},{"taxonomy":"product_cat","embeddable":true,"href":"https:\/\/macketi.com\/en\/wp-json\/wp\/v2\/product_cat?post=4193"},{"taxonomy":"product_tag","embeddable":true,"href":"https:\/\/macketi.com\/en\/wp-json\/wp\/v2\/product_tag?post=4193"}],"curies":[{"name":"wp","href":"https:\/\/api.w.org\/{rel}","templated":true}]}}