{"id":4173,"date":"2024-05-28T22:28:08","date_gmt":"2024-05-28T20:28:08","guid":{"rendered":"https:\/\/macketi.com\/?post_type=product&#038;p=4173"},"modified":"2025-03-29T16:59:50","modified_gmt":"2025-03-29T15:59:50","slug":"como-atraer-el-amor-1-tapa-blanda-1-enero-2018-edicion-en-espanol-de-lain-garcia-calvo-author","status":"publish","type":"product","link":"https:\/\/macketi.com\/en\/product\/como-atraer-el-amor-1-tapa-blanda-1-enero-2018-edicion-en-espanol-de-lain-garcia-calvo-author\/","title":{"rendered":"C\u00f3mo atraer el amor 1"},"content":{"rendered":"<p><span class=\"a-list-item\"><span class=\"a-text-bold\">Editorial \u200f : \u200e\u00a0<\/span>Garc\u00eda Calvo, La\u00edn (1 Enero 2018)<\/span><\/p>\n<p><span class=\"a-list-item\"><span class=\"a-text-bold\">Idioma \u200f : \u200e\u00a0<\/span>Espa\u00f1ol<\/span><\/p>\n<p><span class=\"a-list-item\"><span class=\"a-text-bold\">ISBN-10 \u200f : \u200e\u00a0<\/span>846979146X<\/span><\/p>\n<p><span class=\"a-list-item\"><span class=\"a-text-bold\">ISBN-13 \u200f : \u200e\u00a0<\/span>978-8469791462<\/span><\/p>\n<p><span class=\"a-list-item\"><span class=\"a-text-bold\">Dimensiones \u200f : \u200e\u00a0<\/span>8.03 x 6.22 x 0.63 pulgadas<\/span><\/p>","protected":false},"excerpt":{"rendered":"<p>\u00abEsta es la parte pr\u00e1ctica de la saga de la voz de tu alma enfocada al amor y las relaciones. \u00bfEs posible cambiar el curso de nuestras relaciones? Pareja, amigos, familia, hijos, compa\u00f1eros de trabajo, etc. las relaciones tienen un impacto en nuestras vidas mucho m\u00e1s grande del que podr\u00edamos pensar. \u00a1Deja de sufrir por amor y empieza a vivir por \u00e9l!\u00bb<\/p>","protected":false},"featured_media":4174,"comment_status":"open","ping_status":"closed","template":"","meta":[],"product_brand":[],"product_cat":[266],"product_tag":[302],"class_list":{"0":"post-4173","1":"product","2":"type-product","3":"status-publish","4":"has-post-thumbnail","6":"product_cat-libros","7":"product_tag-desarrollo-personal","8":"thunk-woo-product-list","9":"th-shop-mania-woo-hover-","10":"open-single-product-tab-horizontal","11":"open-shadow-","12":"open-shadow-hover-","13":"th-shop-mania-single-product-content-left","15":"first","16":"instock","17":"taxable","18":"shipping-taxable","19":"purchasable","20":"product-type-simple"},"_links":{"self":[{"href":"https:\/\/macketi.com\/en\/wp-json\/wp\/v2\/product\/4173","targetHints":{"allow":["GET"]}}],"collection":[{"href":"https:\/\/macketi.com\/en\/wp-json\/wp\/v2\/product"}],"about":[{"href":"https:\/\/macketi.com\/en\/wp-json\/wp\/v2\/types\/product"}],"replies":[{"embeddable":true,"href":"https:\/\/macketi.com\/en\/wp-json\/wp\/v2\/comments?post=4173"}],"wp:featuredmedia":[{"embeddable":true,"href":"https:\/\/macketi.com\/en\/wp-json\/wp\/v2\/media\/4174"}],"wp:attachment":[{"href":"https:\/\/macketi.com\/en\/wp-json\/wp\/v2\/media?parent=4173"}],"wp:term":[{"taxonomy":"product_brand","embeddable":true,"href":"https:\/\/macketi.com\/en\/wp-json\/wp\/v2\/product_brand?post=4173"},{"taxonomy":"product_cat","embeddable":true,"href":"https:\/\/macketi.com\/en\/wp-json\/wp\/v2\/product_cat?post=4173"},{"taxonomy":"product_tag","embeddable":true,"href":"https:\/\/macketi.com\/en\/wp-json\/wp\/v2\/product_tag?post=4173"}],"curies":[{"name":"wp","href":"https:\/\/api.w.org\/{rel}","templated":true}]}}