{"id":4164,"date":"2024-05-28T21:45:51","date_gmt":"2024-05-28T19:45:51","guid":{"rendered":"https:\/\/macketi.com\/?post_type=product&#038;p=4164"},"modified":"2025-03-29T16:59:50","modified_gmt":"2025-03-29T15:59:50","slug":"padre-rico-padre-pobre-que-les-ensenan-los-ricos-a-sus-hijos-acerca-del-dinero-que-los-pobres-y-la-clase-media-no-libro-de-bolsillo-4-febrero-2016-de-robert-t-kiyosaki-autor-al","status":"publish","type":"product","link":"https:\/\/macketi.com\/en\/product\/padre-rico-padre-pobre-que-les-ensenan-los-ricos-a-sus-hijos-acerca-del-dinero-que-los-pobres-y-la-clase-media-no-libro-de-bolsillo-4-febrero-2016-de-robert-t-kiyosaki-autor-al\/","title":{"rendered":"Padre Rico, padre pobre"},"content":{"rendered":"<p><span class=\"a-list-item\"><span class=\"a-text-bold\">*Editorial \u200f : \u200e <\/span>DEBOLSILLO; 001 edici\u00f3n (4 febrero 2016)<\/span><\/p>\n<p><span class=\"a-list-item\"><span class=\"a-text-bold\">*Idioma \u200f : \u200e <\/span>Espa\u00f1ol<\/span><\/p>\n<p><span class=\"a-list-item\"><span class=\"a-text-bold\">*Libro de bolsillo \u200f : \u200e <\/span>264 p\u00e1ginas<\/span><\/p>\n<p><span class=\"a-list-item\"><span class=\"a-text-bold\">*ISBN-10 \u200f : \u200e <\/span>9788466332125<\/span><\/p>\n<p><span class=\"a-list-item\"><span class=\"a-text-bold\">*ISBN-13 \u200f : \u200e <\/span>978-8466332125<\/span><\/p>\n<p><span class=\"a-list-item\"><span class=\"a-text-bold\">*Edad de lectura \u200f : \u200e <\/span>A partir de 18 a\u00f1os<\/span><\/p>\n<p><span class=\"a-list-item\"><span class=\"a-text-bold\">*Peso del producto \u200f : \u200e <\/span>190 g<\/span><\/p>\n<p><span class=\"a-list-item\"><span class=\"a-text-bold\">*Dimensiones \u200f : \u200e <\/span>12.5 x 1.5 x 19 cm<\/span><\/p>","protected":false},"excerpt":{"rendered":"<p><span class=\"a-text-bold a-text-italic\">Padre rico, padre pobre<\/span><span class=\"a-text-bold\">\u00a0es el libro de finanzas personales n\u00ba 1 en todo el mundo, el manual de Robert T. Kiyosaki que ense\u00f1a a las personas a hacerse millonarias.<\/span><\/p>\n<p><span class=\"a-text-bold a-text-italic\">Bestseller<\/span><span class=\"a-text-bold\">\u00a0de\u00a0<\/span><span class=\"a-text-bold a-text-italic\">The New York Times<\/span><span class=\"a-text-bold\">, del\u00a0<\/span><span class=\"a-text-bold a-text-italic\">Wall Street Journal<\/span><span class=\"a-text-bold\">, de Business Week y de\u00a0<\/span><span class=\"a-text-bold a-text-italic\">USA Today<\/span><span class=\"a-text-bold\">.<\/span><\/p>\n<p><span class=\"a-text-bold a-text-italic\">Padrerico, padre pobre<\/span><span class=\"a-text-bold\">\u00a0te ayudar\u00e1 a&#8230;<\/span><br \/>\n<span class=\"a-text-bold\">&#8230;<\/span>\u00a0derribar el mito de que necesitas tener ingresos elevados para hacerte rico.<br \/>\n<span class=\"a-text-bold\">&#8230;<\/span>\u00a0desafiar la creencia de que tu casa es una inversi\u00f3n.<br \/>\n<span class=\"a-text-bold\">&#8230;<\/span>\u00a0demostrar a los padres por qu\u00e9 no deben confiar en el sistema escolar para que sus hijos aprendan a manejar el dinero.<br \/>\n<span class=\"a-text-bold\">&#8230;\u00a0<\/span>definir de una vez y para siempre qu\u00e9 es una inversi\u00f3n, y qu\u00e9 es una obligaci\u00f3n.<br \/>\n<span class=\"a-text-bold\">&#8230;\u00a0<\/span>saber qu\u00e9 debes ense\u00f1ar a tus hijos sobre el dinero para que tengan \u00e9xito financiero en el futuro.<\/p>\n<p>Robert T. Kiyosaki ha transformado radicalmente la forma en que millones de personas alrededor del mundo perciben el concepto del dinero. Con perspectivas que contradicen el conocimiento convencional, Robert, tambi\u00e9n conocido como el \u00abmaestro\u00bb millonario, se ha ganado una gran reputaci\u00f3n por hablar claro, ser irreverente y tener valor. Es reconocido en todo el mundo como un defensor apasionado de la educaci\u00f3n financiera.<\/p>\n<p><span class=\"a-text-bold\">Rese\u00f1a:<\/span><br \/>\n\u00ab<span class=\"a-text-italic\">Padre rico, padre pobre<\/span>\u00a0es el punto de partida para quien quiera tomar el control de su futuro financiero.\u00bb<br \/>\n<span class=\"a-text-italic\">USA Today<\/span><\/p>","protected":false},"featured_media":4165,"comment_status":"open","ping_status":"closed","template":"","meta":[],"product_brand":[],"product_cat":[266],"product_tag":[301],"class_list":{"0":"post-4164","1":"product","2":"type-product","3":"status-publish","4":"has-post-thumbnail","6":"product_cat-libros","7":"product_tag-libros-de-educacion-financiera","8":"thunk-woo-product-list","9":"th-shop-mania-woo-hover-","10":"open-single-product-tab-horizontal","11":"open-shadow-","12":"open-shadow-hover-","13":"th-shop-mania-single-product-content-left","15":"first","16":"instock","17":"taxable","18":"shipping-taxable","19":"purchasable","20":"product-type-simple"},"_links":{"self":[{"href":"https:\/\/macketi.com\/en\/wp-json\/wp\/v2\/product\/4164","targetHints":{"allow":["GET"]}}],"collection":[{"href":"https:\/\/macketi.com\/en\/wp-json\/wp\/v2\/product"}],"about":[{"href":"https:\/\/macketi.com\/en\/wp-json\/wp\/v2\/types\/product"}],"replies":[{"embeddable":true,"href":"https:\/\/macketi.com\/en\/wp-json\/wp\/v2\/comments?post=4164"}],"wp:featuredmedia":[{"embeddable":true,"href":"https:\/\/macketi.com\/en\/wp-json\/wp\/v2\/media\/4165"}],"wp:attachment":[{"href":"https:\/\/macketi.com\/en\/wp-json\/wp\/v2\/media?parent=4164"}],"wp:term":[{"taxonomy":"product_brand","embeddable":true,"href":"https:\/\/macketi.com\/en\/wp-json\/wp\/v2\/product_brand?post=4164"},{"taxonomy":"product_cat","embeddable":true,"href":"https:\/\/macketi.com\/en\/wp-json\/wp\/v2\/product_cat?post=4164"},{"taxonomy":"product_tag","embeddable":true,"href":"https:\/\/macketi.com\/en\/wp-json\/wp\/v2\/product_tag?post=4164"}],"curies":[{"name":"wp","href":"https:\/\/api.w.org\/{rel}","templated":true}]}}