{"id":4160,"date":"2024-05-28T21:13:25","date_gmt":"2024-05-28T19:13:25","guid":{"rendered":"https:\/\/macketi.com\/?post_type=product&#038;p=4160"},"modified":"2025-03-29T16:59:50","modified_gmt":"2025-03-29T15:59:50","slug":"la-filosofia-del-exito-las-17-lecciones-originales-para-triunfar-alienta-tapa-dura-9-marzo-2022-de-napoleon-hill-autor-maria-maestro-cuadrado-traductor","status":"publish","type":"product","link":"https:\/\/macketi.com\/en\/product\/la-filosofia-del-exito-las-17-lecciones-originales-para-triunfar-alienta-tapa-dura-9-marzo-2022-de-napoleon-hill-autor-maria-maestro-cuadrado-traductor\/","title":{"rendered":"La filosof\u00eda del \u00e9xito"},"content":{"rendered":"<p><span class=\"a-list-item\"><span class=\"a-text-bold\">Editorial \u200f : \u200e\u00a0<\/span>Alienta Editorial (9 marzo 2022)<\/span><\/p>\n<p><span class=\"a-list-item\"><span class=\"a-text-bold\">Idioma \u200f : \u200e\u00a0<\/span>Espa\u00f1ol<\/span><\/p>\n<p><span class=\"a-list-item\"><span class=\"a-text-bold\">Tapa dura \u200f : \u200e\u00a0<\/span>208 p\u00e1ginas<\/span><\/p>\n<p><span class=\"a-list-item\"><span class=\"a-text-bold\">ISBN-10 \u200f : \u200e\u00a0<\/span>8413441412<\/span><\/p>\n<p><span class=\"a-list-item\"><span class=\"a-text-bold\">ISBN-13 \u200f : \u200e\u00a0<\/span>978-8413441412<\/span><\/p>\n<p><span class=\"a-list-item\"><span class=\"a-text-bold\">Peso del producto \u200f : \u200e\u00a0<\/span>252 g<\/span><\/p>\n<p><span class=\"a-list-item\"><span class=\"a-text-bold\">Dimensiones \u200f : \u200e\u00a0<\/span>12.5 x 2 x 17.8 cm<\/span><\/p>","protected":false},"excerpt":{"rendered":"<p>Tienes en tus manos los diecisiete principios del \u00e9xito que Napoleon Hill descubri\u00f3 tras m\u00e1s de veinte a\u00f1os de investigaci\u00f3n. La esencia de la sabidur\u00eda de quien, a pesar de llevar d\u00e9cadas muerto, sigue siendo considerando \u201cel fil\u00f3sofo de la superaci\u00f3n de todos los tiempos\u201d. Autor de m\u00faltiples libros superventas, Hill te da las claves para alcanzar el \u00e9xito, la felicidad y la tranquilidad de esp\u00edritu. L\u00edbrate de las limitaciones que te autoimpones y disfruta de la riqueza de la vida.<\/p>\n<p>Trabajar para conseguir tu objetivo ser\u00e1 m\u00e1s f\u00e1cil y productivo si conviertes estas ense\u00f1anzas en tus nuevos h\u00e1bitos. Aprende a definir tu meta en la vida, a ser una persona proactiva y con iniciativa, a mantener a raya las emociones negativas y a ganarte la confianza de los dem\u00e1s. Si lo haces, tu nueva actitud te allanar\u00e1 el camino mucho m\u00e1s de lo que puedas imaginar.<\/p>\n<p>Usa esta obra como lo que es: la br\u00fajula que guio a un hombre que no s\u00f3lo se hizo a s\u00ed mismo, sino que fue capaz de alcanzar todas las metas que se propuso. Porque, adem\u00e1s de compartir los principios fundamentales del \u00e9xito, Napoleon Hill te da instrucciones detalladas sobre c\u00f3mo aplicarlos. \u00a1Define tu norte y dir\u00edgete hacia \u00e9l sin perder m\u00e1s tiempo!<\/p>","protected":false},"featured_media":4161,"comment_status":"open","ping_status":"closed","template":"","meta":[],"product_brand":[],"product_cat":[266],"product_tag":[303],"class_list":{"0":"post-4160","1":"product","2":"type-product","3":"status-publish","4":"has-post-thumbnail","6":"product_cat-libros","7":"product_tag-libros-de-autoayuda","8":"thunk-woo-product-list","9":"th-shop-mania-woo-hover-","10":"open-single-product-tab-horizontal","11":"open-shadow-","12":"open-shadow-hover-","13":"th-shop-mania-single-product-content-left","15":"first","16":"instock","17":"taxable","18":"shipping-taxable","19":"purchasable","20":"product-type-simple"},"_links":{"self":[{"href":"https:\/\/macketi.com\/en\/wp-json\/wp\/v2\/product\/4160","targetHints":{"allow":["GET"]}}],"collection":[{"href":"https:\/\/macketi.com\/en\/wp-json\/wp\/v2\/product"}],"about":[{"href":"https:\/\/macketi.com\/en\/wp-json\/wp\/v2\/types\/product"}],"replies":[{"embeddable":true,"href":"https:\/\/macketi.com\/en\/wp-json\/wp\/v2\/comments?post=4160"}],"wp:featuredmedia":[{"embeddable":true,"href":"https:\/\/macketi.com\/en\/wp-json\/wp\/v2\/media\/4161"}],"wp:attachment":[{"href":"https:\/\/macketi.com\/en\/wp-json\/wp\/v2\/media?parent=4160"}],"wp:term":[{"taxonomy":"product_brand","embeddable":true,"href":"https:\/\/macketi.com\/en\/wp-json\/wp\/v2\/product_brand?post=4160"},{"taxonomy":"product_cat","embeddable":true,"href":"https:\/\/macketi.com\/en\/wp-json\/wp\/v2\/product_cat?post=4160"},{"taxonomy":"product_tag","embeddable":true,"href":"https:\/\/macketi.com\/en\/wp-json\/wp\/v2\/product_tag?post=4160"}],"curies":[{"name":"wp","href":"https:\/\/api.w.org\/{rel}","templated":true}]}}