{"id":4150,"date":"2024-05-28T17:48:15","date_gmt":"2024-05-28T15:48:15","guid":{"rendered":"https:\/\/macketi.com\/?post_type=product&#038;p=4150"},"modified":"2025-03-29T16:59:50","modified_gmt":"2025-03-29T15:59:50","slug":"guia-practica-para-el-recobro-de-deudas-como-obtener-porcentajes-de-recobro-mas-elevados-y-hacer-jaque-mate-a-los-morosos-tapa-blanda-26-enero-2017","status":"publish","type":"product","link":"https:\/\/macketi.com\/en\/product\/guia-practica-para-el-recobro-de-deudas-como-obtener-porcentajes-de-recobro-mas-elevados-y-hacer-jaque-mate-a-los-morosos-tapa-blanda-26-enero-2017\/","title":{"rendered":"Gu\u00eda pr\u00e1ctica para el recobro de deudas"},"content":{"rendered":"<p><span class=\"a-list-item\"><span class=\"a-text-bold\">Editorial \u200f : \u200e\u00a0<\/span>FC EDITORIAL; 1er edici\u00f3n (26 Enero 2017)<\/span><\/p>\n<p><span class=\"a-list-item\"><span class=\"a-text-bold\">Idioma \u200f : \u200e\u00a0<\/span>Espa\u00f1ol<\/span><\/p>\n<p><span class=\"a-list-item\"><span class=\"a-text-bold\">Tapa blanda \u200f : \u200e\u00a0<\/span>462 p\u00e1ginas<\/span><\/p>\n<p><span class=\"a-list-item\"><span class=\"a-text-bold\">ISBN-10 \u200f : \u200e\u00a0<\/span>8416671176<\/span><\/p>\n<p><span class=\"a-list-item\"><span class=\"a-text-bold\">ISBN-13 \u200f : \u200e\u00a0<\/span>978-8416671175<\/span><\/p>","protected":false},"excerpt":{"rendered":"<p>\u00bfC\u00f3mo actuar en la pr\u00e1ctica ante un impago? Esta es la pregunta crucial del cobro de deudas dinerarias. El \u00e9xito del recobro reside en la capacidad del acreedor para analizar la situaci\u00f3n, negociar un acuerdo de pagos razonable y utilizar los instrumentos m\u00e1s adecuados para cada fase de gesti\u00f3n. Cuando el responsable de recobro de impagos se encuentra ante un cliente que est\u00e1 pasando por una situaci\u00f3n de iliquidez transitoria, su objetivo ser\u00e1 cobrar la deuda, manteniendo la relaci\u00f3n comercial. En cambio, si se trata de un moroso contumaz, deber\u00e1 iniciar acciones resolutivas para conseguir la recuperaci\u00f3n del impagado. Es muy importante la fase del recobro amistoso, por lo que el acreedor debe convencer al deudor para que pague voluntariamente. El cobro de un impago no es tarea f\u00e1cil hoy en d\u00eda, en muchas ocasiones ser\u00e1 necesario reclamar la deuda a trav\u00e9s de cartas, emails, faxes. Y, adem\u00e1s, tendr\u00e1 que contactar telef\u00f3nicamente con el deudor y visitarlo personalmente para negociar un acuerdo de pagos. Asimismo, una vez conseguido el acuerdo con el deudor, hay que documentarlo, ya que como dice el refr\u00e1n: \u0093las palabras se las lleva el viento\u0094; por lo que es necesario plasmar el acuerdo en un documento que proteja los intereses del acreedor y refuerce su derecho de cr\u00e9dito. Esta obra, escrita bajo un enfoque muy pr\u00e1ctico, explica los procedimientos m\u00e1s id\u00f3neos para el recobro de deudas, a fin de que los lectores puedan afrontar con \u00e9xito las situaciones de impago que se les presenten en el d\u00eda a d\u00eda. El prop\u00f3sito es proporcionar al lector una informaci\u00f3n completa sobre las t\u00e9cnicas y herramientas adecuadas para realizar la gesti\u00f3n de recobro con el fin de que act\u00fae como un experto en la reclamaci\u00f3n de deudas dinerarias y hacer jaque mate a los morosos en pocas jugadas.<\/p>","protected":false},"featured_media":4151,"comment_status":"open","ping_status":"closed","template":"","meta":[],"product_brand":[],"product_cat":[266],"product_tag":[304],"class_list":{"0":"post-4150","1":"product","2":"type-product","3":"status-publish","4":"has-post-thumbnail","6":"product_cat-libros","7":"product_tag-derecho","8":"thunk-woo-product-list","9":"th-shop-mania-woo-hover-","10":"open-single-product-tab-horizontal","11":"open-shadow-","12":"open-shadow-hover-","13":"th-shop-mania-single-product-content-left","15":"first","16":"instock","17":"downloadable","18":"taxable","19":"shipping-taxable","20":"purchasable","21":"product-type-simple"},"_links":{"self":[{"href":"https:\/\/macketi.com\/en\/wp-json\/wp\/v2\/product\/4150","targetHints":{"allow":["GET"]}}],"collection":[{"href":"https:\/\/macketi.com\/en\/wp-json\/wp\/v2\/product"}],"about":[{"href":"https:\/\/macketi.com\/en\/wp-json\/wp\/v2\/types\/product"}],"replies":[{"embeddable":true,"href":"https:\/\/macketi.com\/en\/wp-json\/wp\/v2\/comments?post=4150"}],"wp:featuredmedia":[{"embeddable":true,"href":"https:\/\/macketi.com\/en\/wp-json\/wp\/v2\/media\/4151"}],"wp:attachment":[{"href":"https:\/\/macketi.com\/en\/wp-json\/wp\/v2\/media?parent=4150"}],"wp:term":[{"taxonomy":"product_brand","embeddable":true,"href":"https:\/\/macketi.com\/en\/wp-json\/wp\/v2\/product_brand?post=4150"},{"taxonomy":"product_cat","embeddable":true,"href":"https:\/\/macketi.com\/en\/wp-json\/wp\/v2\/product_cat?post=4150"},{"taxonomy":"product_tag","embeddable":true,"href":"https:\/\/macketi.com\/en\/wp-json\/wp\/v2\/product_tag?post=4150"}],"curies":[{"name":"wp","href":"https:\/\/api.w.org\/{rel}","templated":true}]}}