{"id":4148,"date":"2024-05-28T17:42:12","date_gmt":"2024-05-28T15:42:12","guid":{"rendered":"https:\/\/macketi.com\/?post_type=product&#038;p=4148"},"modified":"2025-03-29T16:59:50","modified_gmt":"2025-03-29T15:59:50","slug":"vivir-sin-jefe-el-libro-que-hara-que-ames-trabajar-por-tu-cuenta-plataforma-empresa-spanish-edition-tapa-blanda-1-junio-2009-edicion-en-espanol-de-sergio-fernandez-author-juan-carlos","status":"publish","type":"product","link":"https:\/\/macketi.com\/en\/product\/vivir-sin-jefe-el-libro-que-hara-que-ames-trabajar-por-tu-cuenta-plataforma-empresa-spanish-edition-tapa-blanda-1-junio-2009-edicion-en-espanol-de-sergio-fernandez-author-juan-carlos\/","title":{"rendered":"Vivir sin jefe"},"content":{"rendered":"<p><span class=\"a-list-item\"><span class=\"a-text-bold\">Editorial \u200f : \u200e\u00a0<\/span>Plataforma Editorial (1 julio 2013)<\/span><\/p>\n<p><span class=\"a-list-item\"><span class=\"a-text-bold\">Idioma \u200f : \u200e\u00a0<\/span>Espa\u00f1ol<\/span><\/p>\n<p><span class=\"a-list-item\"><span class=\"a-text-bold\">Tapa blanda \u200f : \u200e\u00a0<\/span>272 p\u00e1ginas<\/span><\/p>\n<p><span class=\"a-list-item\"><span class=\"a-text-bold\">ISBN-10 \u200f : \u200e\u00a0<\/span>8496981525<\/span><\/p>\n<p><span class=\"a-list-item\"><span class=\"a-text-bold\">ISBN-13 \u200f : \u200e\u00a0<\/span>978-8496981522<\/span><\/p>\n<p><span class=\"a-list-item\"><span class=\"a-text-bold\">Peso del producto \u200f : \u200e\u00a0<\/span>300 g<\/span><\/p>\n<p><span class=\"a-list-item\"><span class=\"a-text-bold\">Dimensiones \u200f : \u200e\u00a0<\/span>14 x 2 x 22 cm<\/span><\/p>","protected":false},"excerpt":{"rendered":"<p>Hay muchas personas que desarrollan trabajos como empleados por los que no sienten ninguna pasi\u00f3n, que los mantienen s\u00f3lo por conseguir la remuneraci\u00f3n de final de mes. Por otra parte est\u00e1n los emprendedores, gente que ha puesto en marcha una aventura empresarial y que suele atravesar todo tipo de problemas, excesos o dificultades hasta, si logran salir adelante, llegar a ver cumplido su sue\u00f1o. En Espa\u00f1a, m\u00e1s de la mitad de los sue\u00f1os empresariales fracasan en el primer a\u00f1o y tan s\u00f3lo un quince por ciento supera los cinco a\u00f1os. Tiene en sus manos un libro que le detalla y aconseja sobre los principales errores que cometen con mayor frecuencia los emprendedores. Si es cierta la sentencia que afirma que los fracasos constituyen el mejor aprendizaje, este libro es el perfecto formador.<\/p>","protected":false},"featured_media":4149,"comment_status":"open","ping_status":"closed","template":"","meta":[],"product_brand":[],"product_cat":[266],"product_tag":[301],"class_list":{"0":"post-4148","1":"product","2":"type-product","3":"status-publish","4":"has-post-thumbnail","6":"product_cat-libros","7":"product_tag-libros-de-educacion-financiera","8":"thunk-woo-product-list","9":"th-shop-mania-woo-hover-","10":"open-single-product-tab-horizontal","11":"open-shadow-","12":"open-shadow-hover-","13":"th-shop-mania-single-product-content-left","15":"first","16":"instock","17":"downloadable","18":"taxable","19":"shipping-taxable","20":"purchasable","21":"product-type-simple"},"_links":{"self":[{"href":"https:\/\/macketi.com\/en\/wp-json\/wp\/v2\/product\/4148","targetHints":{"allow":["GET"]}}],"collection":[{"href":"https:\/\/macketi.com\/en\/wp-json\/wp\/v2\/product"}],"about":[{"href":"https:\/\/macketi.com\/en\/wp-json\/wp\/v2\/types\/product"}],"replies":[{"embeddable":true,"href":"https:\/\/macketi.com\/en\/wp-json\/wp\/v2\/comments?post=4148"}],"wp:featuredmedia":[{"embeddable":true,"href":"https:\/\/macketi.com\/en\/wp-json\/wp\/v2\/media\/4149"}],"wp:attachment":[{"href":"https:\/\/macketi.com\/en\/wp-json\/wp\/v2\/media?parent=4148"}],"wp:term":[{"taxonomy":"product_brand","embeddable":true,"href":"https:\/\/macketi.com\/en\/wp-json\/wp\/v2\/product_brand?post=4148"},{"taxonomy":"product_cat","embeddable":true,"href":"https:\/\/macketi.com\/en\/wp-json\/wp\/v2\/product_cat?post=4148"},{"taxonomy":"product_tag","embeddable":true,"href":"https:\/\/macketi.com\/en\/wp-json\/wp\/v2\/product_tag?post=4148"}],"curies":[{"name":"wp","href":"https:\/\/api.w.org\/{rel}","templated":true}]}}