{"id":4146,"date":"2024-05-28T17:30:08","date_gmt":"2024-05-28T15:30:08","guid":{"rendered":"https:\/\/macketi.com\/?post_type=product&#038;p=4146"},"modified":"2025-03-29T16:59:50","modified_gmt":"2025-03-29T15:59:50","slug":"piense-y-hagase-rico-exito-tapa-blanda-22-febrero-2022-de-napoleon-hill-autor-juli-peradejordi-salazar-traductor-2","status":"publish","type":"product","link":"https:\/\/macketi.com\/en\/product\/piense-y-hagase-rico-exito-tapa-blanda-22-febrero-2022-de-napoleon-hill-autor-juli-peradejordi-salazar-traductor-2\/","title":{"rendered":"Piense y h\u00e1gase rico"},"content":{"rendered":"<div id=\"detailBullets_feature_div\">\n<p><span class=\"a-list-item\"><span class=\"a-text-bold\">*Editorial \u200f : \u200e <\/span>EDICIONES OBELISCO S.L.; Obelisco edici\u00f3n (22 febrero 2022)<\/span><\/p>\n<p><span class=\"a-list-item\"><span class=\"a-text-bold\">*Idioma \u200f : \u200e <\/span>Espa\u00f1ol<\/span><\/p>\n<p><span class=\"a-list-item\"><span class=\"a-text-bold\">*Tapa blanda \u200f : \u200e <\/span>320 p\u00e1ginas<\/span><\/p>\n<p><span class=\"a-list-item\"><span class=\"a-text-bold\">*ISBN-10 \u200f : \u200e <\/span>8497778219<\/span><\/p>\n<p><span class=\"a-list-item\"><span class=\"a-text-bold\">*ISBN-13 \u200f : \u200e <\/span>978-8497778213<\/span><\/p>\n<p><span class=\"a-list-item\"><span class=\"a-text-bold\">*Peso del producto \u200f : \u200e <\/span>314 g<\/span><\/p>\n<p><span class=\"a-list-item\"><span class=\"a-text-bold\">*Dimensiones \u200f : \u200e <\/span>12.7 x 2.54 x 19.05 cm<\/span><\/p>\n<\/div>","protected":false},"excerpt":{"rendered":"<p>Un cl\u00e1sico para alcanzar la riqueza Tras m\u00e1s de veinte a\u00f1os investigando cient\u00edficamente a los hombres m\u00e1s ricos de su \u00e9poca, Napoleon Hill aprendi\u00f3 el secreto de la riqueza del famoso industrial y escritor Andrew Carnegie. Carnegie no s\u00f3lo lleg\u00f3 a ser multimillonario sino que hizo millonarios a una multitud de personas a las que ense\u00f1\u00f3 su sabidur\u00eda. Piense y h\u00e1gase rico es una obra dise\u00f1ada a partir de una experiencia para conseguir el triunfo econ\u00f3mico y personal de la humanidad entera. Gracias a este libro, la riqueza y la realizaci\u00f3n personal est\u00e1n al alcance de todas aquellas personas que lo deseen. No dejes el \u00e9xito en manos de unos pocos y lucha por tu trozo de pastel.<\/p>","protected":false},"featured_media":4147,"comment_status":"open","ping_status":"closed","template":"","meta":[],"product_brand":[],"product_cat":[266],"product_tag":[303],"class_list":{"0":"post-4146","1":"product","2":"type-product","3":"status-publish","4":"has-post-thumbnail","6":"product_cat-libros","7":"product_tag-libros-de-autoayuda","8":"thunk-woo-product-list","9":"th-shop-mania-woo-hover-","10":"open-single-product-tab-horizontal","11":"open-shadow-","12":"open-shadow-hover-","13":"th-shop-mania-single-product-content-left","15":"first","16":"instock","17":"taxable","18":"shipping-taxable","19":"purchasable","20":"product-type-simple"},"_links":{"self":[{"href":"https:\/\/macketi.com\/en\/wp-json\/wp\/v2\/product\/4146","targetHints":{"allow":["GET"]}}],"collection":[{"href":"https:\/\/macketi.com\/en\/wp-json\/wp\/v2\/product"}],"about":[{"href":"https:\/\/macketi.com\/en\/wp-json\/wp\/v2\/types\/product"}],"replies":[{"embeddable":true,"href":"https:\/\/macketi.com\/en\/wp-json\/wp\/v2\/comments?post=4146"}],"wp:featuredmedia":[{"embeddable":true,"href":"https:\/\/macketi.com\/en\/wp-json\/wp\/v2\/media\/4147"}],"wp:attachment":[{"href":"https:\/\/macketi.com\/en\/wp-json\/wp\/v2\/media?parent=4146"}],"wp:term":[{"taxonomy":"product_brand","embeddable":true,"href":"https:\/\/macketi.com\/en\/wp-json\/wp\/v2\/product_brand?post=4146"},{"taxonomy":"product_cat","embeddable":true,"href":"https:\/\/macketi.com\/en\/wp-json\/wp\/v2\/product_cat?post=4146"},{"taxonomy":"product_tag","embeddable":true,"href":"https:\/\/macketi.com\/en\/wp-json\/wp\/v2\/product_tag?post=4146"}],"curies":[{"name":"wp","href":"https:\/\/api.w.org\/{rel}","templated":true}]}}