{"id":4143,"date":"2024-05-28T17:10:18","date_gmt":"2024-05-28T15:10:18","guid":{"rendered":"https:\/\/macketi.com\/?post_type=product&#038;p=4143"},"modified":"2025-03-29T16:59:50","modified_gmt":"2025-03-29T15:59:50","slug":"el-abogado-en-casa-tapa-blanda-21-junio-2013-de-vv-aa-escritor","status":"publish","type":"product","link":"https:\/\/macketi.com\/en\/product\/el-abogado-en-casa-tapa-blanda-21-junio-2013-de-vv-aa-escritor\/","title":{"rendered":"El abogado en casa"},"content":{"rendered":"<p><span class=\"a-list-item\"><span class=\"a-text-bold\">*Editorial \u200f : \u200e <\/span>DE VECCHI EDICIONES, S.A. (21 junio 2013)<\/span><\/p>\n<p><span class=\"a-list-item\"><span class=\"a-text-bold\">*Idioma \u200f : \u200e <\/span>Espa\u00f1ol<\/span><\/p>\n<p><span class=\"a-list-item\"><span class=\"a-text-bold\">*Tapa blanda \u200f : \u200e <\/span>860 p\u00e1ginas<\/span><\/p>\n<p><span class=\"a-list-item\"><span class=\"a-text-bold\">*ISBN-10 \u200f : \u200e <\/span>8431556099<\/span><\/p>\n<p><span class=\"a-list-item\"><span class=\"a-text-bold\">*ISBN-13 \u200f : \u200e <\/span>978-8431556099<\/span><\/p>\n<p><span class=\"a-list-item\"><span class=\"a-text-bold\">*Peso del producto \u200f : \u200e <\/span>1,08 kg<\/span><\/p>","protected":false},"excerpt":{"rendered":"<p>Una gu\u00eda jur\u00eddica completa para todo el mundo, con modelos de contratos, cartas y formularios. Un divorcio, la muerte de un familiar, conflictos laborales o la firma de un contrato de venta son ejemplos de situaciones que pueden causar graves problemas cuando no se poseen los conocimientos jur\u00eddicos necesarios. Esta obra pone en pr\u00e1ctica la conocida m\u00e1xima de Montaigne: \u00abLa libertad es el derecho a hacer todo lo que las leyes permiten\u00bb. En efecto, su finalidad es informar al lector de sus derechos y deberes, tanto en la vida privada como en la esfera social o el mundo laboral. La obra, f\u00e1cil de consultar gracias al exhaustivo \u00edndice anal\u00edtico que inlcuye al final, es una aut\u00e9ntica biblia jur\u00eddica que nos permitir\u00e1 actuar correcta y seranente ante posibles conflictos. Cada caso, adem\u00e1s, se analiza con la m\u00e1xima precisi\u00f3n posible y se acompa\u00f1a con los textos de las leyes correspondientes y los documentos necesarios.<\/p>","protected":false},"featured_media":4144,"comment_status":"open","ping_status":"closed","template":"","meta":[],"product_brand":[],"product_cat":[266],"product_tag":[304],"class_list":{"0":"post-4143","1":"product","2":"type-product","3":"status-publish","4":"has-post-thumbnail","6":"product_cat-libros","7":"product_tag-derecho","8":"thunk-woo-product-list","9":"th-shop-mania-woo-hover-","10":"open-single-product-tab-horizontal","11":"open-shadow-","12":"open-shadow-hover-","13":"th-shop-mania-single-product-content-left","15":"first","16":"instock","17":"taxable","18":"shipping-taxable","19":"purchasable","20":"product-type-simple"},"_links":{"self":[{"href":"https:\/\/macketi.com\/en\/wp-json\/wp\/v2\/product\/4143","targetHints":{"allow":["GET"]}}],"collection":[{"href":"https:\/\/macketi.com\/en\/wp-json\/wp\/v2\/product"}],"about":[{"href":"https:\/\/macketi.com\/en\/wp-json\/wp\/v2\/types\/product"}],"replies":[{"embeddable":true,"href":"https:\/\/macketi.com\/en\/wp-json\/wp\/v2\/comments?post=4143"}],"wp:featuredmedia":[{"embeddable":true,"href":"https:\/\/macketi.com\/en\/wp-json\/wp\/v2\/media\/4144"}],"wp:attachment":[{"href":"https:\/\/macketi.com\/en\/wp-json\/wp\/v2\/media?parent=4143"}],"wp:term":[{"taxonomy":"product_brand","embeddable":true,"href":"https:\/\/macketi.com\/en\/wp-json\/wp\/v2\/product_brand?post=4143"},{"taxonomy":"product_cat","embeddable":true,"href":"https:\/\/macketi.com\/en\/wp-json\/wp\/v2\/product_cat?post=4143"},{"taxonomy":"product_tag","embeddable":true,"href":"https:\/\/macketi.com\/en\/wp-json\/wp\/v2\/product_tag?post=4143"}],"curies":[{"name":"wp","href":"https:\/\/api.w.org\/{rel}","templated":true}]}}