{"id":17232,"date":"2026-04-22T18:45:00","date_gmt":"2026-04-22T16:45:00","guid":{"rendered":"https:\/\/macketi.com\/?post_type=product&#038;p=17232"},"modified":"2026-04-22T18:47:14","modified_gmt":"2026-04-22T16:47:14","slug":"pan-de-centeno-dulcesol","status":"publish","type":"product","link":"https:\/\/macketi.com\/en\/product\/pan-de-centeno-dulcesol\/","title":{"rendered":"Pan de Centeno Dulcesol"},"content":{"rendered":"<p data-path-to-node=\"3,0,0\"><b data-path-to-node=\"3,0,0\" data-index-in-node=\"0\">-Tipo de Pan:<\/b> Es un pan de molde integral elaborado con <b data-path-to-node=\"3,0,0\" data-index-in-node=\"55\">centeno (18%)<\/b>, lo que le otorga ese color oscuro tan caracter\u00edstico y un sabor m\u00e1s intenso y ligeramente \u00e1cido.<\/p>\n<p data-path-to-node=\"3,1,0\"><b data-path-to-node=\"3,1,0\" data-index-in-node=\"0\">-Perfil Nutricional:<\/b> * <b data-path-to-node=\"3,1,0\" data-index-in-node=\"22\">Fuente de Fibra:<\/b> Al ser de centeno, ayuda a la digesti\u00f3n y aporta mayor saciedad.<\/p>\n<p data-path-to-node=\"3,1,1,0,0\"><b data-path-to-node=\"3,1,1,0,0\" data-index-in-node=\"0\">*Sin Az\u00facares A\u00f1adidos:<\/b> Al igual que el pan de Hermanos Juan, Dulcesol destaca que no a\u00f1ade az\u00facares en esta receta.<\/p>\n<p data-path-to-node=\"3,2,0\"><b data-path-to-node=\"3,2,0\" data-index-in-node=\"0\">-Textura:<\/b> Es un pan m\u00e1s denso y consistente, ideal para quienes prefieren una mordida m\u00e1s firme. Adem\u00e1s, se aprecian <b data-path-to-node=\"3,2,0\" data-index-in-node=\"116\">semillas y copos<\/b> en la corteza que a\u00f1aden textura.<\/p>","protected":false},"excerpt":{"rendered":"<p>Pan de Centeno de la marca Dulcesol<\/p>","protected":false},"featured_media":17233,"comment_status":"open","ping_status":"closed","template":"","meta":[],"product_brand":[],"product_cat":[621],"product_tag":[],"class_list":{"0":"post-17232","1":"product","2":"type-product","3":"status-publish","4":"has-post-thumbnail","6":"product_cat-desayunos","7":"thunk-woo-product-list","8":"th-shop-mania-woo-hover-","9":"open-single-product-tab-horizontal","10":"open-shadow-","11":"open-shadow-hover-","12":"th-shop-mania-single-product-content-left","14":"first","15":"instock","16":"downloadable","17":"taxable","18":"shipping-taxable","19":"purchasable","20":"product-type-simple"},"_links":{"self":[{"href":"https:\/\/macketi.com\/en\/wp-json\/wp\/v2\/product\/17232","targetHints":{"allow":["GET"]}}],"collection":[{"href":"https:\/\/macketi.com\/en\/wp-json\/wp\/v2\/product"}],"about":[{"href":"https:\/\/macketi.com\/en\/wp-json\/wp\/v2\/types\/product"}],"replies":[{"embeddable":true,"href":"https:\/\/macketi.com\/en\/wp-json\/wp\/v2\/comments?post=17232"}],"wp:featuredmedia":[{"embeddable":true,"href":"https:\/\/macketi.com\/en\/wp-json\/wp\/v2\/media\/17233"}],"wp:attachment":[{"href":"https:\/\/macketi.com\/en\/wp-json\/wp\/v2\/media?parent=17232"}],"wp:term":[{"taxonomy":"product_brand","embeddable":true,"href":"https:\/\/macketi.com\/en\/wp-json\/wp\/v2\/product_brand?post=17232"},{"taxonomy":"product_cat","embeddable":true,"href":"https:\/\/macketi.com\/en\/wp-json\/wp\/v2\/product_cat?post=17232"},{"taxonomy":"product_tag","embeddable":true,"href":"https:\/\/macketi.com\/en\/wp-json\/wp\/v2\/product_tag?post=17232"}],"curies":[{"name":"wp","href":"https:\/\/api.w.org\/{rel}","templated":true}]}}