{"id":17230,"date":"2026-04-22T18:40:47","date_gmt":"2026-04-22T16:40:47","guid":{"rendered":"https:\/\/macketi.com\/?post_type=product&#038;p=17230"},"modified":"2026-04-22T18:43:38","modified_gmt":"2026-04-22T16:43:38","slug":"pan-de-molde-normal-hermanos-juan","status":"publish","type":"product","link":"https:\/\/macketi.com\/en\/product\/pan-de-molde-normal-hermanos-juan\/","title":{"rendered":"Pan de molde normal Hermanos Juan"},"content":{"rendered":"<p data-path-to-node=\"3,0,0\"><b data-path-to-node=\"3,0,0\" data-index-in-node=\"0\">-Tipo de Pan:<\/b> Es un pan de molde blanco cl\u00e1sico, elaborado con harina refinada para obtener una textura muy tierna y esponjosa.<\/p>\n<p data-path-to-node=\"3,1,0\"><b data-path-to-node=\"3,1,0\" data-index-in-node=\"0\">-Sin Az\u00facares A\u00f1adidos:<\/b> Un punto diferencial importante, ya que muchos panes de molde industriales contienen az\u00facar para mejorar el sabor o el color de la corteza. Este se promociona como una opci\u00f3n m\u00e1s equilibrada.<\/p>\n<p data-path-to-node=\"3,2,0\"><b data-path-to-node=\"3,2,0\" data-index-in-node=\"0\">-Marca:<\/b> <b data-path-to-node=\"3,2,0\" data-index-in-node=\"7\">Hermanos Juan<\/b>, una marca espa\u00f1ola que suele encontrarse en cadenas como Mercadona y que destaca por su enfoque en \u00abCalidad y Tradici\u00f3n\u00bb (como indica el envase).<\/p>","protected":false},"excerpt":{"rendered":"<p><b data-path-to-node=\"0\" data-index-in-node=\"90\">Pan de molde blanco de la marca Hermanos Juan<\/b>.<\/p>","protected":false},"featured_media":17231,"comment_status":"open","ping_status":"closed","template":"","meta":[],"product_brand":[],"product_cat":[621],"product_tag":[],"class_list":{"0":"post-17230","1":"product","2":"type-product","3":"status-publish","4":"has-post-thumbnail","6":"product_cat-desayunos","7":"thunk-woo-product-list","8":"th-shop-mania-woo-hover-","9":"open-single-product-tab-horizontal","10":"open-shadow-","11":"open-shadow-hover-","12":"th-shop-mania-single-product-content-left","14":"first","15":"instock","16":"downloadable","17":"taxable","18":"shipping-taxable","19":"purchasable","20":"product-type-simple"},"_links":{"self":[{"href":"https:\/\/macketi.com\/en\/wp-json\/wp\/v2\/product\/17230","targetHints":{"allow":["GET"]}}],"collection":[{"href":"https:\/\/macketi.com\/en\/wp-json\/wp\/v2\/product"}],"about":[{"href":"https:\/\/macketi.com\/en\/wp-json\/wp\/v2\/types\/product"}],"replies":[{"embeddable":true,"href":"https:\/\/macketi.com\/en\/wp-json\/wp\/v2\/comments?post=17230"}],"wp:featuredmedia":[{"embeddable":true,"href":"https:\/\/macketi.com\/en\/wp-json\/wp\/v2\/media\/17231"}],"wp:attachment":[{"href":"https:\/\/macketi.com\/en\/wp-json\/wp\/v2\/media?parent=17230"}],"wp:term":[{"taxonomy":"product_brand","embeddable":true,"href":"https:\/\/macketi.com\/en\/wp-json\/wp\/v2\/product_brand?post=17230"},{"taxonomy":"product_cat","embeddable":true,"href":"https:\/\/macketi.com\/en\/wp-json\/wp\/v2\/product_cat?post=17230"},{"taxonomy":"product_tag","embeddable":true,"href":"https:\/\/macketi.com\/en\/wp-json\/wp\/v2\/product_tag?post=17230"}],"curies":[{"name":"wp","href":"https:\/\/api.w.org\/{rel}","templated":true}]}}