{"id":17222,"date":"2026-04-22T18:17:58","date_gmt":"2026-04-22T16:17:58","guid":{"rendered":"https:\/\/macketi.com\/?post_type=product&#038;p=17222"},"modified":"2026-04-22T18:29:47","modified_gmt":"2026-04-22T16:29:47","slug":"crema-cacao-nocilla-0-180g","status":"publish","type":"product","link":"https:\/\/macketi.com\/en\/product\/crema-cacao-nocilla-0-180g\/","title":{"rendered":"Crema cacao Nocilla 0% 180G"},"content":{"rendered":"<p data-path-to-node=\"2,0,0\"><b data-path-to-node=\"2,0,0\" data-index-in-node=\"0\">-Variedad ChocoMix:<\/b> Se trata de la versi\u00f3n de dos sabores, combinando la cl\u00e1sica crema de cacao (marr\u00f3n) con la crema de leche (blanca).<\/p>\n<p data-path-to-node=\"2,1,0\"><b data-path-to-node=\"2,1,0\" data-index-in-node=\"0\">-0% Az\u00facares A\u00f1adidos:<\/b> Esta es la versi\u00f3n \u00absaludable\u00bb que no contiene az\u00facar extra procesada, sustituy\u00e9ndola generalmente por edulcorantes (como maltitol y stevia).<\/p>\n<p data-path-to-node=\"2,1,0\">Este producto est\u00e1 dise\u00f1ado para personas que quieren disfrutar del sabor tradicional de la merienda pero con una <b data-path-to-node=\"8\" data-index-in-node=\"114\">menor carga gluc\u00e9mica<\/b>, ya sea por salud, dieta o preferencia personal.<\/p>\n<p data-path-to-node=\"2,2,0\"><b data-path-to-node=\"2,2,0\" data-index-in-node=\"0\">-Sin Aceite de Palma:<\/b> El envase destaca en verde un compromiso importante de la marca: el uso de aceites m\u00e1s sostenibles (como el aceite de girasol alto oleico) en lugar de palma.<\/p>","protected":false},"excerpt":{"rendered":"<p><b data-path-to-node=\"0\" data-index-in-node=\"35\">Nocilla ChocoMix 0%<\/b>, una crema de cacao y leche para untar.<\/p>","protected":false},"featured_media":17223,"comment_status":"open","ping_status":"closed","template":"","meta":[],"product_brand":[],"product_cat":[621],"product_tag":[],"class_list":{"0":"post-17222","1":"product","2":"type-product","3":"status-publish","4":"has-post-thumbnail","6":"product_cat-desayunos","7":"thunk-woo-product-list","8":"th-shop-mania-woo-hover-","9":"open-single-product-tab-horizontal","10":"open-shadow-","11":"open-shadow-hover-","12":"th-shop-mania-single-product-content-left","14":"first","15":"instock","16":"downloadable","17":"taxable","18":"shipping-taxable","19":"purchasable","20":"product-type-simple"},"_links":{"self":[{"href":"https:\/\/macketi.com\/en\/wp-json\/wp\/v2\/product\/17222","targetHints":{"allow":["GET"]}}],"collection":[{"href":"https:\/\/macketi.com\/en\/wp-json\/wp\/v2\/product"}],"about":[{"href":"https:\/\/macketi.com\/en\/wp-json\/wp\/v2\/types\/product"}],"replies":[{"embeddable":true,"href":"https:\/\/macketi.com\/en\/wp-json\/wp\/v2\/comments?post=17222"}],"wp:featuredmedia":[{"embeddable":true,"href":"https:\/\/macketi.com\/en\/wp-json\/wp\/v2\/media\/17223"}],"wp:attachment":[{"href":"https:\/\/macketi.com\/en\/wp-json\/wp\/v2\/media?parent=17222"}],"wp:term":[{"taxonomy":"product_brand","embeddable":true,"href":"https:\/\/macketi.com\/en\/wp-json\/wp\/v2\/product_brand?post=17222"},{"taxonomy":"product_cat","embeddable":true,"href":"https:\/\/macketi.com\/en\/wp-json\/wp\/v2\/product_cat?post=17222"},{"taxonomy":"product_tag","embeddable":true,"href":"https:\/\/macketi.com\/en\/wp-json\/wp\/v2\/product_tag?post=17222"}],"curies":[{"name":"wp","href":"https:\/\/api.w.org\/{rel}","templated":true}]}}