{"id":17192,"date":"2026-04-20T18:26:27","date_gmt":"2026-04-20T16:26:27","guid":{"rendered":"https:\/\/macketi.com\/?post_type=product&#038;p=17192"},"modified":"2026-04-20T18:30:52","modified_gmt":"2026-04-20T16:30:52","slug":"crema-o-pasta-de-cacahuete-mani-pcd","status":"publish","type":"product","link":"https:\/\/macketi.com\/en\/product\/crema-o-pasta-de-cacahuete-mani-pcd\/","title":{"rendered":"Crema o pasta de cacahuete\/man\u00ed PCD"},"content":{"rendered":"<p data-path-to-node=\"2,0,0\"><b data-path-to-node=\"2,0,0\" data-index-in-node=\"0\">-Marca:<\/b> PCD (presentada en un logotipo rojo y blanco).<\/p>\n<p data-path-to-node=\"2,1,0\"><b data-path-to-node=\"2,1,0\" data-index-in-node=\"0\">-Producto:<\/b> Pasta de cacahuete (etiquetado en franc\u00e9s como <i data-path-to-node=\"2,1,0\" data-index-in-node=\"57\">\u00abP\u00e2te d&#8217;Arachide\u00bb<\/i>).<\/p>\n<p data-path-to-node=\"2,2,0\"><b data-path-to-node=\"2,2,0\" data-index-in-node=\"0\">-Contenido neto:<\/b> 500 gramos.<\/p>\n<p data-path-to-node=\"2,3,0\"><b data-path-to-node=\"2,3,0\" data-index-in-node=\"0\">-Presentaci\u00f3n:<\/b> Tarro de pl\u00e1stico transparente con una tapa de rosca de color marr\u00f3n oscuro.<\/p>\n<p data-path-to-node=\"2,3,0\">Este tipo de producto es muy vers\u00e1til y se utiliza com\u00fanmente tanto para untar en pan como para la elaboraci\u00f3n de salsas y guisos en diversas gastronom\u00edas, especialmente en la cocina africana.<\/p>","protected":false},"excerpt":{"rendered":"<p>Este es un tarro de <b data-path-to-node=\"0\" data-index-in-node=\"20\">P\u00e2te d&#8217;Arachide<\/b> (crema o pasta de cacahuete\/man\u00ed) de la marca <b data-path-to-node=\"0\" data-index-in-node=\"82\">PCD<\/b>.<\/p>","protected":false},"featured_media":17193,"comment_status":"open","ping_status":"closed","template":"","meta":[],"product_brand":[],"product_cat":[621],"product_tag":[],"class_list":{"0":"post-17192","1":"product","2":"type-product","3":"status-publish","4":"has-post-thumbnail","6":"product_cat-desayunos","7":"thunk-woo-product-list","8":"th-shop-mania-woo-hover-","9":"open-single-product-tab-horizontal","10":"open-shadow-","11":"open-shadow-hover-","12":"th-shop-mania-single-product-content-left","14":"first","15":"instock","16":"downloadable","17":"taxable","18":"shipping-taxable","19":"purchasable","20":"product-type-simple"},"_links":{"self":[{"href":"https:\/\/macketi.com\/en\/wp-json\/wp\/v2\/product\/17192","targetHints":{"allow":["GET"]}}],"collection":[{"href":"https:\/\/macketi.com\/en\/wp-json\/wp\/v2\/product"}],"about":[{"href":"https:\/\/macketi.com\/en\/wp-json\/wp\/v2\/types\/product"}],"replies":[{"embeddable":true,"href":"https:\/\/macketi.com\/en\/wp-json\/wp\/v2\/comments?post=17192"}],"wp:featuredmedia":[{"embeddable":true,"href":"https:\/\/macketi.com\/en\/wp-json\/wp\/v2\/media\/17193"}],"wp:attachment":[{"href":"https:\/\/macketi.com\/en\/wp-json\/wp\/v2\/media?parent=17192"}],"wp:term":[{"taxonomy":"product_brand","embeddable":true,"href":"https:\/\/macketi.com\/en\/wp-json\/wp\/v2\/product_brand?post=17192"},{"taxonomy":"product_cat","embeddable":true,"href":"https:\/\/macketi.com\/en\/wp-json\/wp\/v2\/product_cat?post=17192"},{"taxonomy":"product_tag","embeddable":true,"href":"https:\/\/macketi.com\/en\/wp-json\/wp\/v2\/product_tag?post=17192"}],"curies":[{"name":"wp","href":"https:\/\/api.w.org\/{rel}","templated":true}]}}