{"id":17173,"date":"2026-04-19T09:53:50","date_gmt":"2026-04-19T07:53:50","guid":{"rendered":"https:\/\/macketi.com\/?post_type=product&#038;p=17173"},"modified":"2026-04-19T10:02:34","modified_gmt":"2026-04-19T08:02:34","slug":"fa-caribbean-wave-desodorante-en-spray","status":"publish","type":"product","link":"https:\/\/macketi.com\/en\/product\/fa-caribbean-wave-desodorante-en-spray\/","title":{"rendered":"Desodorante en Spray \u2013 Fa Caribbean Wave"},"content":{"rendered":"<p data-path-to-node=\"4,0,0\"><b data-path-to-node=\"4,0,0\" data-index-in-node=\"0\">-Fragancia:<\/b> \u00abCaribbean Wave\u00bb (Ola del Caribe). Se describe espec\u00edficamente como un aroma a <b data-path-to-node=\"4,0,0\" data-index-in-node=\"90\">c\u00edtricos ex\u00f3ticos<\/b>, ofreciendo una fragancia muy fresca, chispeante y veraniega.<\/p>\n<p data-path-to-node=\"4,1,0\"><b data-path-to-node=\"4,1,0\" data-index-in-node=\"0\">-Duraci\u00f3n:<\/b> Ofrece una protecci\u00f3n de hasta <b data-path-to-node=\"4,1,0\" data-index-in-node=\"41\">48 horas<\/b> contra el mal olor corporal.<\/p>\n<p data-path-to-node=\"4,2,0\"><b data-path-to-node=\"4,2,0\" data-index-in-node=\"0\">-Sensaci\u00f3n:<\/b> Est\u00e1 dise\u00f1ado para proporcionar una frescura instant\u00e1nea al aplicarse, ideal para climas c\u00e1lidos o despu\u00e9s de la ducha.<\/p>","protected":false},"excerpt":{"rendered":"<p>Este es un desodorante de la marca <b data-path-to-node=\"2\" data-index-in-node=\"35\">Fa<\/b>, dise\u00f1ado para brindar una sensaci\u00f3n de frescura tropical y protecci\u00f3n duradera. A diferencia del anterior, este se enfoca m\u00e1s en la experiencia arom\u00e1tica y la vitalidad.<\/p>","protected":false},"featured_media":17174,"comment_status":"open","ping_status":"closed","template":"","meta":[],"product_brand":[],"product_cat":[355],"product_tag":[],"class_list":{"0":"post-17173","1":"product","2":"type-product","3":"status-publish","4":"has-post-thumbnail","6":"product_cat-cuidado-personal","7":"thunk-woo-product-list","8":"th-shop-mania-woo-hover-","9":"open-single-product-tab-horizontal","10":"open-shadow-","11":"open-shadow-hover-","12":"th-shop-mania-single-product-content-left","14":"first","15":"instock","16":"taxable","17":"shipping-taxable","18":"purchasable","19":"product-type-simple"},"_links":{"self":[{"href":"https:\/\/macketi.com\/en\/wp-json\/wp\/v2\/product\/17173","targetHints":{"allow":["GET"]}}],"collection":[{"href":"https:\/\/macketi.com\/en\/wp-json\/wp\/v2\/product"}],"about":[{"href":"https:\/\/macketi.com\/en\/wp-json\/wp\/v2\/types\/product"}],"replies":[{"embeddable":true,"href":"https:\/\/macketi.com\/en\/wp-json\/wp\/v2\/comments?post=17173"}],"wp:featuredmedia":[{"embeddable":true,"href":"https:\/\/macketi.com\/en\/wp-json\/wp\/v2\/media\/17174"}],"wp:attachment":[{"href":"https:\/\/macketi.com\/en\/wp-json\/wp\/v2\/media?parent=17173"}],"wp:term":[{"taxonomy":"product_brand","embeddable":true,"href":"https:\/\/macketi.com\/en\/wp-json\/wp\/v2\/product_brand?post=17173"},{"taxonomy":"product_cat","embeddable":true,"href":"https:\/\/macketi.com\/en\/wp-json\/wp\/v2\/product_cat?post=17173"},{"taxonomy":"product_tag","embeddable":true,"href":"https:\/\/macketi.com\/en\/wp-json\/wp\/v2\/product_tag?post=17173"}],"curies":[{"name":"wp","href":"https:\/\/api.w.org\/{rel}","templated":true}]}}