{"id":17171,"date":"2026-04-19T09:48:18","date_gmt":"2026-04-19T07:48:18","guid":{"rendered":"https:\/\/macketi.com\/?post_type=product&#038;p=17171"},"modified":"2026-04-19T10:04:46","modified_gmt":"2026-04-19T08:04:46","slug":"desodorante-antitranspirante-dove-fruity-fresh","status":"publish","type":"product","link":"https:\/\/macketi.com\/en\/product\/desodorante-antitranspirante-dove-fruity-fresh\/","title":{"rendered":"Desodorante Antitranspirante \u2013 Dove Fruity Fresh"},"content":{"rendered":"<p data-path-to-node=\"4,0,0\"><b data-path-to-node=\"4,0,0\" data-index-in-node=\"0\">-Fragancia:<\/b> \u00abFruity Fresh\u00bb (Frutal Fresca), con notas que sugieren aromas de manzana y frutas dulces, ideal para una sensaci\u00f3n de limpieza vibrante.<\/p>\n<p data-path-to-node=\"4,1,0\"><b data-path-to-node=\"4,1,0\" data-index-in-node=\"0\">-Duraci\u00f3n:<\/b> Ofrece una protecci\u00f3n de hasta <b data-path-to-node=\"4,1,0\" data-index-in-node=\"41\">48 horas<\/b> contra el sudor y el mal olor.<\/p>\n<p data-path-to-node=\"4,2,0\"><b data-path-to-node=\"4,2,0\" data-index-in-node=\"0\">-Cuidado de la piel:<\/b> Contiene el caracter\u00edstico <b data-path-to-node=\"4,2,0\" data-index-in-node=\"47\">1\/4 de crema humectante<\/b> de Dove, lo que ayuda a que la piel de las axilas se mantenga suave y se recupere de la irritaci\u00f3n causada por la depilaci\u00f3n.<\/p>\n<p data-path-to-node=\"4,3,0\"><b data-path-to-node=\"4,3,0\" data-index-in-node=\"0\">-F\u00f3rmula:<\/b> * <b data-path-to-node=\"4,3,0\" data-index-in-node=\"11\">0% alcohol:<\/b> Para evitar el ardor y la resequedad.<\/p>\n<p data-path-to-node=\"4,3,1,0,0\"><b data-path-to-node=\"4,3,1,0,0\" data-index-in-node=\"0\">*Antitranspirante:<\/b> Ayuda a controlar la humedad de manera efectiva.<\/p>","protected":false},"excerpt":{"rendered":"<p>Este es un desodorante en formato <b data-path-to-node=\"2\" data-index-in-node=\"34\">spray (aerosol)<\/b> de la l\u00ednea de cuidado personal de Dove, dise\u00f1ado para ofrecer protecci\u00f3n y suavidad en la piel de las axilas.<\/p>","protected":false},"featured_media":17172,"comment_status":"open","ping_status":"closed","template":"","meta":[],"product_brand":[],"product_cat":[355],"product_tag":[],"class_list":{"0":"post-17171","1":"product","2":"type-product","3":"status-publish","4":"has-post-thumbnail","6":"product_cat-cuidado-personal","7":"thunk-woo-product-list","8":"th-shop-mania-woo-hover-","9":"open-single-product-tab-horizontal","10":"open-shadow-","11":"open-shadow-hover-","12":"th-shop-mania-single-product-content-left","14":"first","15":"instock","16":"taxable","17":"shipping-taxable","18":"purchasable","19":"product-type-simple"},"_links":{"self":[{"href":"https:\/\/macketi.com\/en\/wp-json\/wp\/v2\/product\/17171","targetHints":{"allow":["GET"]}}],"collection":[{"href":"https:\/\/macketi.com\/en\/wp-json\/wp\/v2\/product"}],"about":[{"href":"https:\/\/macketi.com\/en\/wp-json\/wp\/v2\/types\/product"}],"replies":[{"embeddable":true,"href":"https:\/\/macketi.com\/en\/wp-json\/wp\/v2\/comments?post=17171"}],"wp:featuredmedia":[{"embeddable":true,"href":"https:\/\/macketi.com\/en\/wp-json\/wp\/v2\/media\/17172"}],"wp:attachment":[{"href":"https:\/\/macketi.com\/en\/wp-json\/wp\/v2\/media?parent=17171"}],"wp:term":[{"taxonomy":"product_brand","embeddable":true,"href":"https:\/\/macketi.com\/en\/wp-json\/wp\/v2\/product_brand?post=17171"},{"taxonomy":"product_cat","embeddable":true,"href":"https:\/\/macketi.com\/en\/wp-json\/wp\/v2\/product_cat?post=17171"},{"taxonomy":"product_tag","embeddable":true,"href":"https:\/\/macketi.com\/en\/wp-json\/wp\/v2\/product_tag?post=17171"}],"curies":[{"name":"wp","href":"https:\/\/api.w.org\/{rel}","templated":true}]}}