{"id":17166,"date":"2026-04-18T19:10:32","date_gmt":"2026-04-18T17:10:32","guid":{"rendered":"https:\/\/macketi.com\/?post_type=product&#038;p=17166"},"modified":"2026-04-18T19:10:33","modified_gmt":"2026-04-18T17:10:33","slug":"aceite-de-ricino-deliplus","status":"publish","type":"product","link":"https:\/\/macketi.com\/en\/product\/aceite-de-ricino-deliplus\/","title":{"rendered":"Aceite de R\u00edcino Deliplus"},"content":{"rendered":"<p data-path-to-node=\"6\">Este aceite es un remedio tradicional muy efectivo para:<\/p>\n<p data-path-to-node=\"7,0,0\"><b data-path-to-node=\"7,0,0\" data-index-in-node=\"0\">-Fortalecer Pesta\u00f1as y Cejas:<\/b> Ayuda a que el vello sea m\u00e1s grueso, resistente y menos propenso a caerse.<\/p>\n<p data-path-to-node=\"7,1,0\"><b data-path-to-node=\"7,1,0\" data-index-in-node=\"0\">-Estimular el Crecimiento:<\/b> Nutre el fol\u00edculo piloso desde la ra\u00edz, favoreciendo un crecimiento m\u00e1s saludable.<\/p>\n<p data-path-to-node=\"7,2,0\"><b data-path-to-node=\"7,2,0\" data-index-in-node=\"0\">-Nutrici\u00f3n Intensa:<\/b> Hidrata el vello seco o castigado (por ejemplo, despu\u00e9s de usar mucho maquillaje o tintes).<\/p>\n<hr data-path-to-node=\"8\" \/>\n<h2 data-path-to-node=\"9\"><b data-path-to-node=\"9\" data-index-in-node=\"0\">Modo de Aplicaci\u00f3n<\/b><\/h2>\n<p data-path-to-node=\"10\">Para obtener resultados sin irritar los ojos, sigue estos consejos:<\/p>\n<p data-path-to-node=\"11,0,0\"><b data-path-to-node=\"11,0,0\" data-index-in-node=\"0\">1.Limpieza Total:<\/b> Aseg\u00farate de que tus pesta\u00f1as y cejas est\u00e9n libres de maquillaje y totalmente secas.<\/p>\n<p data-path-to-node=\"11,1,0\"><b data-path-to-node=\"11,1,0\" data-index-in-node=\"0\">2.Momento Ideal:<\/b> Apl\u00edcalo preferiblemente por la <b data-path-to-node=\"11,1,0\" data-index-in-node=\"47\">noche<\/b>, justo antes de dormir, para que el aceite act\u00fae durante varias horas.<\/p>\n<p data-path-to-node=\"11,2,0\"><b data-path-to-node=\"11,2,0\" data-index-in-node=\"0\">3.Cantidad M\u00ednima:<\/b> Usa muy poca cantidad. Si lo aplicas en las pesta\u00f1as, hazlo de medios a puntas (como si fuera r\u00edmel), evitando que el aceite entre en contacto directo con el globo ocular.<\/p>\n<p data-path-to-node=\"11,3,0\"><b data-path-to-node=\"11,3,0\" data-index-in-node=\"0\">4.Constancia:<\/b> Los resultados en el vello no son inmediatos; notar\u00e1s la diferencia tras <b data-path-to-node=\"11,3,0\" data-index-in-node=\"85\">3 o 4 semanas<\/b> de uso diario.<\/p>\n<hr data-path-to-node=\"12\" \/>\n<h3 data-path-to-node=\"13\"><b data-path-to-node=\"13\" data-index-in-node=\"0\">Consejo Adicional:<\/b><\/h3>\n<p data-path-to-node=\"14\">Tambi\u00e9n puedes usar unas gotas de este aceite para nutrir las <b data-path-to-node=\"14\" data-index-in-node=\"62\">cut\u00edculas de las u\u00f1as<\/b> o zonas muy secas de la piel, ya que es un regenerador muy potente.<\/p>","protected":false},"excerpt":{"rendered":"<p>Este es el <b data-path-to-node=\"0\" data-index-in-node=\"11\">Aceite de R\u00edcino (Castor Oil)<\/b> de la marca <b data-path-to-node=\"0\" data-index-in-node=\"53\">Deliplus<\/b>. A diferencia de los serums faciales que hemos visto antes, este es un tratamiento espec\u00edfico para el crecimiento y cuidado del vello en zonas localizadas.<\/p>","protected":false},"featured_media":17167,"comment_status":"open","ping_status":"closed","template":"","meta":[],"product_brand":[],"product_cat":[355],"product_tag":[],"class_list":{"0":"post-17166","1":"product","2":"type-product","3":"status-publish","4":"has-post-thumbnail","6":"product_cat-cuidado-personal","7":"thunk-woo-product-list","8":"th-shop-mania-woo-hover-","9":"open-single-product-tab-horizontal","10":"open-shadow-","11":"open-shadow-hover-","12":"th-shop-mania-single-product-content-left","14":"first","15":"instock","16":"taxable","17":"shipping-taxable","18":"purchasable","19":"product-type-simple"},"_links":{"self":[{"href":"https:\/\/macketi.com\/en\/wp-json\/wp\/v2\/product\/17166","targetHints":{"allow":["GET"]}}],"collection":[{"href":"https:\/\/macketi.com\/en\/wp-json\/wp\/v2\/product"}],"about":[{"href":"https:\/\/macketi.com\/en\/wp-json\/wp\/v2\/types\/product"}],"replies":[{"embeddable":true,"href":"https:\/\/macketi.com\/en\/wp-json\/wp\/v2\/comments?post=17166"}],"wp:featuredmedia":[{"embeddable":true,"href":"https:\/\/macketi.com\/en\/wp-json\/wp\/v2\/media\/17167"}],"wp:attachment":[{"href":"https:\/\/macketi.com\/en\/wp-json\/wp\/v2\/media?parent=17166"}],"wp:term":[{"taxonomy":"product_brand","embeddable":true,"href":"https:\/\/macketi.com\/en\/wp-json\/wp\/v2\/product_brand?post=17166"},{"taxonomy":"product_cat","embeddable":true,"href":"https:\/\/macketi.com\/en\/wp-json\/wp\/v2\/product_cat?post=17166"},{"taxonomy":"product_tag","embeddable":true,"href":"https:\/\/macketi.com\/en\/wp-json\/wp\/v2\/product_tag?post=17166"}],"curies":[{"name":"wp","href":"https:\/\/api.w.org\/{rel}","templated":true}]}}