{"id":17162,"date":"2026-04-18T19:00:45","date_gmt":"2026-04-18T17:00:45","guid":{"rendered":"https:\/\/macketi.com\/?post_type=product&#038;p=17162"},"modified":"2026-04-18T19:00:45","modified_gmt":"2026-04-18T17:00:45","slug":"tratamiento-facial-sisbela-reafirm-flash-tensor-effect-deliplus","status":"publish","type":"product","link":"https:\/\/macketi.com\/en\/product\/tratamiento-facial-sisbela-reafirm-flash-tensor-effect-deliplus\/","title":{"rendered":"Tratamiento facial Sisbela Reafirm Flash (Tensor Effect) Deliplus"},"content":{"rendered":"<p data-path-to-node=\"6\">Este producto es conocido como un \u00abborrador m\u00e1gico\u00bb temporal, ideal para ocasiones especiales:<\/p>\n<p data-path-to-node=\"7,0,0\"><b data-path-to-node=\"7,0,0\" data-index-in-node=\"0\">-Efecto Lifting Inmediato:<\/b> Tensa la piel de forma instant\u00e1nea, suavizando visualmente arrugas y l\u00edneas de expresi\u00f3n.<\/p>\n<p data-path-to-node=\"7,1,0\"><b data-path-to-node=\"7,1,0\" data-index-in-node=\"0\">-Acci\u00f3n Antifatiga:<\/b> Aporta luminosidad y mejora el aspecto de la piel cansada de forma inmediata.<\/p>\n<p data-path-to-node=\"7,2,0\"><b data-path-to-node=\"7,2,0\" data-index-in-node=\"0\">-Base para Maquillaje:<\/b> Al alisar el relieve cut\u00e1neo, permite que el maquillaje se aplique de forma m\u00e1s uniforme y dure m\u00e1s tiempo.<\/p>\n<hr data-path-to-node=\"8\" \/>\n<h2 data-path-to-node=\"9\"><b data-path-to-node=\"9\" data-index-in-node=\"0\">Modo de Aplicaci\u00f3n<\/b><\/h2>\n<p data-path-to-node=\"10\">Para obtener el mejor resultado \u00abFlash\u00bb, sigue estos pasos:<\/p>\n<p data-path-to-node=\"11,0,0\"><b data-path-to-node=\"11,0,0\" data-index-in-node=\"0\">1.Limpieza:<\/b> Aplica sobre el rostro limpio y seco.<\/p>\n<p data-path-to-node=\"11,1,0\"><b data-path-to-node=\"11,1,0\" data-index-in-node=\"0\">2.Distribuci\u00f3n:<\/b> Extiende el contenido de la ampolla con suaves toques (sin masajear en exceso) sobre cara, cuello y escote.<\/p>\n<p data-path-to-node=\"11,2,0\"><b data-path-to-node=\"11,2,0\" data-index-in-node=\"0\">3.Espera:<\/b> Deja que se absorba y se seque completamente antes de aplicar cualquier otro producto o maquillaje. Sentir\u00e1s una ligera sensaci\u00f3n de tirantez, que es el efecto tensor actuando.<\/p>\n<p data-path-to-node=\"11,3,0\"><b data-path-to-node=\"11,3,0\" data-index-in-node=\"0\">4.Uso:<\/b> Aunque el empaque tiene iconos de sol y luna, este producto se usa principalmente <b data-path-to-node=\"11,3,0\" data-index-in-node=\"87\">de d\u00eda<\/b> o antes de un evento para aprovechar su efecto visual temporal.<\/p>","protected":false},"excerpt":{"rendered":"<p>Este es el tratamiento <b data-path-to-node=\"0\" data-index-in-node=\"23\">Sisbela Reafirm Flash (Tensor Effect)<\/b> de la marca <b data-path-to-node=\"0\" data-index-in-node=\"73\">Deliplus<\/b>. A diferencia de los productos anteriores que estaban enfocados puramente en la hidrataci\u00f3n a largo plazo, este es un producto cosm\u00e9tico de \u00abefecto inmediato\u00bb.<\/p>","protected":false},"featured_media":17163,"comment_status":"open","ping_status":"closed","template":"","meta":[],"product_brand":[],"product_cat":[355],"product_tag":[],"class_list":{"0":"post-17162","1":"product","2":"type-product","3":"status-publish","4":"has-post-thumbnail","6":"product_cat-cuidado-personal","7":"thunk-woo-product-list","8":"th-shop-mania-woo-hover-","9":"open-single-product-tab-horizontal","10":"open-shadow-","11":"open-shadow-hover-","12":"th-shop-mania-single-product-content-left","14":"first","15":"instock","16":"taxable","17":"shipping-taxable","18":"purchasable","19":"product-type-simple"},"_links":{"self":[{"href":"https:\/\/macketi.com\/en\/wp-json\/wp\/v2\/product\/17162","targetHints":{"allow":["GET"]}}],"collection":[{"href":"https:\/\/macketi.com\/en\/wp-json\/wp\/v2\/product"}],"about":[{"href":"https:\/\/macketi.com\/en\/wp-json\/wp\/v2\/types\/product"}],"replies":[{"embeddable":true,"href":"https:\/\/macketi.com\/en\/wp-json\/wp\/v2\/comments?post=17162"}],"wp:featuredmedia":[{"embeddable":true,"href":"https:\/\/macketi.com\/en\/wp-json\/wp\/v2\/media\/17163"}],"wp:attachment":[{"href":"https:\/\/macketi.com\/en\/wp-json\/wp\/v2\/media?parent=17162"}],"wp:term":[{"taxonomy":"product_brand","embeddable":true,"href":"https:\/\/macketi.com\/en\/wp-json\/wp\/v2\/product_brand?post=17162"},{"taxonomy":"product_cat","embeddable":true,"href":"https:\/\/macketi.com\/en\/wp-json\/wp\/v2\/product_cat?post=17162"},{"taxonomy":"product_tag","embeddable":true,"href":"https:\/\/macketi.com\/en\/wp-json\/wp\/v2\/product_tag?post=17162"}],"curies":[{"name":"wp","href":"https:\/\/api.w.org\/{rel}","templated":true}]}}