{"id":17157,"date":"2026-04-18T18:47:57","date_gmt":"2026-04-18T16:47:57","guid":{"rendered":"https:\/\/macketi.com\/?post_type=product&#038;p=17157"},"modified":"2026-04-18T18:47:58","modified_gmt":"2026-04-18T16:47:58","slug":"tratamiento-intensivo-de-hidratacion-deliplus","status":"publish","type":"product","link":"https:\/\/macketi.com\/en\/product\/tratamiento-intensivo-de-hidratacion-deliplus\/","title":{"rendered":"tratamiento intensivo de hidrataci\u00f3n Deliplus"},"content":{"rendered":"<p data-path-to-node=\"6,0,0\"><b data-path-to-node=\"6,0,0\" data-index-in-node=\"0\">-Hidrataci\u00f3n Multinivel:<\/b> Al ser concentrado, suele combinar diferentes pesos moleculares de \u00e1cido hialur\u00f3nico para hidratar tanto la superficie como las capas m\u00e1s profundas de la piel.<\/p>\n<p data-path-to-node=\"6,1,0\"><b data-path-to-node=\"6,1,0\" data-index-in-node=\"0\">-Efecto Relleno:<\/b> Ayuda a atenuar peque\u00f1as l\u00edneas de expresi\u00f3n causadas por la deshidrataci\u00f3n.<\/p>\n<p data-path-to-node=\"6,2,0\"><b data-path-to-node=\"6,2,0\" data-index-in-node=\"0\">-Versatilidad:<\/b> Seg\u00fan los iconos del empaque (sol y luna), es apto para uso tanto en la <b data-path-to-node=\"6,2,0\" data-index-in-node=\"86\">rutina de d\u00eda<\/b> como en la <b data-path-to-node=\"6,2,0\" data-index-in-node=\"111\">de noche<\/b>.<\/p>\n<hr data-path-to-node=\"7\" \/>\n<h2 data-path-to-node=\"8\"><b data-path-to-node=\"8\" data-index-in-node=\"0\">Recomendaciones de Uso<\/b><\/h2>\n<p data-path-to-node=\"9,0,0\"><b data-path-to-node=\"9,0,0\" data-index-in-node=\"0\">1.Limpieza:<\/b> Aplica siempre sobre el rostro limpio y ligeramente h\u00famedo (esto ayuda al \u00e1cido hialur\u00f3nico a trabajar mejor).<\/p>\n<p data-path-to-node=\"9,1,0\"><b data-path-to-node=\"9,1,0\" data-index-in-node=\"0\">2.Aplicaci\u00f3n:<\/b> Vierte el contenido de la ampolla en las palmas de las manos y presiona suavemente sobre la cara, cuello y escote hasta su absorci\u00f3n.<\/p>\n<p data-path-to-node=\"9,2,0\"><b data-path-to-node=\"9,2,0\" data-index-in-node=\"0\">3.Sellado:<\/b> Es muy importante aplicar tu crema hidratante habitual despu\u00e9s de la ampolla para \u00absellar\u00bb esa humedad y evitar que se evapore.<\/p>\n<p data-path-to-node=\"10\">Este producto es ideal para pieles que se sienten tirantes, apagadas o que necesitan un \u00abplus\u00bb de jugosidad despu\u00e9s de la exposici\u00f3n al sol o ambientes secos.<\/p>","protected":false},"excerpt":{"rendered":"<p>Este producto es un tratamiento intensivo de hidrataci\u00f3n de la marca <b data-path-to-node=\"0\" data-index-in-node=\"69\">Deliplus<\/b> (marca propia de Mercadona). Se enfoca espec\u00edficamente en restaurar los niveles de humedad de la piel mediante una alta concentraci\u00f3n de activos.<\/p>","protected":false},"featured_media":17158,"comment_status":"open","ping_status":"closed","template":"","meta":[],"product_brand":[],"product_cat":[355],"product_tag":[],"class_list":{"0":"post-17157","1":"product","2":"type-product","3":"status-publish","4":"has-post-thumbnail","6":"product_cat-cuidado-personal","7":"thunk-woo-product-list","8":"th-shop-mania-woo-hover-","9":"open-single-product-tab-horizontal","10":"open-shadow-","11":"open-shadow-hover-","12":"th-shop-mania-single-product-content-left","14":"first","15":"instock","16":"taxable","17":"shipping-taxable","18":"purchasable","19":"product-type-simple"},"_links":{"self":[{"href":"https:\/\/macketi.com\/en\/wp-json\/wp\/v2\/product\/17157","targetHints":{"allow":["GET"]}}],"collection":[{"href":"https:\/\/macketi.com\/en\/wp-json\/wp\/v2\/product"}],"about":[{"href":"https:\/\/macketi.com\/en\/wp-json\/wp\/v2\/types\/product"}],"replies":[{"embeddable":true,"href":"https:\/\/macketi.com\/en\/wp-json\/wp\/v2\/comments?post=17157"}],"wp:featuredmedia":[{"embeddable":true,"href":"https:\/\/macketi.com\/en\/wp-json\/wp\/v2\/media\/17158"}],"wp:attachment":[{"href":"https:\/\/macketi.com\/en\/wp-json\/wp\/v2\/media?parent=17157"}],"wp:term":[{"taxonomy":"product_brand","embeddable":true,"href":"https:\/\/macketi.com\/en\/wp-json\/wp\/v2\/product_brand?post=17157"},{"taxonomy":"product_cat","embeddable":true,"href":"https:\/\/macketi.com\/en\/wp-json\/wp\/v2\/product_cat?post=17157"},{"taxonomy":"product_tag","embeddable":true,"href":"https:\/\/macketi.com\/en\/wp-json\/wp\/v2\/product_tag?post=17157"}],"curies":[{"name":"wp","href":"https:\/\/api.w.org\/{rel}","templated":true}]}}