{"id":17155,"date":"2026-04-18T18:39:49","date_gmt":"2026-04-18T16:39:49","guid":{"rendered":"https:\/\/macketi.com\/?post_type=product&#038;p=17155"},"modified":"2026-04-18T18:39:50","modified_gmt":"2026-04-18T16:39:50","slug":"tratamiento-facial-hydro-shock","status":"publish","type":"product","link":"https:\/\/macketi.com\/en\/product\/tratamiento-facial-hydro-shock\/","title":{"rendered":"Tratamiento facial Hydro Shock"},"content":{"rendered":"<p data-path-to-node=\"9,0,0\"><b data-path-to-node=\"9,0,0\" data-index-in-node=\"0\">1.Hidrataci\u00f3n Significativa:<\/b> Ayuda a recuperar los niveles de agua en la piel de forma intensiva.<\/p>\n<p data-path-to-node=\"9,1,0\"><b data-path-to-node=\"9,1,0\" data-index-in-node=\"0\">2.Mejora de la Elasticidad:<\/b> Contribuye a que la piel se sienta m\u00e1s firme y flexible.<\/p>\n<p data-path-to-node=\"9,2,0\"><b data-path-to-node=\"9,2,0\" data-index-in-node=\"0\">3.Efecto Suavizante:<\/b> Trabaja sobre la textura cut\u00e1nea para dejar un acabado m\u00e1s terso.<\/p>\n<hr data-path-to-node=\"10\" \/>\n<h2 data-path-to-node=\"11\"><b data-path-to-node=\"11\" data-index-in-node=\"0\">Modo de Uso Sugerido<\/b><\/h2>\n<p data-path-to-node=\"12\">Al ser un tratamiento de <b data-path-to-node=\"12\" data-index-in-node=\"25\">7 d\u00edas<\/b>, se utiliza una ampolla por jornada. Generalmente, estos sueros se aplican sobre el rostro limpio y seco antes de la crema hidratante habitual. El empaque muestra un icono de sol, lo que sugiere que es apto o ideal para el <b data-path-to-node=\"12\" data-index-in-node=\"255\">uso diario durante la ma\u00f1ana<\/b>.<\/p>\n<blockquote data-path-to-node=\"13\">\n<p data-path-to-node=\"13,0\"><b data-path-to-node=\"13,0\" data-index-in-node=\"0\">Nota de seguridad:<\/b> Al manipular ampollas de vidrio, aseg\u00farate de utilizar un pa\u00f1uelo o el aplicador (si se incluye) para romper el cuello de la ampolla y evitar cortes.<\/p>\n<\/blockquote>","protected":false},"excerpt":{"rendered":"<p>El <b data-path-to-node=\"2\" data-index-in-node=\"3\">Sence Hydro Shock Face Treatment<\/b> es un tratamiento intensivo de 7 d\u00edas dise\u00f1ado para proporcionar una hidrataci\u00f3n profunda y mejorar la textura de la piel del rostro. Se presenta en un formato de ampollas individuales para garantizar la frescura y potencia de los ingredientes en cada aplicaci\u00f3n.<\/p>","protected":false},"featured_media":17156,"comment_status":"open","ping_status":"closed","template":"","meta":[],"product_brand":[],"product_cat":[355],"product_tag":[],"class_list":{"0":"post-17155","1":"product","2":"type-product","3":"status-publish","4":"has-post-thumbnail","6":"product_cat-cuidado-personal","7":"thunk-woo-product-list","8":"th-shop-mania-woo-hover-","9":"open-single-product-tab-horizontal","10":"open-shadow-","11":"open-shadow-hover-","12":"th-shop-mania-single-product-content-left","14":"first","15":"instock","16":"taxable","17":"shipping-taxable","18":"purchasable","19":"product-type-simple"},"_links":{"self":[{"href":"https:\/\/macketi.com\/en\/wp-json\/wp\/v2\/product\/17155","targetHints":{"allow":["GET"]}}],"collection":[{"href":"https:\/\/macketi.com\/en\/wp-json\/wp\/v2\/product"}],"about":[{"href":"https:\/\/macketi.com\/en\/wp-json\/wp\/v2\/types\/product"}],"replies":[{"embeddable":true,"href":"https:\/\/macketi.com\/en\/wp-json\/wp\/v2\/comments?post=17155"}],"wp:featuredmedia":[{"embeddable":true,"href":"https:\/\/macketi.com\/en\/wp-json\/wp\/v2\/media\/17156"}],"wp:attachment":[{"href":"https:\/\/macketi.com\/en\/wp-json\/wp\/v2\/media?parent=17155"}],"wp:term":[{"taxonomy":"product_brand","embeddable":true,"href":"https:\/\/macketi.com\/en\/wp-json\/wp\/v2\/product_brand?post=17155"},{"taxonomy":"product_cat","embeddable":true,"href":"https:\/\/macketi.com\/en\/wp-json\/wp\/v2\/product_cat?post=17155"},{"taxonomy":"product_tag","embeddable":true,"href":"https:\/\/macketi.com\/en\/wp-json\/wp\/v2\/product_tag?post=17155"}],"curies":[{"name":"wp","href":"https:\/\/api.w.org\/{rel}","templated":true}]}}