{"id":17140,"date":"2026-04-17T12:56:44","date_gmt":"2026-04-17T10:56:44","guid":{"rendered":"https:\/\/macketi.com\/?post_type=product&#038;p=17140"},"modified":"2026-04-17T12:56:44","modified_gmt":"2026-04-17T10:56:44","slug":"gel-crema-reparadora-facial-revuele","status":"publish","type":"product","link":"https:\/\/macketi.com\/en\/product\/gel-crema-reparadora-facial-revuele\/","title":{"rendered":"Gel Crema Reparadora Facial Revuele"},"content":{"rendered":"<p data-path-to-node=\"8,0,0\"><b data-path-to-node=\"8,0,0\" data-index-in-node=\"0\">-Tipo de piel:<\/b> Apta para <b data-path-to-node=\"8,0,0\" data-index-in-node=\"24\">todos los tipos de piel<\/b>, pero especialmente recomendada para pieles sensibles o mixtas debido a su textura en gel.<\/p>\n<p data-path-to-node=\"8,1,0\"><b data-path-to-node=\"8,1,0\" data-index-in-node=\"0\">-Acciones:<\/b> Hidrata, rebalancea, protege y estimula la reparaci\u00f3n de la piel.<\/p>\n<p data-path-to-node=\"8,2,0\"><b data-path-to-node=\"8,2,0\" data-index-in-node=\"0\">-Contenido:<\/b> 40 ml \/ 1.35 fl. oz.<\/p>\n<p data-path-to-node=\"8,3,0\"><b data-path-to-node=\"8,3,0\" data-index-in-node=\"0\">-Textura:<\/b> Gel-crema, lo que significa que se absorbe r\u00e1pidamente sin dejar sensaci\u00f3n grasa.<\/p>\n<hr data-path-to-node=\"9\" \/>\n<h2 data-path-to-node=\"10\"><b data-path-to-node=\"10\" data-index-in-node=\"0\">Modo de Uso<\/b><\/h2>\n<p data-path-to-node=\"11\">Se aplica sobre el rostro limpio y seco, preferiblemente por la ma\u00f1ana y por la noche. Es un paso excelente para sellar sueros o como hidratante \u00fanico en rutinas minimalistas.<\/p>","protected":false},"excerpt":{"rendered":"<p>Es un tratamiento facial de textura ligera (gel-crema) que combina ingredientes calmantes con potentes hidratantes. Est\u00e1 enfocado en pieles que necesitan regeneraci\u00f3n, alivio de rojeces o una hidrataci\u00f3n que no se sienta pesada.<\/p>","protected":false},"featured_media":17141,"comment_status":"open","ping_status":"closed","template":"","meta":[],"product_brand":[],"product_cat":[355],"product_tag":[],"class_list":{"0":"post-17140","1":"product","2":"type-product","3":"status-publish","4":"has-post-thumbnail","6":"product_cat-cuidado-personal","7":"thunk-woo-product-list","8":"th-shop-mania-woo-hover-","9":"open-single-product-tab-horizontal","10":"open-shadow-","11":"open-shadow-hover-","12":"th-shop-mania-single-product-content-left","14":"first","15":"instock","16":"taxable","17":"shipping-taxable","18":"purchasable","19":"product-type-simple"},"_links":{"self":[{"href":"https:\/\/macketi.com\/en\/wp-json\/wp\/v2\/product\/17140","targetHints":{"allow":["GET"]}}],"collection":[{"href":"https:\/\/macketi.com\/en\/wp-json\/wp\/v2\/product"}],"about":[{"href":"https:\/\/macketi.com\/en\/wp-json\/wp\/v2\/types\/product"}],"replies":[{"embeddable":true,"href":"https:\/\/macketi.com\/en\/wp-json\/wp\/v2\/comments?post=17140"}],"wp:featuredmedia":[{"embeddable":true,"href":"https:\/\/macketi.com\/en\/wp-json\/wp\/v2\/media\/17141"}],"wp:attachment":[{"href":"https:\/\/macketi.com\/en\/wp-json\/wp\/v2\/media?parent=17140"}],"wp:term":[{"taxonomy":"product_brand","embeddable":true,"href":"https:\/\/macketi.com\/en\/wp-json\/wp\/v2\/product_brand?post=17140"},{"taxonomy":"product_cat","embeddable":true,"href":"https:\/\/macketi.com\/en\/wp-json\/wp\/v2\/product_cat?post=17140"},{"taxonomy":"product_tag","embeddable":true,"href":"https:\/\/macketi.com\/en\/wp-json\/wp\/v2\/product_tag?post=17140"}],"curies":[{"name":"wp","href":"https:\/\/api.w.org\/{rel}","templated":true}]}}