{"id":17134,"date":"2026-04-17T12:41:38","date_gmt":"2026-04-17T10:41:38","guid":{"rendered":"https:\/\/macketi.com\/?post_type=product&#038;p=17134"},"modified":"2026-04-17T12:41:39","modified_gmt":"2026-04-17T10:41:39","slug":"set-de-12-ligas-o-bandas-elasticas","status":"publish","type":"product","link":"https:\/\/macketi.com\/en\/product\/set-de-12-ligas-o-bandas-elasticas\/","title":{"rendered":"Set de 12 ligas o bandas el\u00e1sticas"},"content":{"rendered":"<p data-path-to-node=\"5,0,0\"><b data-path-to-node=\"5,0,0\" data-index-in-node=\"0\">-Cantidad:<\/b> 12 unidades.<\/p>\n<p data-path-to-node=\"5,1,0\"><b data-path-to-node=\"5,1,0\" data-index-in-node=\"0\">-Gama de Colores:<\/b> Presenta un degradado de arriba hacia abajo que incluye:<\/p>\n<p data-path-to-node=\"5,1,1,0,0\">*2 blancas.<\/p>\n<p data-path-to-node=\"5,1,1,1,0\">*2 rosa p\u00e1lido\/pastel.<\/p>\n<p data-path-to-node=\"5,1,1,2,0\">*2 rosa claro.<\/p>\n<p data-path-to-node=\"5,1,1,3,0\">*2 rosa medio (con matices frambuesa).<\/p>\n<p data-path-to-node=\"5,1,1,4,0\">*2 rosa vibrante o coral.<\/p>\n<p data-path-to-node=\"5,1,1,5,0\">*2 fucsia intenso.<\/p>\n<p data-path-to-node=\"5,2,0\"><b data-path-to-node=\"5,2,0\" data-index-in-node=\"0\">-Material:<\/b> Tela el\u00e1stica suave, dise\u00f1ada para sujetar el cabello sin da\u00f1arlo o romperlo (aparentemente sin uniones met\u00e1licas).<\/p>\n<p data-path-to-node=\"5,3,0\"><b data-path-to-node=\"5,3,0\" data-index-in-node=\"0\">-Dise\u00f1o:<\/b> Estilo minimalista y funcional, ideal para combinar con diferentes atuendos diarios o deportivos.<\/p>\n<hr data-path-to-node=\"6\" \/>\n<h2 data-path-to-node=\"7\"><b data-path-to-node=\"7\" data-index-in-node=\"0\">Uso Recomendado<\/b><\/h2>\n<p data-path-to-node=\"8\">Son ideales para realizar coletas, trenzas o mo\u00f1os, ofreciendo una sujeci\u00f3n c\u00f3moda gracias a su grosor est\u00e1ndar. Su variedad de tonos permite jugar con el estilo visual del peinado.<\/p>","protected":false},"excerpt":{"rendered":"<p>El producto consiste en un <b data-path-to-node=\"2\" data-index-in-node=\"27\">set de 12 ligas o bandas el\u00e1sticas<\/b> para el cabello (tipo \u00abdonitas\u00bb o <i data-path-to-node=\"2\" data-index-in-node=\"96\">hair elastics<\/i>), presentadas en un empaque de cart\u00f3n blanco con una secci\u00f3n superior negra que indica \u00abACCESSORIES\u00bb.<\/p>","protected":false},"featured_media":17135,"comment_status":"open","ping_status":"closed","template":"","meta":[],"product_brand":[],"product_cat":[281],"product_tag":[],"class_list":{"0":"post-17134","1":"product","2":"type-product","3":"status-publish","4":"has-post-thumbnail","6":"product_cat-belleza-y-cuidado-personal","7":"thunk-woo-product-list","8":"th-shop-mania-woo-hover-","9":"open-single-product-tab-horizontal","10":"open-shadow-","11":"open-shadow-hover-","12":"th-shop-mania-single-product-content-left","14":"first","15":"instock","16":"taxable","17":"shipping-taxable","18":"purchasable","19":"product-type-simple"},"_links":{"self":[{"href":"https:\/\/macketi.com\/en\/wp-json\/wp\/v2\/product\/17134","targetHints":{"allow":["GET"]}}],"collection":[{"href":"https:\/\/macketi.com\/en\/wp-json\/wp\/v2\/product"}],"about":[{"href":"https:\/\/macketi.com\/en\/wp-json\/wp\/v2\/types\/product"}],"replies":[{"embeddable":true,"href":"https:\/\/macketi.com\/en\/wp-json\/wp\/v2\/comments?post=17134"}],"wp:featuredmedia":[{"embeddable":true,"href":"https:\/\/macketi.com\/en\/wp-json\/wp\/v2\/media\/17135"}],"wp:attachment":[{"href":"https:\/\/macketi.com\/en\/wp-json\/wp\/v2\/media?parent=17134"}],"wp:term":[{"taxonomy":"product_brand","embeddable":true,"href":"https:\/\/macketi.com\/en\/wp-json\/wp\/v2\/product_brand?post=17134"},{"taxonomy":"product_cat","embeddable":true,"href":"https:\/\/macketi.com\/en\/wp-json\/wp\/v2\/product_cat?post=17134"},{"taxonomy":"product_tag","embeddable":true,"href":"https:\/\/macketi.com\/en\/wp-json\/wp\/v2\/product_tag?post=17134"}],"curies":[{"name":"wp","href":"https:\/\/api.w.org\/{rel}","templated":true}]}}