{"id":17116,"date":"2026-04-17T01:25:34","date_gmt":"2026-04-16T23:25:34","guid":{"rendered":"https:\/\/macketi.com\/?post_type=product&#038;p=17116"},"modified":"2026-04-17T01:25:34","modified_gmt":"2026-04-16T23:25:34","slug":"tonico-facial-evoluderm","status":"publish","type":"product","link":"https:\/\/macketi.com\/en\/product\/tonico-facial-evoluderm\/","title":{"rendered":"T\u00f3nico facial Evoluderm"},"content":{"rendered":"<p data-path-to-node=\"3,0,0\"><b data-path-to-node=\"3,0,0\" data-index-in-node=\"0\">-Pamplemousse Rose (Pomelo Rosa):<\/b> Aporta propiedades tonificantes y un aroma refrescante.<\/p>\n<p data-path-to-node=\"3,1,0\"><b data-path-to-node=\"3,1,0\" data-index-in-node=\"0\">-\u00c1cido Salic\u00edlico:<\/b> Un ingrediente estrella para combatir las imperfecciones, ya que ayuda a limpiar los poros profundamente y exfoliar la piel.<\/p>\n<p data-path-to-node=\"3,2,0\"><b data-path-to-node=\"3,2,0\" data-index-in-node=\"0\">-Zinc:<\/b> Ayuda a regular la producci\u00f3n de sebo (grasa) y tiene propiedades calmantes.<\/p>","protected":false},"excerpt":{"rendered":"<p>Este es un envase de la <b data-path-to-node=\"0\" data-index-in-node=\"24\">Lotion Purifiante Anti-Imperfections<\/b> de la marca francesa <b data-path-to-node=\"0\" data-index-in-node=\"82\">Evoluderm<\/b>. Es un t\u00f3nico facial dise\u00f1ado espec\u00edficamente para tratar pieles con tendencia a granitos o exceso de grasa.<\/p>","protected":false},"featured_media":17117,"comment_status":"open","ping_status":"closed","template":"","meta":[],"product_brand":[],"product_cat":[355],"product_tag":[],"class_list":{"0":"post-17116","1":"product","2":"type-product","3":"status-publish","4":"has-post-thumbnail","6":"product_cat-cuidado-personal","7":"thunk-woo-product-list","8":"th-shop-mania-woo-hover-","9":"open-single-product-tab-horizontal","10":"open-shadow-","11":"open-shadow-hover-","12":"th-shop-mania-single-product-content-left","14":"first","15":"instock","16":"taxable","17":"shipping-taxable","18":"purchasable","19":"product-type-simple"},"_links":{"self":[{"href":"https:\/\/macketi.com\/en\/wp-json\/wp\/v2\/product\/17116","targetHints":{"allow":["GET"]}}],"collection":[{"href":"https:\/\/macketi.com\/en\/wp-json\/wp\/v2\/product"}],"about":[{"href":"https:\/\/macketi.com\/en\/wp-json\/wp\/v2\/types\/product"}],"replies":[{"embeddable":true,"href":"https:\/\/macketi.com\/en\/wp-json\/wp\/v2\/comments?post=17116"}],"wp:featuredmedia":[{"embeddable":true,"href":"https:\/\/macketi.com\/en\/wp-json\/wp\/v2\/media\/17117"}],"wp:attachment":[{"href":"https:\/\/macketi.com\/en\/wp-json\/wp\/v2\/media?parent=17116"}],"wp:term":[{"taxonomy":"product_brand","embeddable":true,"href":"https:\/\/macketi.com\/en\/wp-json\/wp\/v2\/product_brand?post=17116"},{"taxonomy":"product_cat","embeddable":true,"href":"https:\/\/macketi.com\/en\/wp-json\/wp\/v2\/product_cat?post=17116"},{"taxonomy":"product_tag","embeddable":true,"href":"https:\/\/macketi.com\/en\/wp-json\/wp\/v2\/product_tag?post=17116"}],"curies":[{"name":"wp","href":"https:\/\/api.w.org\/{rel}","templated":true}]}}