{"id":17104,"date":"2026-04-16T23:36:56","date_gmt":"2026-04-16T21:36:56","guid":{"rendered":"https:\/\/macketi.com\/?post_type=product&#038;p=17104"},"modified":"2026-04-16T23:41:16","modified_gmt":"2026-04-16T21:41:16","slug":"tonico-facial-rose-water","status":"publish","type":"product","link":"https:\/\/macketi.com\/en\/product\/tonico-facial-rose-water\/","title":{"rendered":"T\u00f3nico facial Rose Water"},"content":{"rendered":"<div class=\"ng-tns-c3101833741-40\">\n<section id=\"processing-state-4\" class=\"processing-state_container is-gpi-avatar ng-tns-c3101833741-40 ng-trigger ng-trigger-processingStateShowHide ng-star-inserted is-done-processing\">\n<div id=\"processing-state-4-summary\" class=\"processing-state_details is-gpi-avatar ng-trigger ng-trigger-menuExpansion ng-tns-c3101833741-40 ng-star-inserted\" aria-hidden=\"true\">\n<div class=\"tool-summary ng-tns-c3101833741-40\">\n<div class=\"tool-summary-message ng-tns-c3101833741-40 gds-body-l ng-star-inserted\">\n<div><\/div>\n<div class=\"ng-tns-c3101833741-40\"><b data-path-to-node=\"11,0,0\" data-index-in-node=\"0\">1.Cierre de Poros:<\/b> Ayuda a dar una apariencia m\u00e1s lisa a la piel despu\u00e9s del lavado.<\/div>\n<\/div>\n<\/div>\n<\/div>\n<\/section>\n<\/div>\n<div class=\"response-content ng-tns-c500329121-39\">\n<div class=\"container\">\n<div id=\"model-response-message-contentr_31f26cf86365904b\" class=\"markdown markdown-main-panel enable-updated-hr-color\" dir=\"ltr\" aria-live=\"polite\" aria-busy=\"false\">\n<p data-path-to-node=\"11,1,0\"><b data-path-to-node=\"11,1,0\" data-index-in-node=\"0\">2.Preparaci\u00f3n de la Piel:<\/b> Elimina cualquier rastro de cal o impurezas del agua del grifo, dejando el rostro listo para recibir hidrataci\u00f3n.<\/p>\n<p data-path-to-node=\"11,2,0\"><b data-path-to-node=\"11,2,0\" data-index-in-node=\"0\">3.Aroma Relajante:<\/b> Su fragancia natural a rosas suele tener un efecto calmante no solo en la piel, sino tambi\u00e9n en el \u00e1nimo durante la rutina.<\/p>\n<h3 data-path-to-node=\"17\"><b data-path-to-node=\"17\" data-index-in-node=\"0\">C\u00f3mo usarlo<\/b><\/h3>\n<p data-path-to-node=\"18\">Apl\u00edcalo con un algod\u00f3n o directamente con las manos sobre el rostro limpio. <b data-path-to-node=\"18\" data-index-in-node=\"77\">Pro-tip:<\/b> Si lo guardas en la nevera, el efecto refrescante y descongestionante por las ma\u00f1anas ser\u00e1 incre\u00edble.<\/p>\n<\/div>\n<\/div>\n<\/div>","protected":false},"excerpt":{"rendered":"<p>Este es el <b data-path-to-node=\"0\" data-index-in-node=\"11\">Rose Water Facial Toner<\/b> de la marca <b data-path-to-node=\"0\" data-index-in-node=\"47\">the beauty dept.<\/b> Es la versi\u00f3n hermana del t\u00f3nico de cal\u00e9ndula que vimos antes, pero basado en uno de los ingredientes m\u00e1s cl\u00e1sicos y vers\u00e1tiles de la cosm\u00e9tica: el agua de rosas.<\/p>","protected":false},"featured_media":17105,"comment_status":"open","ping_status":"closed","template":"","meta":[],"product_brand":[],"product_cat":[355],"product_tag":[],"class_list":{"0":"post-17104","1":"product","2":"type-product","3":"status-publish","4":"has-post-thumbnail","6":"product_cat-cuidado-personal","7":"thunk-woo-product-list","8":"th-shop-mania-woo-hover-","9":"open-single-product-tab-horizontal","10":"open-shadow-","11":"open-shadow-hover-","12":"th-shop-mania-single-product-content-left","14":"first","15":"instock","16":"taxable","17":"shipping-taxable","18":"purchasable","19":"product-type-simple"},"_links":{"self":[{"href":"https:\/\/macketi.com\/en\/wp-json\/wp\/v2\/product\/17104","targetHints":{"allow":["GET"]}}],"collection":[{"href":"https:\/\/macketi.com\/en\/wp-json\/wp\/v2\/product"}],"about":[{"href":"https:\/\/macketi.com\/en\/wp-json\/wp\/v2\/types\/product"}],"replies":[{"embeddable":true,"href":"https:\/\/macketi.com\/en\/wp-json\/wp\/v2\/comments?post=17104"}],"wp:featuredmedia":[{"embeddable":true,"href":"https:\/\/macketi.com\/en\/wp-json\/wp\/v2\/media\/17105"}],"wp:attachment":[{"href":"https:\/\/macketi.com\/en\/wp-json\/wp\/v2\/media?parent=17104"}],"wp:term":[{"taxonomy":"product_brand","embeddable":true,"href":"https:\/\/macketi.com\/en\/wp-json\/wp\/v2\/product_brand?post=17104"},{"taxonomy":"product_cat","embeddable":true,"href":"https:\/\/macketi.com\/en\/wp-json\/wp\/v2\/product_cat?post=17104"},{"taxonomy":"product_tag","embeddable":true,"href":"https:\/\/macketi.com\/en\/wp-json\/wp\/v2\/product_tag?post=17104"}],"curies":[{"name":"wp","href":"https:\/\/api.w.org\/{rel}","templated":true}]}}