{"id":17098,"date":"2026-04-16T23:20:45","date_gmt":"2026-04-16T21:20:45","guid":{"rendered":"https:\/\/macketi.com\/?post_type=product&#038;p=17098"},"modified":"2026-04-16T23:20:46","modified_gmt":"2026-04-16T21:20:46","slug":"tonico-facial-revuele-2","status":"publish","type":"product","link":"https:\/\/macketi.com\/en\/product\/tonico-facial-revuele-2\/","title":{"rendered":"T\u00f3nico facial Revuele"},"content":{"rendered":"<p data-path-to-node=\"11,0,0\"><b data-path-to-node=\"11,0,0\" data-index-in-node=\"0\">-Hidrataci\u00f3n \u00abOn-the-spot\u00bb:<\/b> Al igual que el resto de la l\u00ednea, est\u00e1 dise\u00f1ado para dar un \u00abboost\u00bb de agua en cualquier momento.<\/p>\n<p data-path-to-node=\"11,1,0\"><b data-path-to-node=\"11,1,0\" data-index-in-node=\"0\">-Efecto Revitalizante:<\/b> Es excelente para despertar la piel por la ma\u00f1ana o para aliviar la sensaci\u00f3n de calor despu\u00e9s de hacer ejercicio o estar bajo el sol.<\/p>\n<p data-path-to-node=\"11,2,0\"><b data-path-to-node=\"11,2,0\" data-index-in-node=\"0\">-Multiusos:<\/b> Se puede usar antes de tu crema hidratante, despu\u00e9s del maquillaje para quitar el efecto \u00abpolvoriento\u00bb, o simplemente durante el d\u00eda para refrescarte.<\/p>","protected":false},"excerpt":{"rendered":"<p>Este es el <b data-path-to-node=\"0\" data-index-in-node=\"11\">Revuele Refreshing Face Mist<\/b>, el compa\u00f1ero ideal si buscas una sensaci\u00f3n de frescura inmediata. A diferencia del anterior (que era para piel mixta), este tiene un enfoque m\u00e1s universal y calmante.<\/p>","protected":false},"featured_media":17099,"comment_status":"open","ping_status":"closed","template":"","meta":[],"product_brand":[],"product_cat":[355],"product_tag":[],"class_list":{"0":"post-17098","1":"product","2":"type-product","3":"status-publish","4":"has-post-thumbnail","6":"product_cat-cuidado-personal","7":"thunk-woo-product-list","8":"th-shop-mania-woo-hover-","9":"open-single-product-tab-horizontal","10":"open-shadow-","11":"open-shadow-hover-","12":"th-shop-mania-single-product-content-left","14":"first","15":"instock","16":"taxable","17":"shipping-taxable","18":"purchasable","19":"product-type-simple"},"_links":{"self":[{"href":"https:\/\/macketi.com\/en\/wp-json\/wp\/v2\/product\/17098","targetHints":{"allow":["GET"]}}],"collection":[{"href":"https:\/\/macketi.com\/en\/wp-json\/wp\/v2\/product"}],"about":[{"href":"https:\/\/macketi.com\/en\/wp-json\/wp\/v2\/types\/product"}],"replies":[{"embeddable":true,"href":"https:\/\/macketi.com\/en\/wp-json\/wp\/v2\/comments?post=17098"}],"wp:featuredmedia":[{"embeddable":true,"href":"https:\/\/macketi.com\/en\/wp-json\/wp\/v2\/media\/17099"}],"wp:attachment":[{"href":"https:\/\/macketi.com\/en\/wp-json\/wp\/v2\/media?parent=17098"}],"wp:term":[{"taxonomy":"product_brand","embeddable":true,"href":"https:\/\/macketi.com\/en\/wp-json\/wp\/v2\/product_brand?post=17098"},{"taxonomy":"product_cat","embeddable":true,"href":"https:\/\/macketi.com\/en\/wp-json\/wp\/v2\/product_cat?post=17098"},{"taxonomy":"product_tag","embeddable":true,"href":"https:\/\/macketi.com\/en\/wp-json\/wp\/v2\/product_tag?post=17098"}],"curies":[{"name":"wp","href":"https:\/\/api.w.org\/{rel}","templated":true}]}}