{"id":17089,"date":"2026-04-16T00:46:50","date_gmt":"2026-04-15T22:46:50","guid":{"rendered":"https:\/\/macketi.com\/?post_type=product&#038;p=17089"},"modified":"2026-04-16T09:12:34","modified_gmt":"2026-04-16T07:12:34","slug":"agua-micelar-con-vitamina-c-2","status":"publish","type":"product","link":"https:\/\/macketi.com\/en\/product\/agua-micelar-con-vitamina-c-2\/","title":{"rendered":"Agua Micelar con Vitamina C"},"content":{"rendered":"<p data-path-to-node=\"3,0,0\"><b data-path-to-node=\"3,0,0\" data-index-in-node=\"0\">-Acci\u00f3n 3 en 1:<\/b> Desmaquilla, limpia e ilumina la piel en un solo paso.<\/p>\n<p data-path-to-node=\"3,1,0\"><b data-path-to-node=\"3,1,0\" data-index-in-node=\"0\">-Ingrediente Clave:<\/b> Enriquecida con <b data-path-to-node=\"3,1,0\" data-index-in-node=\"35\">Vitamina Cg<\/b> (un derivado de la Vitamina C), que ayuda a combatir la piel apagada y el tono irregular.<\/p>\n<p data-path-to-node=\"3,2,0\"><b data-path-to-node=\"3,2,0\" data-index-in-node=\"0\">-Uso vers\u00e1til:<\/b> Es apta para usar en todo el rostro, incluyendo <b data-path-to-node=\"3,2,0\" data-index-in-node=\"62\">ojos y labios<\/b>, sin necesidad de frotar fuertemente.<\/p>\n<p data-path-to-node=\"3,3,0\"><b data-path-to-node=\"3,3,0\" data-index-in-node=\"0\">-F\u00f3rmula Suave:<\/b> Es <b data-path-to-node=\"3,3,0\" data-index-in-node=\"18\">hipoalerg\u00e9nica<\/b> y ha sido testada dermatol\u00f3gica y oftalmol\u00f3gicamente, lo que la hace segura para personas con piel sensible o que usan lentes de contacto.<\/p>\n<h3 data-path-to-node=\"5\"><b data-path-to-node=\"5\" data-index-in-node=\"0\">Tipo de Piel<\/b><\/h3>\n<p data-path-to-node=\"6,0,0\">-Est\u00e1 especialmente formulada para <b data-path-to-node=\"6,0,0\" data-index-in-node=\"34\">pieles apagadas o con tono no uniforme<\/b> que buscan un extra de vitalidad y frescura tras la limpieza.<\/p>\n<hr data-path-to-node=\"7\" \/>\n<h3 data-path-to-node=\"8\"><b data-path-to-node=\"8\" data-index-in-node=\"0\">Compromiso Ambiental y \u00c9tico<\/b><\/h3>\n<p data-path-to-node=\"9,0,0\"><b data-path-to-node=\"9,0,0\" data-index-in-node=\"0\">-Cruelty Free:<\/b> Cuenta con la certificaci\u00f3n de <i data-path-to-node=\"9,0,0\" data-index-in-node=\"45\">Cruelty Free International<\/i>.<\/p>\n<p data-path-to-node=\"9,1,0\"><b data-path-to-node=\"9,1,0\" data-index-in-node=\"0\">-Sustentabilidad:<\/b> La botella est\u00e1 fabricada con pl\u00e1stico <b data-path-to-node=\"9,1,0\" data-index-in-node=\"56\">100% reciclado<\/b> (exceptuando el tap\u00f3n y colorantes), reforzando la l\u00ednea ecol\u00f3gica de la marca.<\/p>\n<h3 data-path-to-node=\"10\"><b data-path-to-node=\"10\" data-index-in-node=\"0\">Modo de Empleo<\/b><\/h3>\n<p data-path-to-node=\"11\">Se aplica con un disco de algod\u00f3n (preferiblemente reutilizable) sobre el rostro sin necesidad de aclarar con agua despu\u00e9s, lo que la hace ideal para una rutina de limpieza r\u00e1pida y efectiva.<\/p>","protected":false},"excerpt":{"rendered":"<p>-Acci\u00f3n 3 en 1: Desmaquilla, limpia e ilumina la piel en un solo paso. -Ingrediente Clave: Enriquecida con Vitamina Cg (un derivado de la Vitamina C), que ayuda a combatir la piel apagada y el tono irregular. -Uso vers\u00e1til: Es apta para usar en todo el rostro, incluyendo ojos y labios, sin necesidad de frotar &hellip;<\/p>\n<p class=\"read-more\"> <a class=\"thunk-readmore button\" href=\"https:\/\/macketi.com\/en\/product\/agua-micelar-con-vitamina-c-2\/\"> <span class=\"screen-reader-text\">Agua Micelar con Vitamina C<\/span>Read More<\/a><\/p>","protected":false},"featured_media":17090,"comment_status":"open","ping_status":"closed","template":"","meta":[],"product_brand":[],"product_cat":[355],"product_tag":[],"class_list":{"0":"post-17089","1":"product","2":"type-product","3":"status-publish","4":"has-post-thumbnail","6":"product_cat-cuidado-personal","7":"thunk-woo-product-list","8":"th-shop-mania-woo-hover-","9":"open-single-product-tab-horizontal","10":"open-shadow-","11":"open-shadow-hover-","12":"th-shop-mania-single-product-content-left","14":"first","15":"instock","16":"taxable","17":"shipping-taxable","18":"purchasable","19":"product-type-simple"},"_links":{"self":[{"href":"https:\/\/macketi.com\/en\/wp-json\/wp\/v2\/product\/17089","targetHints":{"allow":["GET"]}}],"collection":[{"href":"https:\/\/macketi.com\/en\/wp-json\/wp\/v2\/product"}],"about":[{"href":"https:\/\/macketi.com\/en\/wp-json\/wp\/v2\/types\/product"}],"replies":[{"embeddable":true,"href":"https:\/\/macketi.com\/en\/wp-json\/wp\/v2\/comments?post=17089"}],"wp:featuredmedia":[{"embeddable":true,"href":"https:\/\/macketi.com\/en\/wp-json\/wp\/v2\/media\/17090"}],"wp:attachment":[{"href":"https:\/\/macketi.com\/en\/wp-json\/wp\/v2\/media?parent=17089"}],"wp:term":[{"taxonomy":"product_brand","embeddable":true,"href":"https:\/\/macketi.com\/en\/wp-json\/wp\/v2\/product_brand?post=17089"},{"taxonomy":"product_cat","embeddable":true,"href":"https:\/\/macketi.com\/en\/wp-json\/wp\/v2\/product_cat?post=17089"},{"taxonomy":"product_tag","embeddable":true,"href":"https:\/\/macketi.com\/en\/wp-json\/wp\/v2\/product_tag?post=17089"}],"curies":[{"name":"wp","href":"https:\/\/api.w.org\/{rel}","templated":true}]}}