{"id":17067,"date":"2026-04-15T17:23:03","date_gmt":"2026-04-15T15:23:03","guid":{"rendered":"https:\/\/macketi.com\/?post_type=product&#038;p=17067"},"modified":"2026-04-15T17:23:03","modified_gmt":"2026-04-15T15:23:03","slug":"limpiador-facial","status":"publish","type":"product","link":"https:\/\/macketi.com\/en\/product\/limpiador-facial\/","title":{"rendered":"Limpiador facial"},"content":{"rendered":"<ul>\n<li>\n<p data-path-to-node=\"6,0,0\"><b data-path-to-node=\"6,0,0\" data-index-in-node=\"0\">Control de Grasa:<\/b> Ayuda a absorber el exceso de sebo durante el d\u00eda.<\/p>\n<\/li>\n<li>\n<p data-path-to-node=\"6,1,0\"><b data-path-to-node=\"6,1,0\" data-index-in-node=\"0\">Limpieza de Poros:<\/b> Reduce la apariencia de los puntos negros y ayuda a limpiar los poros obstruidos.<\/p>\n<\/li>\n<li>\n<p data-path-to-node=\"6,2,0\"><b data-path-to-node=\"6,2,0\" data-index-in-node=\"0\">F\u00f3rmula Respetuosa:<\/b> Es libre de alcohol y fragancias, lo que reduce el riesgo de irritaci\u00f3n. Adem\u00e1s, es una f\u00f3rmula <b data-path-to-node=\"6,2,0\" data-index-in-node=\"116\">vegana<\/b><\/p>\n<h2 data-path-to-node=\"8\"><b data-path-to-node=\"8\" data-index-in-node=\"0\">\u00bfPara qui\u00e9n es ideal?<\/b><\/h2>\n<p data-path-to-node=\"9\">Est\u00e1 formulado para <b data-path-to-node=\"9\" data-index-in-node=\"20\">pieles con tendencia a imperfecciones<\/b> (<i data-path-to-node=\"9\" data-index-in-node=\"59\">blemish prone skin<\/i>). Es excelente si sufres de brotes ocasionales, puntos negros o si sientes que tu piel produce demasiada grasa.<\/p>\n<h2 data-path-to-node=\"11\"><b data-path-to-node=\"11\" data-index-in-node=\"0\">Modo de Uso<\/b><\/h2>\n<ol start=\"1\" data-path-to-node=\"12\">\n<li>\n<p data-path-to-node=\"12,0,0\">Humedece tu rostro con agua tibia.<\/p>\n<\/li>\n<li>\n<p data-path-to-node=\"12,1,0\">Aplica una peque\u00f1a cantidad del gel en tus manos y masajea suavemente sobre la piel con movimientos circulares.<\/p>\n<\/li>\n<li>\n<p data-path-to-node=\"12,2,0\">Enjuaga con abundante agua.<\/p>\n<\/li>\n<li>\n<p data-path-to-node=\"12,3,0\">\u00dasalo ma\u00f1ana y noche como el <b data-path-to-node=\"12,3,0\" data-index-in-node=\"29\">primer paso<\/b> de tu rutina de cuidado facial.<\/p>\n<\/li>\n<\/ol>\n<blockquote data-path-to-node=\"13\">\n<p data-path-to-node=\"13,0\"><b data-path-to-node=\"13,0\" data-index-in-node=\"0\">Tip de experto:<\/b> Al contener \u00c1cido Salic\u00edlico, este limpiador es el compa\u00f1ero perfecto para el <b data-path-to-node=\"13,0\" data-index-in-node=\"94\">T\u00f3nico de \u00c1rbol de T\u00e9<\/b> que me mostraste primero si buscas un tratamiento intensivo contra el acn\u00e9, o puedes combinarlo con el <b data-path-to-node=\"13,0\" data-index-in-node=\"219\">T\u00f3nico de Vitamina C<\/b> para equilibrar la limpieza profunda con un toque de luminosidad.<\/p>\n<\/blockquote>\n<\/li>\n<\/ul>","protected":false},"excerpt":{"rendered":"<p>Este producto es el <b data-path-to-node=\"0\" data-index-in-node=\"20\">Cleansing Face Wash<\/b> de la marca <b data-path-to-node=\"0\" data-index-in-node=\"52\">The Skin Dr.<\/b>, un limpiador facial dise\u00f1ado espec\u00edficamente para tratar pieles con imperfecciones o tendencia grasa. Es una opci\u00f3n muy equilibrada porque combina limpieza profunda con protecci\u00f3n de la barrera cut\u00e1nea.<\/p>","protected":false},"featured_media":17068,"comment_status":"open","ping_status":"closed","template":"","meta":[],"product_brand":[],"product_cat":[281],"product_tag":[],"class_list":{"0":"post-17067","1":"product","2":"type-product","3":"status-publish","4":"has-post-thumbnail","6":"product_cat-belleza-y-cuidado-personal","7":"thunk-woo-product-list","8":"th-shop-mania-woo-hover-","9":"open-single-product-tab-horizontal","10":"open-shadow-","11":"open-shadow-hover-","12":"th-shop-mania-single-product-content-left","14":"first","15":"instock","16":"taxable","17":"shipping-taxable","18":"purchasable","19":"product-type-simple"},"_links":{"self":[{"href":"https:\/\/macketi.com\/en\/wp-json\/wp\/v2\/product\/17067","targetHints":{"allow":["GET"]}}],"collection":[{"href":"https:\/\/macketi.com\/en\/wp-json\/wp\/v2\/product"}],"about":[{"href":"https:\/\/macketi.com\/en\/wp-json\/wp\/v2\/types\/product"}],"replies":[{"embeddable":true,"href":"https:\/\/macketi.com\/en\/wp-json\/wp\/v2\/comments?post=17067"}],"wp:featuredmedia":[{"embeddable":true,"href":"https:\/\/macketi.com\/en\/wp-json\/wp\/v2\/media\/17068"}],"wp:attachment":[{"href":"https:\/\/macketi.com\/en\/wp-json\/wp\/v2\/media?parent=17067"}],"wp:term":[{"taxonomy":"product_brand","embeddable":true,"href":"https:\/\/macketi.com\/en\/wp-json\/wp\/v2\/product_brand?post=17067"},{"taxonomy":"product_cat","embeddable":true,"href":"https:\/\/macketi.com\/en\/wp-json\/wp\/v2\/product_cat?post=17067"},{"taxonomy":"product_tag","embeddable":true,"href":"https:\/\/macketi.com\/en\/wp-json\/wp\/v2\/product_tag?post=17067"}],"curies":[{"name":"wp","href":"https:\/\/api.w.org\/{rel}","templated":true}]}}