{"id":17065,"date":"2026-04-15T17:14:29","date_gmt":"2026-04-15T15:14:29","guid":{"rendered":"https:\/\/macketi.com\/?post_type=product&#038;p=17065"},"modified":"2026-04-15T17:14:30","modified_gmt":"2026-04-15T15:14:30","slug":"tonico-con-vitamina-c","status":"publish","type":"product","link":"https:\/\/macketi.com\/en\/product\/tonico-con-vitamina-c\/","title":{"rendered":"T\u00f3nico con Vitamina C"},"content":{"rendered":"<div class=\"ng-tns-c2570666052-22\">\n<section id=\"processing-state-1\" class=\"processing-state_container is-gpi-avatar ng-tns-c2570666052-22 ng-trigger ng-trigger-processingStateShowHide ng-star-inserted is-done-processing\">\n<div id=\"processing-state-1-summary\" class=\"processing-state_details is-gpi-avatar ng-trigger ng-trigger-menuExpansion ng-tns-c2570666052-22 ng-star-inserted\" aria-hidden=\"true\">\n<ul>\n<li><b data-path-to-node=\"3,0,0\" data-index-in-node=\"0\">Nombre:<\/b> Vitamin C Toner.<\/li>\n<\/ul>\n<\/div>\n<\/section>\n<\/div>\n<div class=\"response-content ng-tns-c1557328052-21\">\n<div class=\"container\">\n<div id=\"model-response-message-contentr_13ed4e08a21bb5ad\" class=\"markdown markdown-main-panel enable-updated-hr-color\" dir=\"ltr\" aria-live=\"polite\" aria-busy=\"false\">\n<ul data-path-to-node=\"3\">\n<li>\n<p data-path-to-node=\"3,1,0\"><b data-path-to-node=\"3,1,0\" data-index-in-node=\"0\">Marca:<\/b> Revuele.<\/p>\n<\/li>\n<li>\n<p data-path-to-node=\"3,2,0\"><b data-path-to-node=\"3,2,0\" data-index-in-node=\"0\">Formato:<\/b> Bote de 200 ml.<\/p>\n<\/li>\n<li>\n<p data-path-to-node=\"3,3,0\"><b data-path-to-node=\"3,3,0\" data-index-in-node=\"0\">Objetivo:<\/b> Iluminador y refrescante (<i data-path-to-node=\"3,3,0\" data-index-in-node=\"36\">Brightening &amp; Refreshing<\/i>).<\/p>\n<\/li>\n<\/ul>\n<hr data-path-to-node=\"4\" \/>\n<h2 data-path-to-node=\"5\"><b data-path-to-node=\"5\" data-index-in-node=\"0\">\u00bfPara qu\u00e9 sirve?<\/b><\/h2>\n<p data-path-to-node=\"6\">Este t\u00f3nico est\u00e1 dise\u00f1ado para pieles que se ven <b data-path-to-node=\"6\" data-index-in-node=\"49\">cansadas, apagadas o con un tono desigual<\/b>. Sus funciones principales son:<\/p>\n<ul data-path-to-node=\"7\">\n<li>\n<p data-path-to-node=\"7,0,0\"><b data-path-to-node=\"7,0,0\" data-index-in-node=\"0\">Aportar luminosidad:<\/b> La Vitamina C es un potente antioxidante que ayuda a \u00abdespertar\u00bb el brillo natural de la cara.<\/p>\n<\/li>\n<li>\n<p data-path-to-node=\"7,1,0\"><b data-path-to-node=\"7,1,0\" data-index-in-node=\"0\">Unificar el tono:<\/b> Ayuda a reducir visualmente las manchas o peque\u00f1as decoloraciones con el uso constante.<\/p>\n<\/li>\n<li>\n<p data-path-to-node=\"7,2,0\"><b data-path-to-node=\"7,2,0\" data-index-in-node=\"0\">Protecci\u00f3n antioxidante:<\/b> Combate los radicales libres causados por la contaminaci\u00f3n y el sol.<\/p>\n<\/li>\n<\/ul>\n<\/div>\n<\/div>\n<\/div>","protected":false},"excerpt":{"rendered":"<p>Este producto es el <b data-path-to-node=\"0\" data-index-in-node=\"20\">Vitamin C Toner<\/b> (T\u00f3nico con Vitamina C) de la marca <b data-path-to-node=\"0\" data-index-in-node=\"72\">Revuele<\/b>, perteneciente a su l\u00ednea <i data-path-to-node=\"0\" data-index-in-node=\"106\">Skin Elements<\/i>. A diferencia del anterior (que era purificante), este se enfoca en la <b data-path-to-node=\"0\" data-index-in-node=\"191\">luminosidad<\/b>.<\/p>","protected":false},"featured_media":17066,"comment_status":"open","ping_status":"closed","template":"","meta":[],"product_brand":[],"product_cat":[281],"product_tag":[],"class_list":{"0":"post-17065","1":"product","2":"type-product","3":"status-publish","4":"has-post-thumbnail","6":"product_cat-belleza-y-cuidado-personal","7":"thunk-woo-product-list","8":"th-shop-mania-woo-hover-","9":"open-single-product-tab-horizontal","10":"open-shadow-","11":"open-shadow-hover-","12":"th-shop-mania-single-product-content-left","14":"first","15":"instock","16":"taxable","17":"shipping-taxable","18":"purchasable","19":"product-type-simple"},"_links":{"self":[{"href":"https:\/\/macketi.com\/en\/wp-json\/wp\/v2\/product\/17065","targetHints":{"allow":["GET"]}}],"collection":[{"href":"https:\/\/macketi.com\/en\/wp-json\/wp\/v2\/product"}],"about":[{"href":"https:\/\/macketi.com\/en\/wp-json\/wp\/v2\/types\/product"}],"replies":[{"embeddable":true,"href":"https:\/\/macketi.com\/en\/wp-json\/wp\/v2\/comments?post=17065"}],"wp:featuredmedia":[{"embeddable":true,"href":"https:\/\/macketi.com\/en\/wp-json\/wp\/v2\/media\/17066"}],"wp:attachment":[{"href":"https:\/\/macketi.com\/en\/wp-json\/wp\/v2\/media?parent=17065"}],"wp:term":[{"taxonomy":"product_brand","embeddable":true,"href":"https:\/\/macketi.com\/en\/wp-json\/wp\/v2\/product_brand?post=17065"},{"taxonomy":"product_cat","embeddable":true,"href":"https:\/\/macketi.com\/en\/wp-json\/wp\/v2\/product_cat?post=17065"},{"taxonomy":"product_tag","embeddable":true,"href":"https:\/\/macketi.com\/en\/wp-json\/wp\/v2\/product_tag?post=17065"}],"curies":[{"name":"wp","href":"https:\/\/api.w.org\/{rel}","templated":true}]}}