{"id":17059,"date":"2026-04-15T13:21:18","date_gmt":"2026-04-15T11:21:18","guid":{"rendered":"https:\/\/macketi.com\/?post_type=product&#038;p=17059"},"modified":"2026-04-15T13:32:19","modified_gmt":"2026-04-15T11:32:19","slug":"tonico-facial-vitamina-c-niacinamida","status":"publish","type":"product","link":"https:\/\/macketi.com\/en\/product\/tonico-facial-vitamina-c-niacinamida\/","title":{"rendered":"T\u00f3nico Facial Vitamina C &amp; Niacinamida"},"content":{"rendered":"<p data-path-to-node=\"4\">Este t\u00f3nico combina dos de los ingredientes m\u00e1s populares en el cuidado de la piel actual:<\/p>\n<p data-path-to-node=\"5,0,0\"><b data-path-to-node=\"5,0,0\" data-index-in-node=\"0\">-Vitamina C:<\/b> Act\u00faa como un potente <b data-path-to-node=\"5,0,0\" data-index-in-node=\"34\">antioxidante<\/b>. Ayuda a unificar el tono de la piel, aporta mucha luminosidad y protege contra los radicales libres.<\/p>\n<p data-path-to-node=\"5,1,0\"><b data-path-to-node=\"5,1,0\" data-index-in-node=\"0\">-Niacinamida (Vitamina B3):<\/b> Es un ingrediente multifunci\u00f3n que ayuda a calmar rojeces, regula la producci\u00f3n de grasa, mejora la apariencia de los poros y refuerza la barrera cut\u00e1nea.<\/p>","protected":false},"excerpt":{"rendered":"<p>Este producto es el <b data-path-to-node=\"0\" data-index-in-node=\"20\">T\u00f3nico Facial Vitamina C &amp; Niacinamida<\/b> de la l\u00ednea <b data-path-to-node=\"0\" data-index-in-node=\"71\">Facial Clean<\/b> de <b data-path-to-node=\"0\" data-index-in-node=\"87\">Deliplus<\/b> (la marca propia de cosm\u00e9tica de Mercadona). Es un t\u00f3nico pensado para revitalizar la piel y mejorar su textura.<\/p>","protected":false},"featured_media":17060,"comment_status":"open","ping_status":"closed","template":"","meta":[],"product_brand":[],"product_cat":[281],"product_tag":[],"class_list":{"0":"post-17059","1":"product","2":"type-product","3":"status-publish","4":"has-post-thumbnail","6":"product_cat-belleza-y-cuidado-personal","7":"thunk-woo-product-list","8":"th-shop-mania-woo-hover-","9":"open-single-product-tab-horizontal","10":"open-shadow-","11":"open-shadow-hover-","12":"th-shop-mania-single-product-content-left","14":"first","15":"instock","16":"downloadable","17":"taxable","18":"shipping-taxable","19":"purchasable","20":"product-type-simple"},"_links":{"self":[{"href":"https:\/\/macketi.com\/en\/wp-json\/wp\/v2\/product\/17059","targetHints":{"allow":["GET"]}}],"collection":[{"href":"https:\/\/macketi.com\/en\/wp-json\/wp\/v2\/product"}],"about":[{"href":"https:\/\/macketi.com\/en\/wp-json\/wp\/v2\/types\/product"}],"replies":[{"embeddable":true,"href":"https:\/\/macketi.com\/en\/wp-json\/wp\/v2\/comments?post=17059"}],"wp:featuredmedia":[{"embeddable":true,"href":"https:\/\/macketi.com\/en\/wp-json\/wp\/v2\/media\/17060"}],"wp:attachment":[{"href":"https:\/\/macketi.com\/en\/wp-json\/wp\/v2\/media?parent=17059"}],"wp:term":[{"taxonomy":"product_brand","embeddable":true,"href":"https:\/\/macketi.com\/en\/wp-json\/wp\/v2\/product_brand?post=17059"},{"taxonomy":"product_cat","embeddable":true,"href":"https:\/\/macketi.com\/en\/wp-json\/wp\/v2\/product_cat?post=17059"},{"taxonomy":"product_tag","embeddable":true,"href":"https:\/\/macketi.com\/en\/wp-json\/wp\/v2\/product_tag?post=17059"}],"curies":[{"name":"wp","href":"https:\/\/api.w.org\/{rel}","templated":true}]}}