{"id":17037,"date":"2026-04-14T19:13:14","date_gmt":"2026-04-14T17:13:14","guid":{"rendered":"https:\/\/macketi.com\/?post_type=product&#038;p=17037"},"modified":"2026-04-15T00:36:01","modified_gmt":"2026-04-14T22:36:01","slug":"botas-de-futbol-adidas-predator-24","status":"publish","type":"product","link":"https:\/\/macketi.com\/en\/product\/botas-de-futbol-adidas-predator-24\/","title":{"rendered":"Botas de f\u00fatbol Adidas Predator 24"},"content":{"rendered":"<p data-path-to-node=\"6,0,0\"><b data-path-to-node=\"6,0,0\" data-index-in-node=\"0\">-Tecnolog\u00eda Strikeskin:<\/b> Se pueden apreciar las aletas de caucho estrat\u00e9gicamente colocadas en la zona de golpeo (el empeine). Estas est\u00e1n dise\u00f1adas para maximizar el <b data-path-to-node=\"6,0,0\" data-index-in-node=\"165\">agarre y el efecto (spin)<\/b> al patear el bal\u00f3n.<\/p>\n<p data-path-to-node=\"6,1,0\"><b data-path-to-node=\"6,1,0\" data-index-in-node=\"0\">-Carcasa HybridTouch 2.0:<\/b> El material sint\u00e9tico de la parte superior es muy suave y ligero, imitando el tacto del cuero natural pero con mayor durabilidad y menor absorci\u00f3n de agua.<\/p>\n<p data-path-to-node=\"6,2,0\"><b data-path-to-node=\"6,2,0\" data-index-in-node=\"0\">-Suela Controlframe 2.0:<\/b> La placa de la suela (que se ve en la parte inferior de la imagen) est\u00e1 dise\u00f1ada para ofrecer estabilidad en giros r\u00e1pidos. Los tacos son <b data-path-to-node=\"6,2,0\" data-index-in-node=\"162\">FG (Firm Ground)<\/b>, ideales para c\u00e9sped natural seco o artificial de \u00faltima generaci\u00f3n.<\/p>","protected":false},"excerpt":{"rendered":"<p>Estas son las <b data-path-to-node=\"0\" data-index-in-node=\"14\">Adidas Predator 24<\/b>, una de las versiones m\u00e1s ic\u00f3nicas y modernas de la l\u00ednea de calzado de f\u00fatbol m\u00e1s famosa de la marca. Este modelo en particular rinde homenaje a la est\u00e9tica cl\u00e1sica de los a\u00f1os 90 pero con tecnolog\u00eda de punta.<\/p>","protected":false},"featured_media":16979,"comment_status":"open","ping_status":"closed","template":"","meta":[],"product_brand":[649],"product_cat":[263],"product_tag":[],"class_list":{"0":"post-17037","1":"product","2":"type-product","3":"status-publish","4":"has-post-thumbnail","6":"product_brand-adidas","7":"product_cat-oferta-del-dia","8":"pa_talla-453","9":"thunk-woo-product-list","10":"th-shop-mania-woo-hover-","11":"open-single-product-tab-horizontal","12":"open-shadow-","13":"open-shadow-hover-","14":"th-shop-mania-single-product-content-left","16":"first","17":"instock","18":"sale","19":"taxable","20":"shipping-taxable","21":"purchasable","22":"product-type-variable","23":"has-default-attributes"},"_links":{"self":[{"href":"https:\/\/macketi.com\/en\/wp-json\/wp\/v2\/product\/17037","targetHints":{"allow":["GET"]}}],"collection":[{"href":"https:\/\/macketi.com\/en\/wp-json\/wp\/v2\/product"}],"about":[{"href":"https:\/\/macketi.com\/en\/wp-json\/wp\/v2\/types\/product"}],"replies":[{"embeddable":true,"href":"https:\/\/macketi.com\/en\/wp-json\/wp\/v2\/comments?post=17037"}],"wp:featuredmedia":[{"embeddable":true,"href":"https:\/\/macketi.com\/en\/wp-json\/wp\/v2\/media\/16979"}],"wp:attachment":[{"href":"https:\/\/macketi.com\/en\/wp-json\/wp\/v2\/media?parent=17037"}],"wp:term":[{"taxonomy":"product_brand","embeddable":true,"href":"https:\/\/macketi.com\/en\/wp-json\/wp\/v2\/product_brand?post=17037"},{"taxonomy":"product_cat","embeddable":true,"href":"https:\/\/macketi.com\/en\/wp-json\/wp\/v2\/product_cat?post=17037"},{"taxonomy":"product_tag","embeddable":true,"href":"https:\/\/macketi.com\/en\/wp-json\/wp\/v2\/product_tag?post=17037"}],"curies":[{"name":"wp","href":"https:\/\/api.w.org\/{rel}","templated":true}]}}