{"id":16942,"date":"2026-04-11T15:09:04","date_gmt":"2026-04-11T13:09:04","guid":{"rendered":"https:\/\/macketi.com\/?post_type=product&#038;p=16942"},"modified":"2026-04-12T19:15:58","modified_gmt":"2026-04-12T17:15:58","slug":"cerveza-molen-de-1l","status":"publish","type":"product","link":"https:\/\/macketi.com\/en\/product\/cerveza-molen-de-1l\/","title":{"rendered":"Cerveza Molen de 1L"},"content":{"rendered":"<p data-path-to-node=\"9,0,0\"><b data-path-to-node=\"9,0,0\" data-index-in-node=\"0\">*Aspecto:<\/b> Color dorado claro, transparente y con una burbuja fina.<\/p>\n<p data-path-to-node=\"9,1,0\"><b data-path-to-node=\"9,1,0\" data-index-in-node=\"0\">*Sabor:<\/b> Es una cerveza equilibrada, con un amargor suave y notas ligeras de malta. Est\u00e1 dise\u00f1ada para ser refrescante y f\u00e1cil de tomar.<\/p>\n<p data-path-to-node=\"9,2,0\"><b data-path-to-node=\"9,2,0\" data-index-in-node=\"0\">*Maridaje:<\/b> Ideal para acompa\u00f1ar comidas ligeras, carnes blancas, pizzas o botanas saladas.<\/p>","protected":false},"excerpt":{"rendered":"<p data-path-to-node=\"5,0,0\"><b data-path-to-node=\"5,0,0\" data-index-in-node=\"0\">* Marca:<\/b> Molen Bier.<\/p>\n<p data-path-to-node=\"5,1,0\"><b data-path-to-node=\"5,1,0\" data-index-in-node=\"0\">*Logotipo:<\/b> Destaca la silueta de un <b data-path-to-node=\"5,1,0\" data-index-in-node=\"35\">molino de viento<\/b> tradicional (haciendo referencia al nombre \u00abMolen\u00bb, que significa molino en neerland\u00e9s), encerrado en un emblema circular con bordes detallados.<\/p>\n<p data-path-to-node=\"5,2,0\"><b data-path-to-node=\"5,2,0\" data-index-in-node=\"0\">*Tipo de Cerveza:<\/b> Lager (indicado claramente en la parte inferior de la etiqueta central).<\/p>\n<p data-path-to-node=\"5,3,0\"><b data-path-to-node=\"5,3,0\" data-index-in-node=\"0\">*Colores:<\/b> La etiqueta utiliza una combinaci\u00f3n de <b data-path-to-node=\"5,3,0\" data-index-in-node=\"48\">verde vibrante, blanco y negro<\/b>, lo que le da un aspecto fresco y tradicional.<\/p>\n<p data-path-to-node=\"5,4,0\"><b data-path-to-node=\"5,4,0\" data-index-in-node=\"0\">*Presentaci\u00f3n:<\/b> Botella de formato grande (posiblemente de 1 litro o 940 ml, com\u00fan en este tipo de envases retornables o de gran tama\u00f1o) con tapa corona met\u00e1lica.<\/p>","protected":false},"featured_media":16943,"comment_status":"open","ping_status":"closed","template":"","meta":[],"product_brand":[],"product_cat":[636],"product_tag":[],"class_list":{"0":"post-16942","1":"product","2":"type-product","3":"status-publish","4":"has-post-thumbnail","6":"product_cat-bebida","7":"thunk-woo-product-list","8":"th-shop-mania-woo-hover-","9":"open-single-product-tab-horizontal","10":"open-shadow-","11":"open-shadow-hover-","12":"th-shop-mania-single-product-content-left","14":"first","15":"instock","16":"downloadable","17":"taxable","18":"shipping-taxable","19":"purchasable","20":"product-type-simple"},"_links":{"self":[{"href":"https:\/\/macketi.com\/en\/wp-json\/wp\/v2\/product\/16942","targetHints":{"allow":["GET"]}}],"collection":[{"href":"https:\/\/macketi.com\/en\/wp-json\/wp\/v2\/product"}],"about":[{"href":"https:\/\/macketi.com\/en\/wp-json\/wp\/v2\/types\/product"}],"replies":[{"embeddable":true,"href":"https:\/\/macketi.com\/en\/wp-json\/wp\/v2\/comments?post=16942"}],"wp:featuredmedia":[{"embeddable":true,"href":"https:\/\/macketi.com\/en\/wp-json\/wp\/v2\/media\/16943"}],"wp:attachment":[{"href":"https:\/\/macketi.com\/en\/wp-json\/wp\/v2\/media?parent=16942"}],"wp:term":[{"taxonomy":"product_brand","embeddable":true,"href":"https:\/\/macketi.com\/en\/wp-json\/wp\/v2\/product_brand?post=16942"},{"taxonomy":"product_cat","embeddable":true,"href":"https:\/\/macketi.com\/en\/wp-json\/wp\/v2\/product_cat?post=16942"},{"taxonomy":"product_tag","embeddable":true,"href":"https:\/\/macketi.com\/en\/wp-json\/wp\/v2\/product_tag?post=16942"}],"curies":[{"name":"wp","href":"https:\/\/api.w.org\/{rel}","templated":true}]}}