{"id":16533,"date":"2026-04-06T19:22:13","date_gmt":"2026-04-06T17:22:13","guid":{"rendered":"https:\/\/macketi.com\/?post_type=product&#038;p=16533"},"modified":"2026-04-06T19:23:20","modified_gmt":"2026-04-06T17:23:20","slug":"ordenador-portatil-hp-elitebook-serie-800-g5-g6","status":"publish","type":"product","link":"https:\/\/macketi.com\/en\/product\/ordenador-portatil-hp-elitebook-serie-800-g5-g6\/","title":{"rendered":"Ordenador port\u00e1til HP EliteBook (Serie 800 G5\/G6)"},"content":{"rendered":"<p data-path-to-node=\"9,0,0\"><b data-path-to-node=\"9,0,0\" data-index-in-node=\"0\">* Pantalla:<\/b> Panel de alta definici\u00f3n con biseles laterales delgados. La imagen muestra una interfaz de <b data-path-to-node=\"9,0,0\" data-index-in-node=\"101\">Windows 11<\/b>.<\/p>\n<p data-path-to-node=\"9,1,0\"><b data-path-to-node=\"9,1,0\" data-index-in-node=\"0\">*Procesador:<\/b> Cuenta con una etiqueta de <b data-path-to-node=\"9,1,0\" data-index-in-node=\"39\">Intel Core<\/b> (probablemente i5 o i7 de 8va generaci\u00f3n, dada la est\u00e9tica del chasis G5\/G6).<\/p>\n<p data-path-to-node=\"9,2,0\"><b data-path-to-node=\"9,2,0\" data-index-in-node=\"0\">*Audio:<\/b> Los altavoces est\u00e1n situados en la parte superior del teclado, firmados habitualmente por <b data-path-to-node=\"9,2,0\" data-index-in-node=\"97\">Bang &amp; Olufsen<\/b>, lo que garantiza una calidad de sonido superior para videoconferencias.<\/p>","protected":false},"excerpt":{"rendered":"<p>Se trata de una computadora port\u00e1til de gama premium, dise\u00f1ada para profesionales que buscan durabilidad, seguridad y un dise\u00f1o elegante y ligero.<\/p>","protected":false},"featured_media":16534,"comment_status":"open","ping_status":"closed","template":"","meta":[],"product_brand":[644],"product_cat":[291],"product_tag":[],"class_list":{"0":"post-16533","1":"product","2":"type-product","3":"status-publish","4":"has-post-thumbnail","6":"product_brand-hp","7":"product_cat-ordenadores","8":"thunk-woo-product-list","9":"th-shop-mania-woo-hover-","10":"open-single-product-tab-horizontal","11":"open-shadow-","12":"open-shadow-hover-","13":"th-shop-mania-single-product-content-left","15":"first","16":"instock","17":"taxable","18":"shipping-taxable","19":"purchasable","20":"product-type-simple"},"_links":{"self":[{"href":"https:\/\/macketi.com\/en\/wp-json\/wp\/v2\/product\/16533","targetHints":{"allow":["GET"]}}],"collection":[{"href":"https:\/\/macketi.com\/en\/wp-json\/wp\/v2\/product"}],"about":[{"href":"https:\/\/macketi.com\/en\/wp-json\/wp\/v2\/types\/product"}],"replies":[{"embeddable":true,"href":"https:\/\/macketi.com\/en\/wp-json\/wp\/v2\/comments?post=16533"}],"wp:featuredmedia":[{"embeddable":true,"href":"https:\/\/macketi.com\/en\/wp-json\/wp\/v2\/media\/16534"}],"wp:attachment":[{"href":"https:\/\/macketi.com\/en\/wp-json\/wp\/v2\/media?parent=16533"}],"wp:term":[{"taxonomy":"product_brand","embeddable":true,"href":"https:\/\/macketi.com\/en\/wp-json\/wp\/v2\/product_brand?post=16533"},{"taxonomy":"product_cat","embeddable":true,"href":"https:\/\/macketi.com\/en\/wp-json\/wp\/v2\/product_cat?post=16533"},{"taxonomy":"product_tag","embeddable":true,"href":"https:\/\/macketi.com\/en\/wp-json\/wp\/v2\/product_tag?post=16533"}],"curies":[{"name":"wp","href":"https:\/\/api.w.org\/{rel}","templated":true}]}}