{"id":16494,"date":"2026-04-03T14:06:39","date_gmt":"2026-04-03T12:06:39","guid":{"rendered":"https:\/\/macketi.com\/?post_type=product&#038;p=16494"},"modified":"2026-04-04T16:56:02","modified_gmt":"2026-04-04T14:56:02","slug":"perfume-de-mujer-zara-vibrant-leather-eau-de-parfum","status":"publish","type":"product","link":"https:\/\/macketi.com\/en\/product\/perfume-de-mujer-zara-vibrant-leather-eau-de-parfum\/","title":{"rendered":"Perfume de mujer ZARA Vibrant Leather Eau de Parfum"},"content":{"rendered":"<table data-path-to-node=\"12\">\n<thead>\n<tr>\n<td><strong>Caracter\u00edstica<\/strong><\/td>\n<td><strong>Zara Vibrant Leather (Original)<\/strong><\/td>\n<\/tr>\n<\/thead>\n<tbody>\n<tr>\n<td><span data-path-to-node=\"12,1,0,0\"><b data-path-to-node=\"12,1,0,0\" data-index-in-node=\"0\">Estilo<\/b><\/span><\/td>\n<td><span data-path-to-node=\"12,1,1,0\">Fresco, C\u00edtrico, Amaderado<\/span><\/td>\n<\/tr>\n<tr>\n<td><span data-path-to-node=\"12,2,0,0\"><b data-path-to-node=\"12,2,0,0\" data-index-in-node=\"0\">Duraci\u00f3n<\/b><\/span><\/td>\n<td><span data-path-to-node=\"12,2,1,0\">Moderada (4 a 5 horas)<\/span><\/td>\n<\/tr>\n<tr>\n<td><span data-path-to-node=\"12,3,0,0\"><b data-path-to-node=\"12,3,0,0\" data-index-in-node=\"0\">Proyecci\u00f3n<\/b><\/span><\/td>\n<td><span data-path-to-node=\"12,3,1,0\">Moderada<\/span><\/td>\n<\/tr>\n<tr>\n<td><span data-path-to-node=\"12,4,0,0\"><b data-path-to-node=\"12,4,0,0\" data-index-in-node=\"0\">Puntuaci\u00f3n Popular<\/b><\/span><\/td>\n<td><span data-path-to-node=\"12,4,1,0\">9\/10 por su versatilidad<\/span><\/td>\n<\/tr>\n<\/tbody>\n<\/table>","protected":false},"excerpt":{"rendered":"<p>Este es el <b data-path-to-node=\"0\" data-index-in-node=\"11\">Vibrant Leather Eau de Parfum<\/b>, el \u00abbuque insignia\u00bb de la perfumer\u00eda de Zara y, posiblemente, su fragancia m\u00e1s vendida de todos los tiempos. Es un perfume que ha ganado fama mundial por su incre\u00edble parecido con fragancias de lujo de nicho.<\/p>","protected":false},"featured_media":16495,"comment_status":"open","ping_status":"closed","template":"","meta":[],"product_brand":[505],"product_cat":[489],"product_tag":[],"class_list":{"0":"post-16494","1":"product","2":"type-product","3":"status-publish","4":"has-post-thumbnail","6":"product_brand-zara","7":"product_cat-perfumes","8":"thunk-woo-product-list","9":"th-shop-mania-woo-hover-","10":"open-single-product-tab-horizontal","11":"open-shadow-","12":"open-shadow-hover-","13":"th-shop-mania-single-product-content-left","15":"first","16":"outofstock","17":"downloadable","18":"taxable","19":"shipping-taxable","20":"purchasable","21":"product-type-simple"},"aioseo_notices":[],"_links":{"self":[{"href":"https:\/\/macketi.com\/en\/wp-json\/wp\/v2\/product\/16494","targetHints":{"allow":["GET"]}}],"collection":[{"href":"https:\/\/macketi.com\/en\/wp-json\/wp\/v2\/product"}],"about":[{"href":"https:\/\/macketi.com\/en\/wp-json\/wp\/v2\/types\/product"}],"replies":[{"embeddable":true,"href":"https:\/\/macketi.com\/en\/wp-json\/wp\/v2\/comments?post=16494"}],"wp:featuredmedia":[{"embeddable":true,"href":"https:\/\/macketi.com\/en\/wp-json\/wp\/v2\/media\/16495"}],"wp:attachment":[{"href":"https:\/\/macketi.com\/en\/wp-json\/wp\/v2\/media?parent=16494"}],"wp:term":[{"taxonomy":"product_brand","embeddable":true,"href":"https:\/\/macketi.com\/en\/wp-json\/wp\/v2\/product_brand?post=16494"},{"taxonomy":"product_cat","embeddable":true,"href":"https:\/\/macketi.com\/en\/wp-json\/wp\/v2\/product_cat?post=16494"},{"taxonomy":"product_tag","embeddable":true,"href":"https:\/\/macketi.com\/en\/wp-json\/wp\/v2\/product_tag?post=16494"}],"curies":[{"name":"wp","href":"https:\/\/api.w.org\/{rel}","templated":true}]}}