{"id":16491,"date":"2026-04-03T13:57:01","date_gmt":"2026-04-03T11:57:01","guid":{"rendered":"https:\/\/macketi.com\/?post_type=product&#038;p=16491"},"modified":"2026-04-04T01:32:06","modified_gmt":"2026-04-03T23:32:06","slug":"perfume-de-mujer-zara-oud-vibrant-leather","status":"publish","type":"product","link":"https:\/\/macketi.com\/en\/product\/perfume-de-mujer-zara-oud-vibrant-leather\/","title":{"rendered":"Perfume de mujer ZARA Oud Vibrant Leather"},"content":{"rendered":"<table data-path-to-node=\"11\">\n<thead>\n<tr>\n<td><strong>Caracter\u00edstica<\/strong><\/td>\n<td><strong>Zara Oud Vibrant Leather<\/strong><\/td>\n<\/tr>\n<\/thead>\n<tbody>\n<tr>\n<td><span data-path-to-node=\"11,1,0,0\"><b data-path-to-node=\"11,1,0,0\" data-index-in-node=\"0\">Vibe<\/b><\/span><\/td>\n<td><span data-path-to-node=\"11,1,1,0\">Sofisticado, ahumado, elegante<\/span><\/td>\n<\/tr>\n<tr>\n<td><span data-path-to-node=\"11,2,0,0\"><b data-path-to-node=\"11,2,0,0\" data-index-in-node=\"0\">Dificultad<\/b><\/span><\/td>\n<td><span data-path-to-node=\"11,2,1,0\">Moderada (el Oud es un gusto adquirido)<\/span><\/td>\n<\/tr>\n<tr>\n<td><span data-path-to-node=\"11,3,0,0\"><b data-path-to-node=\"11,3,0,0\" data-index-in-node=\"0\">Proyecci\u00f3n<\/b><\/span><\/td>\n<td><span data-path-to-node=\"11,3,1,0\">Buena durante las primeras 2 horas<\/span><\/td>\n<\/tr>\n<tr>\n<td><span data-path-to-node=\"11,4,0,0\"><b data-path-to-node=\"11,4,0,0\" data-index-in-node=\"0\">Similitud<\/b><\/span><\/td>\n<td><span data-path-to-node=\"11,4,1,0\">Mezcla el estilo de <i data-path-to-node=\"11,4,1,0\" data-index-in-node=\"20\">Aventus<\/i> con toques de <i data-path-to-node=\"11,4,1,0\" data-index-in-node=\"42\">Oud Wood<\/i><\/span><\/td>\n<\/tr>\n<\/tbody>\n<\/table>","protected":false},"excerpt":{"rendered":"<div class=\"ng-tns-c2297597427-22\">\n<section id=\"processing-state-1\" class=\"processing-state_container is-gpi-avatar ng-tns-c2297597427-22 ng-trigger ng-trigger-processingStateShowHide ng-star-inserted is-done-processing\">\n<div id=\"processing-state-1-summary\" class=\"processing-state_details is-gpi-avatar ng-trigger ng-trigger-menuExpansion ng-tns-c2297597427-22 ng-star-inserted\" aria-hidden=\"true\">\n<div class=\"tool-summary ng-tns-c2297597427-22\">\n<div class=\"tool-summary-message ng-tns-c2297597427-22 gds-body-l ng-star-inserted\">\n<div class=\"ng-tns-c2297597427-22\">Este es el <b data-path-to-node=\"0\" data-index-in-node=\"11\">Oud Vibrant Leather<\/b> de Zara, considerado por muchos cr\u00edticos y usuarios como una de las mejores creaciones dentro de la l\u00ednea de alta perfumer\u00eda de la marca. Es una variante m\u00e1s ex\u00f3tica y sofisticada del <i data-path-to-node=\"0\" data-index-in-node=\"215\">Vibrant Leather<\/i> original.<\/div>\n<\/div>\n<\/div>\n<\/div>\n<\/section>\n<\/div>","protected":false},"featured_media":16492,"comment_status":"open","ping_status":"closed","template":"","meta":[],"product_brand":[505],"product_cat":[489],"product_tag":[],"class_list":{"0":"post-16491","1":"product","2":"type-product","3":"status-publish","4":"has-post-thumbnail","6":"product_brand-zara","7":"product_cat-perfumes","8":"thunk-woo-product-list","9":"th-shop-mania-woo-hover-","10":"open-single-product-tab-horizontal","11":"open-shadow-","12":"open-shadow-hover-","13":"th-shop-mania-single-product-content-left","15":"first","16":"instock","17":"downloadable","18":"taxable","19":"shipping-taxable","20":"purchasable","21":"product-type-simple"},"aioseo_notices":[],"_links":{"self":[{"href":"https:\/\/macketi.com\/en\/wp-json\/wp\/v2\/product\/16491","targetHints":{"allow":["GET"]}}],"collection":[{"href":"https:\/\/macketi.com\/en\/wp-json\/wp\/v2\/product"}],"about":[{"href":"https:\/\/macketi.com\/en\/wp-json\/wp\/v2\/types\/product"}],"replies":[{"embeddable":true,"href":"https:\/\/macketi.com\/en\/wp-json\/wp\/v2\/comments?post=16491"}],"wp:featuredmedia":[{"embeddable":true,"href":"https:\/\/macketi.com\/en\/wp-json\/wp\/v2\/media\/16492"}],"wp:attachment":[{"href":"https:\/\/macketi.com\/en\/wp-json\/wp\/v2\/media?parent=16491"}],"wp:term":[{"taxonomy":"product_brand","embeddable":true,"href":"https:\/\/macketi.com\/en\/wp-json\/wp\/v2\/product_brand?post=16491"},{"taxonomy":"product_cat","embeddable":true,"href":"https:\/\/macketi.com\/en\/wp-json\/wp\/v2\/product_cat?post=16491"},{"taxonomy":"product_tag","embeddable":true,"href":"https:\/\/macketi.com\/en\/wp-json\/wp\/v2\/product_tag?post=16491"}],"curies":[{"name":"wp","href":"https:\/\/api.w.org\/{rel}","templated":true}]}}