{"id":16489,"date":"2026-04-03T13:48:29","date_gmt":"2026-04-03T11:48:29","guid":{"rendered":"https:\/\/macketi.com\/?post_type=product&#038;p=16489"},"modified":"2026-04-03T13:48:30","modified_gmt":"2026-04-03T11:48:30","slug":"perfume-de-hombre-zara-man-gold","status":"publish","type":"product","link":"https:\/\/macketi.com\/en\/product\/perfume-de-hombre-zara-man-gold\/","title":{"rendered":"Perfume de hombre Zara Man Gold"},"content":{"rendered":"<p><span data-path-to-node=\"10,1,0,0\"><b data-path-to-node=\"10,1,0,0\" data-index-in-node=\"0\">Intensidad: <\/b><\/span><span data-path-to-node=\"10,1,1,0\">Moderada<\/span><\/p>\n<p><span data-path-to-node=\"10,2,0,0\"><b data-path-to-node=\"10,2,0,0\" data-index-in-node=\"0\">Duraci\u00f3n: <\/b><\/span><span data-path-to-node=\"10,2,1,0\">Aproximadamente 4 a 6 horas (dependiendo de la piel)<\/span><\/p>\n<p><span data-path-to-node=\"10,3,0,0\"><b data-path-to-node=\"10,3,0,0\" data-index-in-node=\"0\">P\u00fablico: <\/b><\/span><span data-path-to-node=\"10,3,1,0\">Hombres que buscan un aroma dulce y seductor<\/span><\/p>","protected":false},"excerpt":{"rendered":"<p>Este producto es la fragancia <b data-path-to-node=\"0\" data-index-in-node=\"30\">Zara Man Gold<\/b>, una de las opciones m\u00e1s populares y reconocibles de la l\u00ednea de perfumer\u00eda masculina de Zara. Se caracteriza por ser un aroma c\u00e1lido, nocturno y con una excelente relaci\u00f3n calidad-precio.<\/p>","protected":false},"featured_media":16490,"comment_status":"open","ping_status":"closed","template":"","meta":[],"product_brand":[505],"product_cat":[489],"product_tag":[],"class_list":{"0":"post-16489","1":"product","2":"type-product","3":"status-publish","4":"has-post-thumbnail","6":"product_brand-zara","7":"product_cat-perfumes","8":"thunk-woo-product-list","9":"th-shop-mania-woo-hover-","10":"open-single-product-tab-horizontal","11":"open-shadow-","12":"open-shadow-hover-","13":"th-shop-mania-single-product-content-left","15":"first","16":"instock","17":"taxable","18":"shipping-taxable","19":"purchasable","20":"product-type-simple"},"aioseo_notices":[],"_links":{"self":[{"href":"https:\/\/macketi.com\/en\/wp-json\/wp\/v2\/product\/16489","targetHints":{"allow":["GET"]}}],"collection":[{"href":"https:\/\/macketi.com\/en\/wp-json\/wp\/v2\/product"}],"about":[{"href":"https:\/\/macketi.com\/en\/wp-json\/wp\/v2\/types\/product"}],"replies":[{"embeddable":true,"href":"https:\/\/macketi.com\/en\/wp-json\/wp\/v2\/comments?post=16489"}],"wp:featuredmedia":[{"embeddable":true,"href":"https:\/\/macketi.com\/en\/wp-json\/wp\/v2\/media\/16490"}],"wp:attachment":[{"href":"https:\/\/macketi.com\/en\/wp-json\/wp\/v2\/media?parent=16489"}],"wp:term":[{"taxonomy":"product_brand","embeddable":true,"href":"https:\/\/macketi.com\/en\/wp-json\/wp\/v2\/product_brand?post=16489"},{"taxonomy":"product_cat","embeddable":true,"href":"https:\/\/macketi.com\/en\/wp-json\/wp\/v2\/product_cat?post=16489"},{"taxonomy":"product_tag","embeddable":true,"href":"https:\/\/macketi.com\/en\/wp-json\/wp\/v2\/product_tag?post=16489"}],"curies":[{"name":"wp","href":"https:\/\/api.w.org\/{rel}","templated":true}]}}